{"id":2762,"date":"2015-03-25T10:50:13","date_gmt":"2015-03-25T10:50:13","guid":{"rendered":"https:\/\/ewisee.eu\/glosario\/"},"modified":"2024-09-10T15:46:51","modified_gmt":"2024-09-10T15:46:51","slug":"glosario","status":"publish","type":"page","link":"https:\/\/ewisee.eu\/es\/glosario\/","title":{"rendered":"Glosario"},"content":{"rendered":"\n<p>El Glosario E-WISEE pretende destacar y facilitar v\u00edas espec\u00edficas de pensamiento fuera de la percepci\u00f3n estereotipada de la educaci\u00f3n afectivo-sexual. El objetivo es servir de gu\u00eda y herramienta \u00fatil a la hora de abordar este tema. Puede ayudar a los educadores potenciales a hablar sobre temas err\u00f3neamente percibidos como tab\u00fa, como los derechos humanos y sus afirmaciones.   <\/p>\n\n\n\n<p><strong>Las 5 categor\u00edas de t\u00e9rminos<\/strong><\/p>\n\n\n\n<p>El Glosario est\u00e1 dividido en cinco categor\u00edas, cada una de ellas relacionada con un tema diferente, aunque relevante, de la educaci\u00f3n afectivo-sexual.<\/p>\n\n\n\n<p>Cada categor\u00eda abarca un aspecto importante del tema, contiene t\u00e9rminos variados y destaca el mayor n\u00famero posible de secciones. En el Glosario, el usuario puede encontrar t\u00e9rminos b\u00e1sicos y complementarios y competencias educativas que pueden facilitar la aplicaci\u00f3n de estrategias educativas integradoras. Las categor\u00edas no se presentan de forma jer\u00e1rquica, sino que pueden percibirse como partes iguales y din\u00e1micas de una misma \u00abecuaci\u00f3n\u00bb. Por tanto, en busca de comodidad, las categor\u00edas se enumerar\u00e1n a continuaci\u00f3n:   <\/p>\n\n\n<a target=\"_self\" class=\"button small hot pink\" href=\"\/es\/terminos-lgbtqia\/\">T\u00c9RMINOS LGBTQIA+<\/a>\n\n\n<a target=\"_self\" class=\"button small hot pink\" href=\"\/es\/terminos-relacionados-con-el-sexo\/\">T\u00c9RMINOS RELACIONADOS CON EL SEXO<\/a>\n\n\n<a target=\"_self\" class=\"button small hot pink\" href=\"\/es\/terminos-relacionados-con-el-genero\/\">T\u00c9RMINOS RELACIONADOS CON EL G\u00c9NERO<\/a>\n\n\n<a target=\"_self\" class=\"button small hot pink\" href=\"\/es\/comportamientos-abusivos\/\">COMPORTAMIENTOS ABUSIVOS<\/a>\n\n\n<a target=\"_self\" class=\"button small hot pink\" href=\"\/es\/educacion-inclusiva\/\">EDUCACI\u00d3N INCLUSIVA<\/a>\n","protected":false},"excerpt":{"rendered":"<p>El Glosario E-WISEE pretende destacar y facilitar v\u00edas espec\u00edficas de pensamiento fuera de la percepci\u00f3n estereotipada de la educaci\u00f3n afectivo-sexual. El objetivo es servir de gu\u00eda y herramienta \u00fatil a la hora de abordar este tema. Puede ayudar a los educadores potenciales a hablar sobre temas err\u00f3neamente percibidos como tab\u00fa, como los derechos humanos y&#8230;<\/p>\n","protected":false},"author":6,"featured_media":0,"parent":0,"menu_order":0,"comment_status":"open","ping_status":"closed","template":"","meta":{"footnotes":""},"class_list":["post-2762","page","type-page","status-publish","hentry"],"jetpack_sharing_enabled":true,"jetpack-related-posts":[],"_links":{"self":[{"href":"https:\/\/ewisee.eu\/es\/wp-json\/wp\/v2\/pages\/2762","targetHints":{"allow":["GET"]}}],"collection":[{"href":"https:\/\/ewisee.eu\/es\/wp-json\/wp\/v2\/pages"}],"about":[{"href":"https:\/\/ewisee.eu\/es\/wp-json\/wp\/v2\/types\/page"}],"author":[{"embeddable":true,"href":"https:\/\/ewisee.eu\/es\/wp-json\/wp\/v2\/users\/6"}],"replies":[{"embeddable":true,"href":"https:\/\/ewisee.eu\/es\/wp-json\/wp\/v2\/comments?post=2762"}],"version-history":[{"count":9,"href":"https:\/\/ewisee.eu\/es\/wp-json\/wp\/v2\/pages\/2762\/revisions"}],"predecessor-version":[{"id":4261,"href":"https:\/\/ewisee.eu\/es\/wp-json\/wp\/v2\/pages\/2762\/revisions\/4261"}],"wp:attachment":[{"href":"https:\/\/ewisee.eu\/es\/wp-json\/wp\/v2\/media?parent=2762"}],"curies":[{"name":"wp","href":"https:\/\/api.w.org\/{rel}","templated":true}]}}