{"id":2820,"date":"2024-04-15T00:45:12","date_gmt":"2024-04-15T00:45:12","guid":{"rendered":"https:\/\/ewisee.eu\/educacion-inclusiva\/"},"modified":"2024-09-10T20:28:23","modified_gmt":"2024-09-10T20:28:23","slug":"educacion-inclusiva","status":"publish","type":"page","link":"https:\/\/ewisee.eu\/es\/educacion-inclusiva\/","title":{"rendered":"Educaci\u00f3n Inclusiva"},"content":{"rendered":"\n<p>Esta categor\u00eda contiene de forma anal\u00edtica un listado de habilidades que es necesario cultivar y estrategias para que educadores, especialistas, ni\u00f1os y padres act\u00faen hacia la aceptaci\u00f3n y la educaci\u00f3n afectivo-sexual inclusiva.<\/p>\n\n\n<a target=\"_self\" class=\"button small hot pink\" href=\"\/es\/inclusion-inclusividad\/\">Inclusi\u00f3n\/Inclusividad <\/a>\n\n\n<a target=\"_self\" class=\"button small hot pink\" href=\"\/es\/lenguaje-inclusivo\/\">Lenguaje Inclusivo<\/a>\n\n\n<a target=\"_self\" class=\"button small hot pink\" href=\"\/es\/educacion-inclusiva-2\/\">Educaci\u00f3n Inclusiva<\/a>\n\n\n<a target=\"_self\" class=\"button small hot pink\" href=\"\/es\/diversidad\/\">Diversidad<\/a>\n\n\n<a target=\"_self\" class=\"button small hot pink\" href=\"\/es\/igualdad\/\">Igualdad<\/a>\n\n\n<a target=\"_self\" class=\"button small hot pink\" href=\"\/es\/equidad\/\">Equidad<\/a>\n\n\n<a target=\"_self\" class=\"button small hot pink\" href=\"\/es\/interseccionalidad\/\">Interseccionalidad<\/a>\n\n\n<a target=\"_self\" class=\"button small hot pink\" href=\"\/es\/espacio-seguro-entornos-de-aprendizaje-seguros-y-afirmativos\/\">Espacio Seguro \/ Entornos de Aprendizaje Seguros y Afirmativos<\/a>\n\n\n<a target=\"_self\" class=\"button small hot pink\" href=\"\/es\/justicia-social\/\">Justicia Social<\/a>\n\n\n<a target=\"_self\" class=\"button small hot pink\" href=\"\/es\/accesibilidad\/\">Accesibilidad<\/a>\n\n\n<a target=\"_self\" class=\"button small hot pink\" href=\"\/es\/aliado-aliados\/\">Aliado \/ Aliados<\/a>\n\n\n<a target=\"_self\" class=\"button small hot pink\" href=\"\/es\/tipos-de-educacion-necesarios\/\">Tipos de Educaci\u00f3n Necesarios<\/a>\n\n\n<a target=\"_self\" class=\"button small hot pink\" href=\"\/es\/habilidades-y-actitudes-necesarias-para-el-cultivo-del-discurso-inclusivo-y-la-transformacion-del-lenguaje-abusivo-y-de-odio\/\">Habilidades y Actitudes necesarias para el Cultivo del Discurso Inclusivo y la Transformaci\u00f3n del Lenguaje Abusivo y de Odio<\/a>\n\n\n\n<div style=\"height:30px\" aria-hidden=\"true\" class=\"wp-block-spacer\"><\/div>\n\n\n<a target=\"_self\" class=\"button small grey\" href=\"\/es\/glosario\/\">Atr\u00e1s<\/a>\n","protected":false},"excerpt":{"rendered":"<p>Esta categor\u00eda contiene de forma anal\u00edtica un listado de habilidades que es necesario cultivar y estrategias para que educadores, especialistas, ni\u00f1os y padres act\u00faen hacia la aceptaci\u00f3n y la educaci\u00f3n afectivo-sexual inclusiva.<\/p>\n","protected":false},"author":6,"featured_media":0,"parent":0,"menu_order":0,"comment_status":"closed","ping_status":"closed","template":"t-team.php","meta":{"footnotes":""},"class_list":["post-2820","page","type-page","status-publish","hentry"],"jetpack_sharing_enabled":true,"jetpack-related-posts":[],"_links":{"self":[{"href":"https:\/\/ewisee.eu\/es\/wp-json\/wp\/v2\/pages\/2820","targetHints":{"allow":["GET"]}}],"collection":[{"href":"https:\/\/ewisee.eu\/es\/wp-json\/wp\/v2\/pages"}],"about":[{"href":"https:\/\/ewisee.eu\/es\/wp-json\/wp\/v2\/types\/page"}],"author":[{"embeddable":true,"href":"https:\/\/ewisee.eu\/es\/wp-json\/wp\/v2\/users\/6"}],"replies":[{"embeddable":true,"href":"https:\/\/ewisee.eu\/es\/wp-json\/wp\/v2\/comments?post=2820"}],"version-history":[{"count":18,"href":"https:\/\/ewisee.eu\/es\/wp-json\/wp\/v2\/pages\/2820\/revisions"}],"predecessor-version":[{"id":4372,"href":"https:\/\/ewisee.eu\/es\/wp-json\/wp\/v2\/pages\/2820\/revisions\/4372"}],"wp:attachment":[{"href":"https:\/\/ewisee.eu\/es\/wp-json\/wp\/v2\/media?parent=2820"}],"curies":[{"name":"wp","href":"https:\/\/api.w.org\/{rel}","templated":true}]}}