{"id":2909,"date":"2024-04-22T19:37:29","date_gmt":"2024-04-22T19:37:29","guid":{"rendered":"https:\/\/ewisee.eu\/asexual-asexualidad\/"},"modified":"2024-08-07T01:14:48","modified_gmt":"2024-08-07T01:14:48","slug":"asexual-asexualidad","status":"publish","type":"page","link":"https:\/\/ewisee.eu\/es\/asexual-asexualidad\/","title":{"rendered":"Asexual\/Asexualidad"},"content":{"rendered":"\n<p>Persona que no experimenta atracci\u00f3n sexual, pero puede experimentar otras formas de atracci\u00f3n (por ejemplo, intelectual y\/o emocional). Asexual podr\u00eda describirse como no sexual, pero la asexualidad es diferente del celibato, que es una elecci\u00f3n de no participar en comportamientos sexuales con otra persona. <\/p>\n\n\n\n<figure class=\"wp-block-image size-medium is-resized is-style-default\"><img loading=\"lazy\" decoding=\"async\" width=\"300\" height=\"180\" src=\"https:\/\/ewisee.eu\/wp-content\/uploads\/2024\/04\/Asexual-Pride-Flag-300x180.png\" alt=\"\" class=\"wp-image-1363\" style=\"width:200px\" srcset=\"https:\/\/ewisee.eu\/wp-content\/uploads\/2024\/04\/Asexual-Pride-Flag-300x180.png 300w, https:\/\/ewisee.eu\/wp-content\/uploads\/2024\/04\/Asexual-Pride-Flag-1024x614.png 1024w, https:\/\/ewisee.eu\/wp-content\/uploads\/2024\/04\/Asexual-Pride-Flag-768x461.png 768w, https:\/\/ewisee.eu\/wp-content\/uploads\/2024\/04\/Asexual-Pride-Flag-1536x922.png 1536w, https:\/\/ewisee.eu\/wp-content\/uploads\/2024\/04\/Asexual-Pride-Flag-2048x1229.png 2048w, https:\/\/ewisee.eu\/wp-content\/uploads\/2024\/04\/Asexual-Pride-Flag-1440x864.png 1440w, https:\/\/ewisee.eu\/wp-content\/uploads\/2024\/04\/Asexual-Pride-Flag-270x162.png 270w, https:\/\/ewisee.eu\/wp-content\/uploads\/2024\/04\/Asexual-Pride-Flag-1320x792.png 1320w\" sizes=\"auto, (max-width: 300px) 100vw, 300px\" \/><figcaption class=\"wp-element-caption\">Bandera del Orgullo Asexual <br>-Wikipedia<\/figcaption><\/figure>\n\n\n\n<div class=\"wp-block-group is-vertical is-layout-flex wp-container-core-group-is-layout-8cf370e7 wp-block-group-is-layout-flex\">\n<p><strong>Recursos (en ingl\u00e9s):<\/strong><\/p>\n\n\n\n<ul class=\"wp-block-list\">\n<li><a href=\"https:\/\/youtu.be\/i6A7UAH5fcY?feature=shared\" target=\"_blank\" rel=\"noreferrer noopener\"><strong>\u00bfQu\u00e9 significa ser asexual?<\/strong><\/a><\/li>\n\n\n\n<li><a href=\"https:\/\/youtu.be\/jmnxwplVkrE?feature=shared\" target=\"_blank\" rel=\"noreferrer noopener\"><strong>10 cosas que la gente no entiende sobre las personas asexuales<\/strong><\/a><\/li>\n\n\n\n<li><a href=\"https:\/\/youtu.be\/1tmF2x1yf3Q?feature=shared\" target=\"_blank\" rel=\"noreferrer noopener\"><strong>The Amazing Aces: Una charla sobre la asexualidad | Danika Vrtar | TEDxYouth@Dayton<\/strong><\/a><strong> <\/strong><\/li>\n<\/ul>\n<\/div>\n\n\n\n<div style=\"height:30px\" aria-hidden=\"true\" class=\"wp-block-spacer\"><\/div>\n\n\n<a target=\"_self\" class=\"button small grey\" href=\"\/es\/terminos-lgbtqia\/\">Atr\u00e1s<\/a>\n","protected":false},"excerpt":{"rendered":"<p>Persona que no experimenta atracci\u00f3n sexual, pero puede experimentar otras formas de atracci\u00f3n (por ejemplo, intelectual y\/o emocional). Asexual podr\u00eda describirse como no sexual, pero la asexualidad es diferente del celibato, que es una elecci\u00f3n de no participar en comportamientos sexuales con otra persona. Recursos (en ingl\u00e9s):<\/p>\n","protected":false},"author":6,"featured_media":0,"parent":0,"menu_order":0,"comment_status":"closed","ping_status":"closed","template":"t-team.php","meta":{"footnotes":""},"class_list":["post-2909","page","type-page","status-publish","hentry"],"jetpack_sharing_enabled":true,"jetpack-related-posts":[],"_links":{"self":[{"href":"https:\/\/ewisee.eu\/es\/wp-json\/wp\/v2\/pages\/2909","targetHints":{"allow":["GET"]}}],"collection":[{"href":"https:\/\/ewisee.eu\/es\/wp-json\/wp\/v2\/pages"}],"about":[{"href":"https:\/\/ewisee.eu\/es\/wp-json\/wp\/v2\/types\/page"}],"author":[{"embeddable":true,"href":"https:\/\/ewisee.eu\/es\/wp-json\/wp\/v2\/users\/6"}],"replies":[{"embeddable":true,"href":"https:\/\/ewisee.eu\/es\/wp-json\/wp\/v2\/comments?post=2909"}],"version-history":[{"count":6,"href":"https:\/\/ewisee.eu\/es\/wp-json\/wp\/v2\/pages\/2909\/revisions"}],"predecessor-version":[{"id":2925,"href":"https:\/\/ewisee.eu\/es\/wp-json\/wp\/v2\/pages\/2909\/revisions\/2925"}],"wp:attachment":[{"href":"https:\/\/ewisee.eu\/es\/wp-json\/wp\/v2\/media?parent=2909"}],"curies":[{"name":"wp","href":"https:\/\/api.w.org\/{rel}","templated":true}]}}