{"id":2932,"date":"2024-04-22T20:36:50","date_gmt":"2024-04-22T20:36:50","guid":{"rendered":"https:\/\/ewisee.eu\/gay\/"},"modified":"2024-08-07T01:29:15","modified_gmt":"2024-08-07T01:29:15","slug":"gay","status":"publish","type":"page","link":"https:\/\/ewisee.eu\/es\/gay\/","title":{"rendered":"Homosexual (Gay)"},"content":{"rendered":"\n<p>T\u00e9rmino general utilizado para designar a las personas que se sienten atra\u00eddas rom\u00e1ntica, emocional y\/o sexualmente por personas de su mismo sexo, aunque se asocia m\u00e1s com\u00fanmente con una persona que se identifica como hombre que se siente atra\u00eddo rom\u00e1ntica, emocional y\/o sexualmente por otros hombres.<\/p>\n\n\n\n<figure class=\"wp-block-image size-medium is-resized is-style-default\"><img loading=\"lazy\" decoding=\"async\" width=\"300\" height=\"180\" src=\"https:\/\/ewisee.eu\/wp-content\/uploads\/2024\/04\/Trans-Inclusive-Gay-Men-300x180.png\" alt=\"\" class=\"wp-image-1397\" style=\"width:200px\" srcset=\"https:\/\/ewisee.eu\/wp-content\/uploads\/2024\/04\/Trans-Inclusive-Gay-Men-300x180.png 300w, https:\/\/ewisee.eu\/wp-content\/uploads\/2024\/04\/Trans-Inclusive-Gay-Men-1024x614.png 1024w, https:\/\/ewisee.eu\/wp-content\/uploads\/2024\/04\/Trans-Inclusive-Gay-Men-768x461.png 768w, https:\/\/ewisee.eu\/wp-content\/uploads\/2024\/04\/Trans-Inclusive-Gay-Men-270x162.png 270w, https:\/\/ewisee.eu\/wp-content\/uploads\/2024\/04\/Trans-Inclusive-Gay-Men.png 1280w\" sizes=\"auto, (max-width: 300px) 100vw, 300px\" \/><figcaption class=\"wp-element-caption\">Bandera Trans Inclusiva de Hombres Gay<br>-Wikipedia<\/figcaption><\/figure>\n\n\n\n<div class=\"wp-block-group is-vertical is-layout-flex wp-container-core-group-is-layout-8cf370e7 wp-block-group-is-layout-flex\">\n<p><strong>Recursos (en ingl\u00e9s):<\/strong><\/p>\n\n\n\n<ul class=\"wp-block-list\">\n<li><a href=\"https:\/\/youtu.be\/yCIBp3YOIeM?feature=shared\" target=\"_blank\" rel=\"noreferrer noopener\"><strong>\u00bfEs mi hijo demasiado peque\u00f1o para aprender a ser gay? | Tim Ramsey | TEDxOxford <\/strong><\/a><\/li>\n\n\n\n<li><a href=\"https:\/\/youtu.be\/P5x5Fo7rMvY?feature=shared\" target=\"_blank\" rel=\"noreferrer noopener\"><strong>Explicaci\u00f3n de las orientaciones sexuales: Lesbianas, Gays, Heterosexuales y Bisexuales<\/strong><\/a><\/li>\n\n\n\n<li><a href=\"https:\/\/welcomingschools.org\/resources\/what-does-gay-mean\" target=\"_blank\" rel=\"noreferrer noopener\"><strong>\u00bfQu\u00e9 significa Gay?<\/strong><\/a><\/li>\n\n\n\n<li><a href=\"https:\/\/www.betterhealth.vic.gov.au\/health\/healthyliving\/gay-male-sexuality\" target=\"_blank\" rel=\"noreferrer noopener\"><strong>Sexualidad masculina gay<\/strong><\/a><strong> <\/strong><\/li>\n<\/ul>\n<\/div>\n\n\n\n<div style=\"height:30px\" aria-hidden=\"true\" class=\"wp-block-spacer\"><\/div>\n\n\n<a target=\"_self\" class=\"button small grey\" href=\"\/es\/terminos-lgbtqia\/\">Atr\u00e1s<\/a>\n\n\n\n<p><\/p>\n","protected":false},"excerpt":{"rendered":"<p>T\u00e9rmino general utilizado para designar a las personas que se sienten atra\u00eddas rom\u00e1ntica, emocional y\/o sexualmente por personas de su mismo sexo, aunque se asocia m\u00e1s com\u00fanmente con una persona que se identifica como hombre que se siente atra\u00eddo rom\u00e1ntica, emocional y\/o sexualmente por otros hombres. Recursos (en ingl\u00e9s):<\/p>\n","protected":false},"author":6,"featured_media":0,"parent":0,"menu_order":0,"comment_status":"closed","ping_status":"closed","template":"t-team.php","meta":{"footnotes":""},"class_list":["post-2932","page","type-page","status-publish","hentry"],"jetpack_sharing_enabled":true,"jetpack-related-posts":[],"_links":{"self":[{"href":"https:\/\/ewisee.eu\/es\/wp-json\/wp\/v2\/pages\/2932","targetHints":{"allow":["GET"]}}],"collection":[{"href":"https:\/\/ewisee.eu\/es\/wp-json\/wp\/v2\/pages"}],"about":[{"href":"https:\/\/ewisee.eu\/es\/wp-json\/wp\/v2\/types\/page"}],"author":[{"embeddable":true,"href":"https:\/\/ewisee.eu\/es\/wp-json\/wp\/v2\/users\/6"}],"replies":[{"embeddable":true,"href":"https:\/\/ewisee.eu\/es\/wp-json\/wp\/v2\/comments?post=2932"}],"version-history":[{"count":5,"href":"https:\/\/ewisee.eu\/es\/wp-json\/wp\/v2\/pages\/2932\/revisions"}],"predecessor-version":[{"id":2937,"href":"https:\/\/ewisee.eu\/es\/wp-json\/wp\/v2\/pages\/2932\/revisions\/2937"}],"wp:attachment":[{"href":"https:\/\/ewisee.eu\/es\/wp-json\/wp\/v2\/media?parent=2932"}],"curies":[{"name":"wp","href":"https:\/\/api.w.org\/{rel}","templated":true}]}}