{"id":2961,"date":"2024-04-22T21:12:09","date_gmt":"2024-04-22T21:12:09","guid":{"rendered":"https:\/\/ewisee.eu\/pansexual\/"},"modified":"2024-08-07T02:04:12","modified_gmt":"2024-08-07T02:04:12","slug":"pansexual","status":"publish","type":"page","link":"https:\/\/ewisee.eu\/es\/pansexual\/","title":{"rendered":"Pansexual"},"content":{"rendered":"\n<p>Persona que tiene el potencial de sentirse atra\u00edda rom\u00e1ntica, emocional y\/o sexualmente por otras personas, independientemente de su g\u00e9nero o identidad de g\u00e9nero, aunque no necesariamente de forma simult\u00e1nea, de la misma manera o en el mismo grado.<\/p>\n\n\n\n<figure class=\"wp-block-image size-medium is-resized is-style-default\"><img loading=\"lazy\" decoding=\"async\" width=\"300\" height=\"180\" src=\"https:\/\/ewisee.eu\/wp-content\/uploads\/2024\/04\/Pansexual-Pride-Flag-300x180.png\" alt=\"\" class=\"wp-image-1421\" style=\"width:200px\" srcset=\"https:\/\/ewisee.eu\/wp-content\/uploads\/2024\/04\/Pansexual-Pride-Flag-300x180.png 300w, https:\/\/ewisee.eu\/wp-content\/uploads\/2024\/04\/Pansexual-Pride-Flag-1024x614.png 1024w, https:\/\/ewisee.eu\/wp-content\/uploads\/2024\/04\/Pansexual-Pride-Flag-768x461.png 768w, https:\/\/ewisee.eu\/wp-content\/uploads\/2024\/04\/Pansexual-Pride-Flag-270x162.png 270w, https:\/\/ewisee.eu\/wp-content\/uploads\/2024\/04\/Pansexual-Pride-Flag.png 1200w\" sizes=\"auto, (max-width: 300px) 100vw, 300px\" \/><figcaption class=\"wp-element-caption\">Bandera del Orgullo Pansexual <br>-Wikipedia<\/figcaption><\/figure>\n\n\n\n<div class=\"wp-block-group is-vertical is-layout-flex wp-container-core-group-is-layout-8cf370e7 wp-block-group-is-layout-flex\">\n<p><strong>Recursos (en ingl\u00e9s):<\/strong><\/p>\n\n\n\n<ul class=\"wp-block-list\">\n<li><a href=\"https:\/\/youtu.be\/VfgxvUMGmUw?feature=shared\" target=\"_blank\" rel=\"noreferrer noopener\"><strong>\u00bfQu\u00e9 son pansexual y demisexual?<\/strong><\/a><strong>  <\/strong><\/li>\n\n\n\n<li><a href=\"https:\/\/www.webmd.com\/sex\/pansexuality-what-it-means\" target=\"_blank\" rel=\"noreferrer noopener\"><strong>Pansexualidad: \u00bfQu\u00e9 significa?<\/strong><\/a><strong> <\/strong><\/li>\n\n\n\n<li><a href=\"https:\/\/youtu.be\/x5P_xF1JuUk?feature=shared\" target=\"_blank\" rel=\"noreferrer noopener\"><strong>Bisexual vs. Pansexual: \u00bfCu\u00e1l es la diferencia?<\/strong><\/a><\/li>\n<\/ul>\n<\/div>\n\n\n\n<div style=\"height:30px\" aria-hidden=\"true\" class=\"wp-block-spacer\"><\/div>\n\n\n<a target=\"_self\" class=\"button small grey\" href=\"\/es\/terminos-lgbtqia\/\">Atr\u00e1s<\/a>\n","protected":false},"excerpt":{"rendered":"<p>Persona que tiene el potencial de sentirse atra\u00edda rom\u00e1ntica, emocional y\/o sexualmente por otras personas, independientemente de su g\u00e9nero o identidad de g\u00e9nero, aunque no necesariamente de forma simult\u00e1nea, de la misma manera o en el mismo grado. Recursos (en ingl\u00e9s):<\/p>\n","protected":false},"author":6,"featured_media":0,"parent":0,"menu_order":0,"comment_status":"closed","ping_status":"closed","template":"t-team.php","meta":{"footnotes":""},"class_list":["post-2961","page","type-page","status-publish","hentry"],"jetpack_sharing_enabled":true,"jetpack-related-posts":[],"_links":{"self":[{"href":"https:\/\/ewisee.eu\/es\/wp-json\/wp\/v2\/pages\/2961","targetHints":{"allow":["GET"]}}],"collection":[{"href":"https:\/\/ewisee.eu\/es\/wp-json\/wp\/v2\/pages"}],"about":[{"href":"https:\/\/ewisee.eu\/es\/wp-json\/wp\/v2\/types\/page"}],"author":[{"embeddable":true,"href":"https:\/\/ewisee.eu\/es\/wp-json\/wp\/v2\/users\/6"}],"replies":[{"embeddable":true,"href":"https:\/\/ewisee.eu\/es\/wp-json\/wp\/v2\/comments?post=2961"}],"version-history":[{"count":4,"href":"https:\/\/ewisee.eu\/es\/wp-json\/wp\/v2\/pages\/2961\/revisions"}],"predecessor-version":[{"id":2966,"href":"https:\/\/ewisee.eu\/es\/wp-json\/wp\/v2\/pages\/2961\/revisions\/2966"}],"wp:attachment":[{"href":"https:\/\/ewisee.eu\/es\/wp-json\/wp\/v2\/media?parent=2961"}],"curies":[{"name":"wp","href":"https:\/\/api.w.org\/{rel}","templated":true}]}}