{"id":2967,"date":"2024-04-22T21:22:20","date_gmt":"2024-04-22T21:22:20","guid":{"rendered":"https:\/\/ewisee.eu\/queer\/"},"modified":"2024-08-07T02:07:38","modified_gmt":"2024-08-07T02:07:38","slug":"queer","status":"publish","type":"page","link":"https:\/\/ewisee.eu\/es\/queer\/","title":{"rendered":"Queer"},"content":{"rendered":"\n<p>T\u00e9rmino general utilizado a menudo por las personas que no se ajustan a las normas sociales dominantes para expresar una orientaci\u00f3n sexual, identidad de g\u00e9nero o identidad sexual fluidas. Aunque hoy en d\u00eda se utiliza a menudo como t\u00e9rmino neutro o incluso positivo entre muchas personas LGBT, \u00abqueer\u00bb se utilizaba hist\u00f3ricamente como insulto despectivo. <\/p>\n\n\n\n<div class=\"wp-block-group is-vertical is-layout-flex wp-container-core-group-is-layout-8cf370e7 wp-block-group-is-layout-flex\">\n<p><strong>Recursos (en ingl\u00e9s):<\/strong><\/p>\n\n\n\n<ul class=\"wp-block-list\">\n<li><a href=\"https:\/\/www.them.us\/story\/what-does-queer-mean\" target=\"_blank\" rel=\"noreferrer noopener\"><strong>\u00bfQu\u00e9 significa Queer?<\/strong><\/a><\/li>\n\n\n\n<li><a href=\"https:\/\/youtu.be\/B4i3DHXroVM?feature=shared\" target=\"_blank\" rel=\"noreferrer noopener\"><strong>Gay vs Queer &#8211; \u00bfcu\u00e1l es la diferencia?<\/strong><\/a><\/li>\n\n\n\n<li><a href=\"https:\/\/youtu.be\/w447WOQZNNQ?feature=shared\" target=\"_blank\" rel=\"noreferrer noopener\"><strong>El C\u00f3digo Queer: Lenguajes secretos del arte LGBTQ<\/strong><\/a><\/li>\n<\/ul>\n<\/div>\n\n\n\n<div style=\"height:30px\" aria-hidden=\"true\" class=\"wp-block-spacer\"><\/div>\n\n\n<a target=\"_self\" class=\"button small grey\" href=\"\/es\/terminos-lgbtqia\/\">Atr\u00e1s<\/a>\n","protected":false},"excerpt":{"rendered":"<p>T\u00e9rmino general utilizado a menudo por las personas que no se ajustan a las normas sociales dominantes para expresar una orientaci\u00f3n sexual, identidad de g\u00e9nero o identidad sexual fluidas. Aunque hoy en d\u00eda se utiliza a menudo como t\u00e9rmino neutro o incluso positivo entre muchas personas LGBT, \u00abqueer\u00bb se utilizaba hist\u00f3ricamente como insulto despectivo. Recursos&#8230;<\/p>\n","protected":false},"author":6,"featured_media":0,"parent":0,"menu_order":0,"comment_status":"closed","ping_status":"closed","template":"t-team.php","meta":{"footnotes":""},"class_list":["post-2967","page","type-page","status-publish","hentry"],"jetpack_sharing_enabled":true,"jetpack-related-posts":[],"_links":{"self":[{"href":"https:\/\/ewisee.eu\/es\/wp-json\/wp\/v2\/pages\/2967","targetHints":{"allow":["GET"]}}],"collection":[{"href":"https:\/\/ewisee.eu\/es\/wp-json\/wp\/v2\/pages"}],"about":[{"href":"https:\/\/ewisee.eu\/es\/wp-json\/wp\/v2\/types\/page"}],"author":[{"embeddable":true,"href":"https:\/\/ewisee.eu\/es\/wp-json\/wp\/v2\/users\/6"}],"replies":[{"embeddable":true,"href":"https:\/\/ewisee.eu\/es\/wp-json\/wp\/v2\/comments?post=2967"}],"version-history":[{"count":4,"href":"https:\/\/ewisee.eu\/es\/wp-json\/wp\/v2\/pages\/2967\/revisions"}],"predecessor-version":[{"id":2971,"href":"https:\/\/ewisee.eu\/es\/wp-json\/wp\/v2\/pages\/2967\/revisions\/2971"}],"wp:attachment":[{"href":"https:\/\/ewisee.eu\/es\/wp-json\/wp\/v2\/media?parent=2967"}],"curies":[{"name":"wp","href":"https:\/\/api.w.org\/{rel}","templated":true}]}}