{"id":2972,"date":"2024-04-26T18:44:10","date_gmt":"2024-04-26T18:44:10","guid":{"rendered":"https:\/\/ewisee.eu\/transexual\/"},"modified":"2024-09-05T01:16:32","modified_gmt":"2024-09-05T01:16:32","slug":"transgenero","status":"publish","type":"page","link":"https:\/\/ewisee.eu\/es\/transgenero\/","title":{"rendered":"Transg\u00e9nero"},"content":{"rendered":"\n<p>Persona cuya identidad y\/o expresi\u00f3n de g\u00e9nero no coincide con el sexo que se le asign\u00f3 al nacer. Transg\u00e9nero se utiliza a menudo como t\u00e9rmino general que engloba un gran n\u00famero de identidades relacionadas con la no conformidad de g\u00e9nero.  <\/p>\n\n\n\n<p>(Para comprender mejor los elementos del t\u00e9rmino, consulta los siguientes t\u00e9rminos de la categor\u00eda \u00ab<a href=\"https:\/\/ewisee.eu\/es\/terminos-relacionados-con-el-genero\/\">T\u00e9rminos relacionados con el g\u00e9nero<\/a>\u00ab: <a href=\"https:\/\/ewisee.eu\/es\/genero\/\" data-type=\"link\" data-id=\"https:\/\/ewisee.eu\/es\/genero\/\">G\u00e9nero<\/a>, <a href=\"https:\/\/ewisee.eu\/es\/identidad-de-genero\/\" data-type=\"link\" data-id=\"https:\/\/ewisee.eu\/es\/identidad-de-genero\/\">Identidad de G\u00e9nero<\/a>, <a href=\"https:\/\/ewisee.eu\/es\/disforia-de-genero\/\">Disforia de G\u00e9nero<\/a>, <a href=\"https:\/\/ewisee.eu\/es\/cis-genero\/\" data-type=\"link\" data-id=\"https:\/\/ewisee.eu\/es\/cis-genero\/\">Cis-G\u00e9nero<\/a>).<\/p>\n\n\n\n<figure class=\"wp-block-image size-full is-resized\"><img loading=\"lazy\" decoding=\"async\" width=\"318\" height=\"159\" src=\"https:\/\/ewisee.eu\/wp-content\/uploads\/2024\/04\/Transgender-Pride-Flag.png\" alt=\"\" class=\"wp-image-1431\" style=\"width:200px\" srcset=\"https:\/\/ewisee.eu\/wp-content\/uploads\/2024\/04\/Transgender-Pride-Flag.png 318w, https:\/\/ewisee.eu\/wp-content\/uploads\/2024\/04\/Transgender-Pride-Flag-300x150.png 300w, https:\/\/ewisee.eu\/wp-content\/uploads\/2024\/04\/Transgender-Pride-Flag-270x135.png 270w\" sizes=\"auto, (max-width: 318px) 100vw, 318px\" \/><figcaption class=\"wp-element-caption\">Bandera del Orgullo Transg\u00e9nero<br>-Wikipedia<\/figcaption><\/figure>\n\n\n\n<p><strong>Recursos (en ingl\u00e9s):<\/strong><\/p>\n\n\n\n<ul class=\"wp-block-list\">\n<li><strong><a href=\"https:\/\/drive.google.com\/file\/d\/1Z-G153mJ7n0_oJM2FmaJqnN9BhILefFS\/view?usp=drive_link\" target=\"_blank\" rel=\"noreferrer noopener\">Galanou, M. Identidad y expresi\u00f3n de g\u00e9nero &#8211; Persona transexual<\/a>  <\/strong><\/li>\n\n\n\n<li><strong><a href=\"https:\/\/youtu.be\/uIuS-48tSpE?feature=shared\" target=\"_blank\" rel=\"noreferrer noopener\">Growing Up Trans (documental completo) | FRONTLINE<\/a> <\/strong><\/li>\n\n\n\n<li><strong><a href=\"https:\/\/youtu.be\/uLcIbjgnGlQ?feature=shared\" target=\"_blank\" rel=\"noreferrer noopener\">La ciencia de ser transexual<\/a> <\/strong><\/li>\n\n\n\n<li><a href=\"https:\/\/youtu.be\/RRpdhNTjyIc?feature=shared\" target=\"_blank\" rel=\"noreferrer noopener\"><strong>Un poco m\u00e1s azul &#8211; Una pel\u00edcula sobre la identidad de g\u00e9nero<\/strong><\/a><\/li>\n<\/ul>\n\n\n\n<div style=\"height:30px\" aria-hidden=\"true\" class=\"wp-block-spacer\"><\/div>\n\n\n<a target=\"_self\" class=\"button small grey\" href=\"\/es\/terminos-relacionados-con-el-genero\/\">Atr\u00e1s<\/a>\n","protected":false},"excerpt":{"rendered":"<p>Persona cuya identidad y\/o expresi\u00f3n de g\u00e9nero no coincide con el sexo que se le asign\u00f3 al nacer. Transg\u00e9nero se utiliza a menudo como t\u00e9rmino general que engloba un gran n\u00famero de identidades relacionadas con la no conformidad de g\u00e9nero. (Para comprender mejor los elementos del t\u00e9rmino, consulta los siguientes t\u00e9rminos de la categor\u00eda \u00abT\u00e9rminos&#8230;<\/p>\n","protected":false},"author":6,"featured_media":0,"parent":0,"menu_order":0,"comment_status":"closed","ping_status":"closed","template":"t-team.php","meta":{"footnotes":""},"class_list":["post-2972","page","type-page","status-publish","hentry"],"jetpack_sharing_enabled":true,"jetpack-related-posts":[],"_links":{"self":[{"href":"https:\/\/ewisee.eu\/es\/wp-json\/wp\/v2\/pages\/2972","targetHints":{"allow":["GET"]}}],"collection":[{"href":"https:\/\/ewisee.eu\/es\/wp-json\/wp\/v2\/pages"}],"about":[{"href":"https:\/\/ewisee.eu\/es\/wp-json\/wp\/v2\/types\/page"}],"author":[{"embeddable":true,"href":"https:\/\/ewisee.eu\/es\/wp-json\/wp\/v2\/users\/6"}],"replies":[{"embeddable":true,"href":"https:\/\/ewisee.eu\/es\/wp-json\/wp\/v2\/comments?post=2972"}],"version-history":[{"count":6,"href":"https:\/\/ewisee.eu\/es\/wp-json\/wp\/v2\/pages\/2972\/revisions"}],"predecessor-version":[{"id":3945,"href":"https:\/\/ewisee.eu\/es\/wp-json\/wp\/v2\/pages\/2972\/revisions\/3945"}],"wp:attachment":[{"href":"https:\/\/ewisee.eu\/es\/wp-json\/wp\/v2\/media?parent=2972"}],"curies":[{"name":"wp","href":"https:\/\/api.w.org\/{rel}","templated":true}]}}