{"id":2974,"date":"2024-04-22T21:36:43","date_gmt":"2024-04-22T21:36:43","guid":{"rendered":"https:\/\/ewisee.eu\/transexual-2\/"},"modified":"2024-08-07T02:55:17","modified_gmt":"2024-08-07T02:55:17","slug":"transgenero-2","status":"publish","type":"page","link":"https:\/\/ewisee.eu\/es\/transgenero-2\/","title":{"rendered":"Transg\u00e9nero"},"content":{"rendered":"\n<p><em><strong>NOTA:<\/strong> Este t\u00e9rmino tambi\u00e9n se incluye en esta categor\u00eda, aunque se refiera al g\u00e9nero, porque se ha incluido en el acr\u00f3nimo LGBTQIA+.<\/em><\/p>\n\n\n\n<p>Persona cuya identidad y\/o expresi\u00f3n de g\u00e9nero no coincide con el sexo que se le asign\u00f3 al nacer. Transg\u00e9nero se utiliza a menudo como t\u00e9rmino paraguas que engloba un gran n\u00famero de identidades relacionadas con la no conformidad de g\u00e9nero. (Para comprender mejor los elementos del t\u00e9rmino, consulta los siguientes t\u00e9rminos de la categor\u00eda \u00ab<a href=\"https:\/\/ewisee.eu\/es\/terminos-relacionados-con-el-genero\/\" data-type=\"link\" data-id=\"https:\/\/ewisee.eu\/gender-related-terms\/\">T\u00e9rminos relacionados con el g\u00e9nero<\/a>\u00ab: <a href=\"https:\/\/ewisee.eu\/gender\/\" data-type=\"link\" data-id=\"https:\/\/ewisee.eu\/gender\/\">G\u00e9nero<\/a>, <a href=\"https:\/\/ewisee.eu\/gender-identity\/\" data-type=\"link\" data-id=\"https:\/\/ewisee.eu\/gender-identity\/\">Identidad de G\u00e9nero<\/a>, <a href=\"https:\/\/ewisee.eu\/gender-dysphoria\/\" data-type=\"link\" data-id=\"https:\/\/ewisee.eu\/gender-dysphoria\/\">Disforia de G\u00e9nero<\/a> y <a href=\"https:\/\/ewisee.eu\/cis-gender\/\" data-type=\"link\" data-id=\"https:\/\/ewisee.eu\/cis-gender\/\">Cis-G\u00e9nero<\/a>).<\/p>\n\n\n\n<figure class=\"wp-block-image size-medium is-resized is-style-default\"><img loading=\"lazy\" decoding=\"async\" width=\"300\" height=\"150\" src=\"https:\/\/ewisee.eu\/wp-content\/uploads\/2024\/04\/Transgender-Pride-Flag-300x150.png\" alt=\"\" class=\"wp-image-1431\" style=\"width:200px;height:auto\" srcset=\"https:\/\/ewisee.eu\/wp-content\/uploads\/2024\/04\/Transgender-Pride-Flag-300x150.png 300w, https:\/\/ewisee.eu\/wp-content\/uploads\/2024\/04\/Transgender-Pride-Flag-270x135.png 270w, https:\/\/ewisee.eu\/wp-content\/uploads\/2024\/04\/Transgender-Pride-Flag.png 318w\" sizes=\"auto, (max-width: 300px) 100vw, 300px\" \/><figcaption class=\"wp-element-caption\">Bandera del Orgullo Transg\u00e9nero <br>-Wikipedia<\/figcaption><\/figure>\n\n\n\n<div class=\"wp-block-group is-vertical is-layout-flex wp-container-core-group-is-layout-8cf370e7 wp-block-group-is-layout-flex\">\n<p><strong>Recursos (en ingl\u00e9s):<\/strong><\/p>\n\n\n\n<ul class=\"wp-block-list\">\n<li><a href=\"https:\/\/drive.google.com\/file\/d\/1Z-G153mJ7n0_oJM2FmaJqnN9BhILefFS\/view?usp=drive_link\" target=\"_blank\" rel=\"noreferrer noopener\"><strong>Galanou, M. Identidad y expresi\u00f3n de g\u00e9nero &#8211; Persona transg\u00e9nero<\/strong><\/a><strong>  <\/strong><\/li>\n\n\n\n<li><a href=\"https:\/\/youtu.be\/uIuS-48tSpE?feature=shared\" target=\"_blank\" rel=\"noreferrer noopener\"><strong>Crecer siendo trans (documental completo) | FRONTLINE<\/strong><\/a><strong> <\/strong><\/li>\n\n\n\n<li><a href=\"https:\/\/youtu.be\/uLcIbjgnGlQ?feature=shared\" target=\"_blank\" rel=\"noreferrer noopener\"><strong>La ciencia de ser transg\u00e9nero<\/strong><\/a><\/li>\n<\/ul>\n<\/div>\n\n\n\n<div style=\"height:30px\" aria-hidden=\"true\" class=\"wp-block-spacer\"><\/div>\n\n\n<a target=\"_self\" class=\"button small grey\" href=\"\/es\/terminos-lgbtqia\/\">Atr\u00e1s<\/a>\n","protected":false},"excerpt":{"rendered":"<p>NOTA: Este t\u00e9rmino tambi\u00e9n se incluye en esta categor\u00eda, aunque se refiera al g\u00e9nero, porque se ha incluido en el acr\u00f3nimo LGBTQIA+. Persona cuya identidad y\/o expresi\u00f3n de g\u00e9nero no coincide con el sexo que se le asign\u00f3 al nacer. Transg\u00e9nero se utiliza a menudo como t\u00e9rmino paraguas que engloba un gran n\u00famero de identidades&#8230;<\/p>\n","protected":false},"author":6,"featured_media":0,"parent":0,"menu_order":0,"comment_status":"closed","ping_status":"closed","template":"t-team.php","meta":{"footnotes":""},"class_list":["post-2974","page","type-page","status-publish","hentry"],"jetpack_sharing_enabled":true,"jetpack-related-posts":[],"_links":{"self":[{"href":"https:\/\/ewisee.eu\/es\/wp-json\/wp\/v2\/pages\/2974","targetHints":{"allow":["GET"]}}],"collection":[{"href":"https:\/\/ewisee.eu\/es\/wp-json\/wp\/v2\/pages"}],"about":[{"href":"https:\/\/ewisee.eu\/es\/wp-json\/wp\/v2\/types\/page"}],"author":[{"embeddable":true,"href":"https:\/\/ewisee.eu\/es\/wp-json\/wp\/v2\/users\/6"}],"replies":[{"embeddable":true,"href":"https:\/\/ewisee.eu\/es\/wp-json\/wp\/v2\/comments?post=2974"}],"version-history":[{"count":4,"href":"https:\/\/ewisee.eu\/es\/wp-json\/wp\/v2\/pages\/2974\/revisions"}],"predecessor-version":[{"id":2978,"href":"https:\/\/ewisee.eu\/es\/wp-json\/wp\/v2\/pages\/2974\/revisions\/2978"}],"wp:attachment":[{"href":"https:\/\/ewisee.eu\/es\/wp-json\/wp\/v2\/media?parent=2974"}],"curies":[{"name":"wp","href":"https:\/\/api.w.org\/{rel}","templated":true}]}}