{"id":2986,"date":"2024-04-22T22:08:36","date_gmt":"2024-04-22T22:08:36","guid":{"rendered":"https:\/\/ewisee.eu\/bandera-del-orgullo\/"},"modified":"2024-08-07T03:34:53","modified_gmt":"2024-08-07T03:34:53","slug":"bandera-del-orgullo","status":"publish","type":"page","link":"https:\/\/ewisee.eu\/es\/bandera-del-orgullo\/","title":{"rendered":"Bandera del Orgullo"},"content":{"rendered":"\n<p>La bandera arco iris o bandera del orgullo simboliza el orgullo LGBT y el movimiento social LGBT. Los colores reflejan la diversidad de la comunidad LGBT y el espectro de la sexualidad y el g\u00e9nero humanos. El uso de la bandera arco iris como s\u00edmbolo del orgullo LGBT comenz\u00f3 en San Francisco (California), pero con el tiempo se hizo com\u00fan en actos por los derechos LGBT en todo el mundo.  <\/p>\n\n\n\n<p>Ideada inicialmente por los artistas Gilbert Baker, Lynn Segerblom, James McNamara y otros activistas, el dise\u00f1o sufri\u00f3 varias revisiones tras su debut en 1978 y sigue inspirando variaciones. Aunque la bandera arco iris original de Baker ten\u00eda ocho colores, desde 1979 hasta la actualidad, la variante m\u00e1s com\u00fan consta de seis franjas: roja, naranja, amarilla, verde, azul y violeta. La bandera suele desplegarse horizontalmente, con la franja roja en la parte superior, como en un arco iris natural. La popularidad de la bandera del arco iris ha influido en la creaci\u00f3n y adopci\u00f3n de una amplia variedad de banderas multicolores y multirayas utilizadas para comunicar identidades espec\u00edficas dentro de la comunidad LGBTQIA+.   <\/p>\n\n\n\n<figure class=\"wp-block-image size-medium is-resized is-style-default\"><img loading=\"lazy\" decoding=\"async\" width=\"300\" height=\"185\" src=\"https:\/\/ewisee.eu\/wp-content\/uploads\/2024\/04\/Traditional-Pride-Flag-300x185.png\" alt=\"\" class=\"wp-image-1449\" style=\"width:200px\" srcset=\"https:\/\/ewisee.eu\/wp-content\/uploads\/2024\/04\/Traditional-Pride-Flag-300x185.png 300w, https:\/\/ewisee.eu\/wp-content\/uploads\/2024\/04\/Traditional-Pride-Flag-1024x633.png 1024w, https:\/\/ewisee.eu\/wp-content\/uploads\/2024\/04\/Traditional-Pride-Flag-768x474.png 768w, https:\/\/ewisee.eu\/wp-content\/uploads\/2024\/04\/Traditional-Pride-Flag-1536x949.png 1536w, https:\/\/ewisee.eu\/wp-content\/uploads\/2024\/04\/Traditional-Pride-Flag-1440x890.png 1440w, https:\/\/ewisee.eu\/wp-content\/uploads\/2024\/04\/Traditional-Pride-Flag-600x368.png 600w, https:\/\/ewisee.eu\/wp-content\/uploads\/2024\/04\/Traditional-Pride-Flag-270x167.png 270w, https:\/\/ewisee.eu\/wp-content\/uploads\/2024\/04\/Traditional-Pride-Flag-1320x815.png 1320w, https:\/\/ewisee.eu\/wp-content\/uploads\/2024\/04\/Traditional-Pride-Flag.png 1920w\" sizes=\"auto, (max-width: 300px) 100vw, 300px\" \/><figcaption class=\"wp-element-caption\">Bandera tradicional del Orgullo <br>-Wikipedia<\/figcaption><\/figure>\n\n\n\n<figure class=\"wp-block-image size-medium is-resized is-style-default\"><img loading=\"lazy\" decoding=\"async\" width=\"300\" height=\"190\" src=\"https:\/\/ewisee.eu\/wp-content\/uploads\/2024\/04\/Intersex-inclusive-progress-pride-flag-300x190.png\" alt=\"\" class=\"wp-image-1453\" style=\"width:200px\" srcset=\"https:\/\/ewisee.eu\/wp-content\/uploads\/2024\/04\/Intersex-inclusive-progress-pride-flag-300x190.png 300w, https:\/\/ewisee.eu\/wp-content\/uploads\/2024\/04\/Intersex-inclusive-progress-pride-flag-1024x650.png 1024w, https:\/\/ewisee.eu\/wp-content\/uploads\/2024\/04\/Intersex-inclusive-progress-pride-flag-768x488.png 768w, https:\/\/ewisee.eu\/wp-content\/uploads\/2024\/04\/Intersex-inclusive-progress-pride-flag-1536x975.png 1536w, https:\/\/ewisee.eu\/wp-content\/uploads\/2024\/04\/Intersex-inclusive-progress-pride-flag-1440x914.png 1440w, https:\/\/ewisee.eu\/wp-content\/uploads\/2024\/04\/Intersex-inclusive-progress-pride-flag-270x171.png 270w, https:\/\/ewisee.eu\/wp-content\/uploads\/2024\/04\/Intersex-inclusive-progress-pride-flag-1320x838.png 1320w, https:\/\/ewisee.eu\/wp-content\/uploads\/2024\/04\/Intersex-inclusive-progress-pride-flag.png 1920w\" sizes=\"auto, (max-width: 300px) 100vw, 300px\" \/><figcaption class=\"wp-element-caption\">Bandera Del Progreso Intersexual Inclusiva<br>-Wikipedia<\/figcaption><\/figure>\n\n\n\n<div class=\"wp-block-group is-vertical is-layout-flex wp-container-core-group-is-layout-8cf370e7 wp-block-group-is-layout-flex\">\n<p><strong>Recursos (en ingl\u00e9s):<\/strong><\/p>\n\n\n\n<ul class=\"wp-block-list\">\n<li><a href=\"https:\/\/youtu.be\/MjEk6lyow4M?feature=shared\" target=\"_blank\" rel=\"noreferrer noopener\"><strong>Banderas del Orgullo y su significado<\/strong><\/a><strong>  <\/strong><\/li>\n\n\n\n<li><a href=\"https:\/\/youtu.be\/rNNdPJ_DPPc?feature=shared\" target=\"_blank\" rel=\"noreferrer noopener\"><strong>Explicaci\u00f3n del significado de cada bandera del Orgullo<\/strong><\/a><strong> <\/strong><\/li>\n\n\n\n<li><a href=\"https:\/\/youtu.be\/nsphgpyPC3M?feature=shared\" target=\"_blank\" rel=\"noreferrer noopener\"><strong>La historia de la bandera del Orgullo Arco\u00edris<\/strong><\/a><\/li>\n<\/ul>\n<\/div>\n\n\n\n<div style=\"height:30px\" aria-hidden=\"true\" class=\"wp-block-spacer\"><\/div>\n\n\n<a target=\"_self\" class=\"button small grey\" href=\"\/es\/terminos-lgbtqia\/\">Atr\u00e1s<\/a>\n","protected":false},"excerpt":{"rendered":"<p>La bandera arco iris o bandera del orgullo simboliza el orgullo LGBT y el movimiento social LGBT. Los colores reflejan la diversidad de la comunidad LGBT y el espectro de la sexualidad y el g\u00e9nero humanos. El uso de la bandera arco iris como s\u00edmbolo del orgullo LGBT comenz\u00f3 en San Francisco (California), pero con&#8230;<\/p>\n","protected":false},"author":6,"featured_media":0,"parent":0,"menu_order":0,"comment_status":"closed","ping_status":"closed","template":"t-team.php","meta":{"footnotes":""},"class_list":["post-2986","page","type-page","status-publish","hentry"],"jetpack_sharing_enabled":true,"jetpack-related-posts":[],"_links":{"self":[{"href":"https:\/\/ewisee.eu\/es\/wp-json\/wp\/v2\/pages\/2986","targetHints":{"allow":["GET"]}}],"collection":[{"href":"https:\/\/ewisee.eu\/es\/wp-json\/wp\/v2\/pages"}],"about":[{"href":"https:\/\/ewisee.eu\/es\/wp-json\/wp\/v2\/types\/page"}],"author":[{"embeddable":true,"href":"https:\/\/ewisee.eu\/es\/wp-json\/wp\/v2\/users\/6"}],"replies":[{"embeddable":true,"href":"https:\/\/ewisee.eu\/es\/wp-json\/wp\/v2\/comments?post=2986"}],"version-history":[{"count":5,"href":"https:\/\/ewisee.eu\/es\/wp-json\/wp\/v2\/pages\/2986\/revisions"}],"predecessor-version":[{"id":2997,"href":"https:\/\/ewisee.eu\/es\/wp-json\/wp\/v2\/pages\/2986\/revisions\/2997"}],"wp:attachment":[{"href":"https:\/\/ewisee.eu\/es\/wp-json\/wp\/v2\/media?parent=2986"}],"curies":[{"name":"wp","href":"https:\/\/api.w.org\/{rel}","templated":true}]}}