{"id":3634,"date":"2024-04-23T02:10:26","date_gmt":"2024-04-23T02:10:26","guid":{"rendered":"https:\/\/ewisee.eu\/sexo-biologico-sexo-asignado-al-nacer\/"},"modified":"2024-09-03T23:52:38","modified_gmt":"2024-09-03T23:52:38","slug":"sexo-biologico-sexo-asignado-al-nacer","status":"publish","type":"page","link":"https:\/\/ewisee.eu\/es\/sexo-biologico-sexo-asignado-al-nacer\/","title":{"rendered":"Sexo (Biol\u00f3gico)\/Sexo Asignado Al Nacer"},"content":{"rendered":"\n<p>El sexo de un individuo viene determinado por los cromosomas (como XX o XY), las hormonas, la anatom\u00eda interna (como las g\u00f3nadas), los niveles hormonales, los receptores hormonales y los genes, y la anatom\u00eda externa (como los genitales). Normalmente, a las personas se les asigna el sexo masculino o femenino al nacer. El sexo biol\u00f3gico tambi\u00e9n se conoce como sexo natal o la terminolog\u00eda preferida \u00absexo asignado al nacer\u00bb. Las personas que presentan genitales ambiguos al nacer y que, por lo general, m\u00e1s tarde se confirma con pruebas gen\u00e9ticas que tienen cromosomas diferentes de XX o XY al nacer suelen denominarse intersexuales.    <\/p>\n\n\n\n<p><em>\u00abPor sexo entendemos el sexo biol\u00f3gico y las caracter\u00edsticas biol\u00f3gicas y anat\u00f3micas. No se dan porque nacemos con ellas; no nos vienen dadas. Son masculinos, femeninos e intersexuales\u00bb.<\/em><\/p>\n\n\n\n<div style=\"height:30px\" aria-hidden=\"true\" class=\"wp-block-spacer\"><\/div>\n\n\n<a target=\"_self\" class=\"button small grey\" href=\"\/es\/terminos-relacionados-con-el-sexo\/\">Atr\u00e1s<\/a>\n","protected":false},"excerpt":{"rendered":"<p>El sexo de un individuo viene determinado por los cromosomas (como XX o XY), las hormonas, la anatom\u00eda interna (como las g\u00f3nadas), los niveles hormonales, los receptores hormonales y los genes, y la anatom\u00eda externa (como los genitales). Normalmente, a las personas se les asigna el sexo masculino o femenino al nacer. El sexo biol\u00f3gico&#8230;<\/p>\n","protected":false},"author":6,"featured_media":0,"parent":0,"menu_order":0,"comment_status":"closed","ping_status":"closed","template":"t-team.php","meta":{"footnotes":""},"class_list":["post-3634","page","type-page","status-publish","hentry"],"jetpack_sharing_enabled":true,"jetpack-related-posts":[],"_links":{"self":[{"href":"https:\/\/ewisee.eu\/es\/wp-json\/wp\/v2\/pages\/3634","targetHints":{"allow":["GET"]}}],"collection":[{"href":"https:\/\/ewisee.eu\/es\/wp-json\/wp\/v2\/pages"}],"about":[{"href":"https:\/\/ewisee.eu\/es\/wp-json\/wp\/v2\/types\/page"}],"author":[{"embeddable":true,"href":"https:\/\/ewisee.eu\/es\/wp-json\/wp\/v2\/users\/6"}],"replies":[{"embeddable":true,"href":"https:\/\/ewisee.eu\/es\/wp-json\/wp\/v2\/comments?post=3634"}],"version-history":[{"count":2,"href":"https:\/\/ewisee.eu\/es\/wp-json\/wp\/v2\/pages\/3634\/revisions"}],"predecessor-version":[{"id":3636,"href":"https:\/\/ewisee.eu\/es\/wp-json\/wp\/v2\/pages\/3634\/revisions\/3636"}],"wp:attachment":[{"href":"https:\/\/ewisee.eu\/es\/wp-json\/wp\/v2\/media?parent=3634"}],"curies":[{"name":"wp","href":"https:\/\/api.w.org\/{rel}","templated":true}]}}