{"id":3638,"date":"2024-04-23T02:15:25","date_gmt":"2024-04-23T02:15:25","guid":{"rendered":"https:\/\/ewisee.eu\/distincion-entre-sexo-y-genero\/"},"modified":"2024-09-03T23:58:55","modified_gmt":"2024-09-03T23:58:55","slug":"distincion-entre-sexo-y-genero","status":"publish","type":"page","link":"https:\/\/ewisee.eu\/es\/distincion-entre-sexo-y-genero\/","title":{"rendered":"Distinci\u00f3n Entre Sexo Y G\u00e9nero"},"content":{"rendered":"\n<p><em><em>\u00abHay que hacer una distinci\u00f3n. Tienen que entender bien las diferencias entre los dos t\u00e9rminos. Por un lado, estamos hablando de lo que te atrae de otra persona y, por otro, de c\u00f3mo se percibe esa persona, c\u00f3mo se ve a s\u00ed misma. Son dos cosas completamente distintas. El sexo tiene que ver con otras personas. Se trata de la atracci\u00f3n, exista o no, por algo concreto o no concreto. Adem\u00e1s, o est\u00e1 completamente claro para una persona o no lo est\u00e1 en absoluto. Creo que todo empieza cuando pensamos en la terminolog\u00eda sexo y por qu\u00e9 se utiliza. Da muchas respuestas a esas cosas. El hecho de que utilicemos el t\u00e9rmino sexo para hablar del acto sexual tiene que ver con mi atracci\u00f3n por tus caracter\u00edsticas biol\u00f3gicas. Pero la identidad de g\u00e9nero tiene que ver con otras cosas, m\u00e1s profundas. Se sit\u00faa en un lugar un poco diferente. Se podr\u00eda decir que es el coraz\u00f3n y la mente. Partimos de un punto de partida diferente. El g\u00e9nero tiene que ver s\u00f3lo con lo que la persona siente por s\u00ed misma. C\u00f3mo la persona quiere que la definan y se dirijan a ella\u00bb.<\/em><\/em><\/p>\n\n\n\n<p><strong>Recursos (en ingl\u00e9s):<\/strong><\/p>\n\n\n\n<ul class=\"wp-block-list\">\n<li><a href=\"https:\/\/youtu.be\/kT0HJkr1jj4?feature=shared\" target=\"_blank\" rel=\"noreferrer noopener\"><strong>La ciencia demuestra que hay m\u00e1s de dos sexos humanos<\/strong><\/a><\/li>\n\n\n\n<li><a href=\"https:\/\/youtu.be\/Y19kYh6k7ls?feature=shared\" target=\"_blank\" rel=\"noreferrer noopener\"><strong>Sexo asignado al nacer e identidad de g\u00e9nero: \u00bfCu\u00e1l es la diferencia?<\/strong><\/a><\/li>\n\n\n\n<li><a href=\"https:\/\/youtu.be\/G2ciOhidKpg?feature=shared\" target=\"_blank\" rel=\"noreferrer noopener\"><strong>Anatom\u00eda: Sexo asignado al nacer (Masculino)<\/strong><\/a><\/li>\n\n\n\n<li><a href=\"https:\/\/youtu.be\/j9QgcCK6FKM?feature=shared\" target=\"_blank\" rel=\"noreferrer noopener\"><strong>Anatom\u00eda: Sexo asignado al nacer (femenino)<\/strong><\/a><\/li>\n<\/ul>\n\n\n\n<div style=\"height:30px\" aria-hidden=\"true\" class=\"wp-block-spacer\"><\/div>\n\n\n<a target=\"_self\" class=\"button small grey\" href=\"\/es\/terminos-relacionados-con-el-sexo\/\">Atr\u00e1s<\/a>\n","protected":false},"excerpt":{"rendered":"<p>\u00abHay que hacer una distinci\u00f3n. Tienen que entender bien las diferencias entre los dos t\u00e9rminos. Por un lado, estamos hablando de lo que te atrae de otra persona y, por otro, de c\u00f3mo se percibe esa persona, c\u00f3mo se ve a s\u00ed misma. Son dos cosas completamente distintas. El sexo tiene que ver con otras&#8230;<\/p>\n","protected":false},"author":6,"featured_media":0,"parent":0,"menu_order":0,"comment_status":"closed","ping_status":"closed","template":"t-team.php","meta":{"footnotes":""},"class_list":["post-3638","page","type-page","status-publish","hentry"],"jetpack_sharing_enabled":true,"jetpack-related-posts":[],"_links":{"self":[{"href":"https:\/\/ewisee.eu\/es\/wp-json\/wp\/v2\/pages\/3638","targetHints":{"allow":["GET"]}}],"collection":[{"href":"https:\/\/ewisee.eu\/es\/wp-json\/wp\/v2\/pages"}],"about":[{"href":"https:\/\/ewisee.eu\/es\/wp-json\/wp\/v2\/types\/page"}],"author":[{"embeddable":true,"href":"https:\/\/ewisee.eu\/es\/wp-json\/wp\/v2\/users\/6"}],"replies":[{"embeddable":true,"href":"https:\/\/ewisee.eu\/es\/wp-json\/wp\/v2\/comments?post=3638"}],"version-history":[{"count":2,"href":"https:\/\/ewisee.eu\/es\/wp-json\/wp\/v2\/pages\/3638\/revisions"}],"predecessor-version":[{"id":3640,"href":"https:\/\/ewisee.eu\/es\/wp-json\/wp\/v2\/pages\/3638\/revisions\/3640"}],"wp:attachment":[{"href":"https:\/\/ewisee.eu\/es\/wp-json\/wp\/v2\/media?parent=3638"}],"curies":[{"name":"wp","href":"https:\/\/api.w.org\/{rel}","templated":true}]}}