{"id":3642,"date":"2024-04-23T02:28:02","date_gmt":"2024-04-23T02:28:02","guid":{"rendered":"https:\/\/ewisee.eu\/consentimiento-edad-de-consentimiento\/"},"modified":"2024-09-04T01:29:28","modified_gmt":"2024-09-04T01:29:28","slug":"consentimiento-edad-de-consentimiento","status":"publish","type":"page","link":"https:\/\/ewisee.eu\/es\/consentimiento-edad-de-consentimiento\/","title":{"rendered":"Consentimiento\/Edad De Consentimiento"},"content":{"rendered":"\n<p><strong>Consentimiento<\/strong>: El acuerdo informado, voluntario y mutuo entre personas para participar en una actividad. El consentimiento no puede darse cuando una persona no tiene la capacidad o la habilidad legal para consentir. <\/p>\n\n\n\n<p>Un ejemplo de consentimiento sexual es un acuerdo que se produce entre los miembros de una pareja sexual sobre los comportamientos que ambos permiten realizar durante un encuentro sexual. El consentimiento puede darse mediante palabras o acciones, siempre que esas palabras o acciones supongan un permiso expl\u00edcito sobre la voluntad de adoptar un comportamiento sexual. <\/p>\n\n\n\n<p><em>\u00abLos l\u00edmites y el sexo fuera de casa son algo esencial. Y que hay que discutir. Los l\u00edmites en el sexo son desde el que te incomoda hasta el que te incomoda. Ah\u00ed es donde entra el l\u00edmite. El \u00abno\u00bb tiene que ser escuchado. Y no s\u00f3lo como una palabra. El \u00abno\u00bb es una acci\u00f3n. Y requiere que la pareja en ese momento tenga la conciencia de entender que la otra persona en ese momento no quiere y no lo est\u00e1 pasando bien. El sexo no es s\u00f3lo para tener hijos. Cuando tenemos relaciones sexuales, creo que estamos en nuestros momentos m\u00e1s vulnerables. Estamos entregando y confiando nuestro cuerpo a una persona. Eso es muy importante. Necesitas saber que la otra persona no te har\u00e1 da\u00f1o y que respetar\u00e1 los l\u00edmites que hab\u00e9is establecido juntos en diferentes fases, incluso en ese momento. Nuestros deseos cambian. Y debemos, DEBEMOS hacer que nuestra pareja los respete. Tambi\u00e9n cambian los l\u00edmites de cada pareja, como la forma de divertirse y lo que uno quiere y no quiere. Esas cosas cambian. No es lo mismo para todos. Esto requiere conversaci\u00f3n y comprensi\u00f3n. Y no operar para uno mismo\u00bb. <\/em><\/p>\n\n\n\n<p><strong>Edad de consentimiento: <\/strong>Edad a la que una persona es legalmente capaz de consentir comportamientos sexuales. La mayor\u00eda de los Estados miembros de la UE fijan esta edad entre los 14 y los 16 a\u00f1os.  <\/p>\n\n\n\n<p><em>\u00abUn ni\u00f1o a los 15 a\u00f1os todav\u00eda est\u00e1 intentando construir cualquier pensamiento cr\u00edtico sobre creencias que se est\u00e1n formando ahora.Es la edad en la que empieza a comprender c\u00f3mo funciona el resto del mundo.Digamos que, en este punto, estamos hablando de los primeros a\u00f1os de instituto. Comienza a formarse un car\u00e1cter, sexual y personal. Una identidad. Es una edad cr\u00edtica. Estamos hablando de un chico que explora todo con una mentalidad diferente. Y debido a la pubertad, est\u00e1 lejos de sus padres. Hay una tendencia a ocultar cosas, etc. Es a\u00fan m\u00e1s peligroso dar el consentimiento a trav\u00e9s de un marco legal a los 15 a\u00f1os. Es un ni\u00f1o. Los lanzas a un gran mar y les dices: \u00abTe doy la libertad de hacer lo que quieras\u00bb, mientras que, al mismo tiempo, no saben nada. Y eso es muy contradictorio. Se equivoca la mayor\u00eda de las veces sobre lo que quiere, lo que es el sexo en su mente y con qui\u00e9n quiere hacerlo. Y cae en la trampa por razones sociales de seguir adelante porque a esa edad hay competencia y se considera \u00abguay\u00bb tener sexo a una edad temprana.\u00bb <\/em><\/p>\n\n\n\n<p><strong>Recursos (en ingl\u00e9s):<\/strong><\/p>\n\n\n\n<ul class=\"wp-block-list\">\n<li><a href=\"https:\/\/youtu.be\/_fyU66jKBU0?feature=shared\" target=\"_blank\" rel=\"noreferrer noopener\"><strong>El consentimiento sexual y la ley<\/strong><\/a><\/li>\n\n\n\n<li><a href=\"https:\/\/youtu.be\/5vmsfhw-czA?feature=shared\" target=\"_blank\" rel=\"noreferrer noopener\"><strong>Explicaci\u00f3n del consentimiento: \u00bfQu\u00e9 es?<\/strong><\/a><\/li>\n\n\n\n<li><a href=\"https:\/\/youtu.be\/4z9_L9FXA3o?feature=shared\" target=\"_blank\" rel=\"noreferrer noopener\"><strong>Decir s\u00ed o no: \u00bfqu\u00e9 es el consentimiento?<\/strong><\/a><\/li>\n\n\n\n<li><a href=\"https:\/\/youtu.be\/4qWt2qZ59w8?feature=shared\" target=\"_blank\" rel=\"noreferrer noopener\"><strong>Agresi\u00f3n sexual, consentimiento y acoso sexual: \u00bfCu\u00e1l es la diferencia?<\/strong><\/a><\/li>\n\n\n\n<li><a href=\"https:\/\/www.rainn.org\/articles\/legal-role-consent\" target=\"_blank\" rel=\"noreferrer noopener\"><strong>El papel legal del consentimiento &#8211; Rape, Abuse  Incest National Network<\/strong><\/a><strong> <\/strong><\/li>\n<\/ul>\n\n\n\n<div style=\"height:30px\" aria-hidden=\"true\" class=\"wp-block-spacer\"><\/div>\n\n\n<a target=\"_self\" class=\"button small grey\" href=\"\/es\/terminos-relacionados-con-el-sexo\/\">Atr\u00e1s<\/a>\n","protected":false},"excerpt":{"rendered":"<p>Consentimiento: El acuerdo informado, voluntario y mutuo entre personas para participar en una actividad. El consentimiento no puede darse cuando una persona no tiene la capacidad o la habilidad legal para consentir. Un ejemplo de consentimiento sexual es un acuerdo que se produce entre los miembros de una pareja sexual sobre los comportamientos que ambos&#8230;<\/p>\n","protected":false},"author":6,"featured_media":0,"parent":0,"menu_order":0,"comment_status":"closed","ping_status":"closed","template":"t-team.php","meta":{"footnotes":""},"class_list":["post-3642","page","type-page","status-publish","hentry"],"jetpack_sharing_enabled":true,"jetpack-related-posts":[],"_links":{"self":[{"href":"https:\/\/ewisee.eu\/es\/wp-json\/wp\/v2\/pages\/3642","targetHints":{"allow":["GET"]}}],"collection":[{"href":"https:\/\/ewisee.eu\/es\/wp-json\/wp\/v2\/pages"}],"about":[{"href":"https:\/\/ewisee.eu\/es\/wp-json\/wp\/v2\/types\/page"}],"author":[{"embeddable":true,"href":"https:\/\/ewisee.eu\/es\/wp-json\/wp\/v2\/users\/6"}],"replies":[{"embeddable":true,"href":"https:\/\/ewisee.eu\/es\/wp-json\/wp\/v2\/comments?post=3642"}],"version-history":[{"count":2,"href":"https:\/\/ewisee.eu\/es\/wp-json\/wp\/v2\/pages\/3642\/revisions"}],"predecessor-version":[{"id":3644,"href":"https:\/\/ewisee.eu\/es\/wp-json\/wp\/v2\/pages\/3642\/revisions\/3644"}],"wp:attachment":[{"href":"https:\/\/ewisee.eu\/es\/wp-json\/wp\/v2\/media?parent=3642"}],"curies":[{"name":"wp","href":"https:\/\/api.w.org\/{rel}","templated":true}]}}