{"id":3654,"date":"2024-04-23T02:36:16","date_gmt":"2024-04-23T02:36:16","guid":{"rendered":"https:\/\/ewisee.eu\/cuestionar-questioning\/"},"modified":"2024-09-04T01:40:50","modified_gmt":"2024-09-04T01:40:50","slug":"cuestionar-questioning","status":"publish","type":"page","link":"https:\/\/ewisee.eu\/es\/cuestionar-questioning\/","title":{"rendered":"Cuestionar (Questioning)"},"content":{"rendered":"\n<p><span style=\"background-color: rgb(255, 255, 255);\">Se refiere a las personas que est\u00e1n explorando cu\u00e1l puede ser su orientaci\u00f3n sexual y\/o su identidad y expresi\u00f3n de g\u00e9nero.<\/span><em> \u00abLo m\u00e1s sencillo para empezar es que es un viaje, pensamientos que pueden comenzar a cualquier edad. Porque a m\u00ed me cuesta mucho averiguar lo que soy. \u00bfPor qu\u00e9 mi hermano, por ejemplo, tiene que saber qui\u00e9n es y pon\u00e9rselo f\u00e1cil? \u00bfPor qu\u00e9 tengo que pasar por todo esto? As\u00ed que empiezas con pensamientos \u00absimples\u00bb, \u00abinocentes\u00bb, y todo va evolucionando. Y poco a poco se llega al hecho de que lo que me dieron cuando nac\u00ed no representa lo que soy y lo que quiero ser. Es un largo viaje que empieza en todos los aspectos de la vida y acaba volviendo a lo que soy. La pregunta b\u00e1sica en torno a todo esto es \u00ab\u00bfQu\u00e9 soy?\u00bb y \u00ab\u00bfQu\u00e9 quiero ser?\u00bb. Es algo personal\u00bb.<\/em><\/p>\n\n\n\n<p><strong>Recursos:<\/strong><\/p>\n\n\n\n<ul class=\"wp-block-list\">\n<li><a href=\"https:\/\/uwm.edu\/lgbtrc\/support\/questioning\/\" target=\"_blank\" rel=\"noreferrer noopener\"><strong>Questioning &#8211; Centro de Investigaci\u00f3n LGBTQ+ Universidad de Wisconsin Milwaukee<\/strong><\/a><\/li>\n<\/ul>\n\n\n\n<div style=\"height:30px\" aria-hidden=\"true\" class=\"wp-block-spacer\"><\/div>\n\n\n<a target=\"_self\" class=\"button small grey\" href=\"\/es\/terminos-relacionados-con-el-sexo\/\">Atr\u00e1s<\/a>\n","protected":false},"excerpt":{"rendered":"<p>Se refiere a las personas que est\u00e1n explorando cu\u00e1l puede ser su orientaci\u00f3n sexual y\/o su identidad y expresi\u00f3n de g\u00e9nero. \u00abLo m\u00e1s sencillo para empezar es que es un viaje, pensamientos que pueden comenzar a cualquier edad. Porque a m\u00ed me cuesta mucho averiguar lo que soy. \u00bfPor qu\u00e9 mi hermano, por ejemplo, tiene&#8230;<\/p>\n","protected":false},"author":6,"featured_media":0,"parent":0,"menu_order":0,"comment_status":"closed","ping_status":"closed","template":"t-team.php","meta":{"footnotes":""},"class_list":["post-3654","page","type-page","status-publish","hentry"],"jetpack_sharing_enabled":true,"jetpack-related-posts":[],"_links":{"self":[{"href":"https:\/\/ewisee.eu\/es\/wp-json\/wp\/v2\/pages\/3654","targetHints":{"allow":["GET"]}}],"collection":[{"href":"https:\/\/ewisee.eu\/es\/wp-json\/wp\/v2\/pages"}],"about":[{"href":"https:\/\/ewisee.eu\/es\/wp-json\/wp\/v2\/types\/page"}],"author":[{"embeddable":true,"href":"https:\/\/ewisee.eu\/es\/wp-json\/wp\/v2\/users\/6"}],"replies":[{"embeddable":true,"href":"https:\/\/ewisee.eu\/es\/wp-json\/wp\/v2\/comments?post=3654"}],"version-history":[{"count":2,"href":"https:\/\/ewisee.eu\/es\/wp-json\/wp\/v2\/pages\/3654\/revisions"}],"predecessor-version":[{"id":3658,"href":"https:\/\/ewisee.eu\/es\/wp-json\/wp\/v2\/pages\/3654\/revisions\/3658"}],"wp:attachment":[{"href":"https:\/\/ewisee.eu\/es\/wp-json\/wp\/v2\/media?parent=3654"}],"curies":[{"name":"wp","href":"https:\/\/api.w.org\/{rel}","templated":true}]}}