{"id":3672,"date":"2024-04-23T02:44:58","date_gmt":"2024-04-23T02:44:58","guid":{"rendered":"https:\/\/ewisee.eu\/identidad-sexual\/"},"modified":"2024-09-04T02:08:44","modified_gmt":"2024-09-04T02:08:44","slug":"identidad-sexual","status":"publish","type":"page","link":"https:\/\/ewisee.eu\/es\/identidad-sexual\/","title":{"rendered":"Identidad Sexual"},"content":{"rendered":"\n<p>La autoidentidad de una persona se basa en su comprensi\u00f3n de su orientaci\u00f3n sexual y\/o identidad de g\u00e9nero y\/o en su capacidad para expresarlas hacia el exterior. La identidad sexual evoluciona a trav\u00e9s de un proceso de desarrollo que var\u00eda en funci\u00f3n del individuo. Cuestiones como la religi\u00f3n, la cultura, los valores familiares, etc., pueden influir en la identidad sexual de una persona. Nadie m\u00e1s puede determinar cu\u00e1l es la identidad sexual de una persona; s\u00f3lo el individuo puede decidir qu\u00e9 identidad es la adecuada para \u00e9l.    <\/p>\n\n\n\n<p>\u201c<em>Es algo m\u00e1s s\u00f3lido. Es algo m\u00e1s definido, quiz\u00e1 un marco m\u00e1s estrecho. M\u00e1s espec\u00edfico, en realidad. Podr\u00eda decirse que no hay tanta noci\u00f3n de fluidez dentro del t\u00e9rmino, porque es lo que es\u00bb.   <\/em><\/p>\n\n\n\n<p>(Consulte tambi\u00e9n los siguientes t\u00e9rminos: <a href=\"https:\/\/ewisee.eu\/sexual-orientation\/\">Orientaci\u00f3n Sexual,<\/a> <a href=\"https:\/\/ewisee.eu\/sexuality\/\">Sexualidad<\/a>)<\/p>\n\n\n\n<p><strong>Recursos:<\/strong><\/p>\n\n\n\n<ul class=\"wp-block-list\">\n<li><a href=\"https:\/\/youtu.be\/LvJETydN8Vc?feature=shared\" target=\"_blank\" rel=\"noreferrer noopener\"><strong>Orientaci\u00f3n, comportamiento e identidad sexuales<\/strong><\/a><strong> <\/strong><\/li>\n\n\n\n<li><a href=\"https:\/\/kidshelpline.com.au\/teens\/issues\/sexual-identity\" target=\"_blank\" rel=\"noreferrer noopener\"><strong>Identidad sexual &#8211; Kids Help Line<\/strong><\/a><\/li>\n\n\n\n<li><a href=\"https:\/\/youtu.be\/AHOwd_vish4?feature=shared\" target=\"_blank\" rel=\"noreferrer noopener\"><strong>\u00bfCu\u00e1l es la diferencia entre sexo, g\u00e9nero y orientaci\u00f3n sexual? | El Explicador <\/strong><\/a><\/li>\n<\/ul>\n\n\n\n<div style=\"height:30px\" aria-hidden=\"true\" class=\"wp-block-spacer\"><\/div>\n\n\n<a target=\"_self\" class=\"button small grey\" href=\"\/es\/terminos-relacionados-con-el-sexo\/\">Atr\u00e1s<\/a>\n","protected":false},"excerpt":{"rendered":"<p>La autoidentidad de una persona se basa en su comprensi\u00f3n de su orientaci\u00f3n sexual y\/o identidad de g\u00e9nero y\/o en su capacidad para expresarlas hacia el exterior. La identidad sexual evoluciona a trav\u00e9s de un proceso de desarrollo que var\u00eda en funci\u00f3n del individuo. Cuestiones como la religi\u00f3n, la cultura, los valores familiares, etc., pueden&#8230;<\/p>\n","protected":false},"author":6,"featured_media":0,"parent":0,"menu_order":0,"comment_status":"closed","ping_status":"closed","template":"t-team.php","meta":{"footnotes":""},"class_list":["post-3672","page","type-page","status-publish","hentry"],"jetpack_sharing_enabled":true,"jetpack-related-posts":[],"_links":{"self":[{"href":"https:\/\/ewisee.eu\/es\/wp-json\/wp\/v2\/pages\/3672","targetHints":{"allow":["GET"]}}],"collection":[{"href":"https:\/\/ewisee.eu\/es\/wp-json\/wp\/v2\/pages"}],"about":[{"href":"https:\/\/ewisee.eu\/es\/wp-json\/wp\/v2\/types\/page"}],"author":[{"embeddable":true,"href":"https:\/\/ewisee.eu\/es\/wp-json\/wp\/v2\/users\/6"}],"replies":[{"embeddable":true,"href":"https:\/\/ewisee.eu\/es\/wp-json\/wp\/v2\/comments?post=3672"}],"version-history":[{"count":2,"href":"https:\/\/ewisee.eu\/es\/wp-json\/wp\/v2\/pages\/3672\/revisions"}],"predecessor-version":[{"id":3676,"href":"https:\/\/ewisee.eu\/es\/wp-json\/wp\/v2\/pages\/3672\/revisions\/3676"}],"wp:attachment":[{"href":"https:\/\/ewisee.eu\/es\/wp-json\/wp\/v2\/media?parent=3672"}],"curies":[{"name":"wp","href":"https:\/\/api.w.org\/{rel}","templated":true}]}}