{"id":3678,"date":"2024-04-23T02:48:12","date_gmt":"2024-04-23T02:48:12","guid":{"rendered":"https:\/\/ewisee.eu\/orientacion-sexual\/"},"modified":"2024-09-04T02:15:28","modified_gmt":"2024-09-04T02:15:28","slug":"orientacion-sexual","status":"publish","type":"page","link":"https:\/\/ewisee.eu\/es\/orientacion-sexual\/","title":{"rendered":"Orientaci\u00f3n Sexual"},"content":{"rendered":"\n<p>Atracci\u00f3n rom\u00e1ntica, emocional y\/o sexual de una persona hacia otras. Las orientaciones sexuales incluyen, entre otras, asexual, bisexual, gay, heterosexual, lesbiana, pansexual y queer.  <\/p>\n\n\n\n<p><em>\u00abEn la orientaci\u00f3n sexual, existe el marco y la flexibilidad para explorar. Es m\u00e1s abierto, s\u00ed. Tambi\u00e9n es m\u00e1s general. Aqu\u00ed hay latitud y libertad. La orientaci\u00f3n no indica nada espec\u00edfico. Es m\u00e1s fluido. El sexo tiene que ver con los dem\u00e1s. Con atracci\u00f3n, la hay o no la hay, por algo concreto o no concreto. Adem\u00e1s, una persona lo tiene completamente claro o no lo tiene. Creo que todo empieza cuando pensamos en la terminolog\u00eda sexo y por qu\u00e9 se utiliza. Da muchas respuestas a esas cosas. El hecho de que utilicemos el t\u00e9rmino sexo para hablar del acto sexual tiene que ver con mi atracci\u00f3n por tus caracter\u00edsticas biol\u00f3gicas. La sexualidad tiene que ver claramente con la atracci\u00f3n. La orientaci\u00f3n es algo que se nos pega porque nos identificamos como gays, lesbianas, lo que sea, o heterosexuales. As\u00ed que digamos r\u00e1pidamente que es un viaje continuo de descubrimiento, de exploraci\u00f3n de los l\u00edmites, de uno mismo. Lo que nos gusta y lo que no. Y nada se da por sentado en este viaje\u00bb.<\/em><\/p>\n\n\n\n<p>(Consulte tambi\u00e9n los siguientes t\u00e9rminos: <a href=\"https:\/\/ewisee.eu\/es\/asexual-asexualidad\/\">Asexual<\/a>, <a href=\"https:\/\/ewisee.eu\/es\/bisexual\/\">Bisexual<\/a>, <a href=\"https:\/\/ewisee.eu\/es\/gay\/\">Gay<\/a>, <a href=\"https:\/\/ewisee.eu\/es\/heterosexual\/\" data-type=\"link\" data-id=\"https:\/\/ewisee.eu\/heterosexual\/\">Heterosexual<\/a>, <a href=\"https:\/\/ewisee.eu\/es\/lesbiana\/\" data-type=\"link\" data-id=\"https:\/\/ewisee.eu\/lesbian\/\">Lesbiana<\/a>, <a href=\"https:\/\/ewisee.eu\/es\/pansexual\/\" data-type=\"link\" data-id=\"https:\/\/ewisee.eu\/pansexual\/\">Pansexual<\/a> y <a href=\"https:\/\/ewisee.eu\/es\/queer\/\">Queer<\/a>). <\/p>\n\n\n\n<p><strong>Recursos:<\/strong><\/p>\n\n\n\n<ul class=\"wp-block-list\">\n<li><a href=\"https:\/\/youtu.be\/XN-wD8O9tRI?feature=shared\" target=\"_blank\" rel=\"noreferrer noopener\"><strong>Sexo vs G\u00e9nero vs Orientaci\u00f3n<\/strong><\/a><strong> <\/strong><\/li>\n\n\n\n<li><a href=\"https:\/\/youtu.be\/xCMmZUu07IQ?feature=shared\" target=\"_blank\" rel=\"noreferrer noopener\"><strong>Orientaci\u00f3n sexual e identidad de g\u00e9nero<\/strong><\/a><\/li>\n\n\n\n<li><a href=\"https:\/\/kidshealth.org\/en\/teens\/sexual-orientation.html\" target=\"_blank\" rel=\"noreferrer noopener\"><strong>Orientaci\u00f3n sexual (para adolescentes) &#8211; KidsHealthOrg<\/strong><\/a><\/li>\n\n\n\n<li><a href=\"https:\/\/kidshealth.org\/en\/parents\/sexual-orientation.html\" target=\"_blank\" rel=\"noreferrer noopener\"><strong>Orientaci\u00f3n sexual (para padres) &#8211; KidsHealthOrg<\/strong><\/a><\/li>\n<\/ul>\n\n\n\n<div style=\"height:31px\" aria-hidden=\"true\" class=\"wp-block-spacer\"><\/div>\n\n\n<a target=\"_self\" class=\"button small grey\" href=\"\/es\/terminos-relacionados-con-el-sexo\/\">Atr\u00e1s<\/a>\n","protected":false},"excerpt":{"rendered":"<p>Atracci\u00f3n rom\u00e1ntica, emocional y\/o sexual de una persona hacia otras. Las orientaciones sexuales incluyen, entre otras, asexual, bisexual, gay, heterosexual, lesbiana, pansexual y queer. \u00abEn la orientaci\u00f3n sexual, existe el marco y la flexibilidad para explorar. Es m\u00e1s abierto, s\u00ed. Tambi\u00e9n es m\u00e1s general. Aqu\u00ed hay latitud y libertad. La orientaci\u00f3n no indica nada espec\u00edfico&#8230;.<\/p>\n","protected":false},"author":6,"featured_media":0,"parent":0,"menu_order":0,"comment_status":"closed","ping_status":"closed","template":"t-team.php","meta":{"footnotes":""},"class_list":["post-3678","page","type-page","status-publish","hentry"],"jetpack_sharing_enabled":true,"jetpack-related-posts":[],"_links":{"self":[{"href":"https:\/\/ewisee.eu\/es\/wp-json\/wp\/v2\/pages\/3678","targetHints":{"allow":["GET"]}}],"collection":[{"href":"https:\/\/ewisee.eu\/es\/wp-json\/wp\/v2\/pages"}],"about":[{"href":"https:\/\/ewisee.eu\/es\/wp-json\/wp\/v2\/types\/page"}],"author":[{"embeddable":true,"href":"https:\/\/ewisee.eu\/es\/wp-json\/wp\/v2\/users\/6"}],"replies":[{"embeddable":true,"href":"https:\/\/ewisee.eu\/es\/wp-json\/wp\/v2\/comments?post=3678"}],"version-history":[{"count":2,"href":"https:\/\/ewisee.eu\/es\/wp-json\/wp\/v2\/pages\/3678\/revisions"}],"predecessor-version":[{"id":3682,"href":"https:\/\/ewisee.eu\/es\/wp-json\/wp\/v2\/pages\/3678\/revisions\/3682"}],"wp:attachment":[{"href":"https:\/\/ewisee.eu\/es\/wp-json\/wp\/v2\/media?parent=3678"}],"curies":[{"name":"wp","href":"https:\/\/api.w.org\/{rel}","templated":true}]}}