{"id":3684,"date":"2024-04-23T02:50:21","date_gmt":"2024-04-23T02:50:21","guid":{"rendered":"https:\/\/ewisee.eu\/sexualidad\/"},"modified":"2024-09-04T02:21:09","modified_gmt":"2024-09-04T02:21:09","slug":"sexualidad","status":"publish","type":"page","link":"https:\/\/ewisee.eu\/es\/sexualidad\/","title":{"rendered":"Sexualidad"},"content":{"rendered":"\n<p>Los componentes de una persona incluyen su sexo biol\u00f3gico, orientaci\u00f3n sexual, identidad de g\u00e9nero, pr\u00e1cticas sexuales, fantas\u00edas sexuales, actitudes y valores relacionados con el sexo. La sexualidad describe c\u00f3mo se experimenta y se expresa uno mismo como ser sexual. Comienza a desarrollarse en el nacimiento y contin\u00faa a lo largo de la vida.   <\/p>\n\n\n\n<p>(Consulta tambi\u00e9n los siguientes t\u00e9rminos: <a href=\"https:\/\/ewisee.eu\/es\/sexo-biologico-sexo-asignado-al-nacer\/\" data-type=\"link\" data-id=\"https:\/\/ewisee.eu\/sex-biological-sex-assigned-at-birth\/\">Sexo biol\u00f3gico<\/a>, <a href=\"https:\/\/ewisee.eu\/gender-identity\/\">Identidad de g\u00e9nero<\/a>, <a href=\"https:\/\/ewisee.eu\/es\/orientacion-sexual\/\" data-type=\"link\" data-id=\"https:\/\/ewisee.eu\/sexual-orientation\/\">Orientaci\u00f3n sexual<\/a> e <a href=\"https:\/\/ewisee.eu\/es\/identidad-sexual\/\" data-type=\"link\" data-id=\"https:\/\/ewisee.eu\/sexual-identity\/\">Identidad sexual<\/a>). <\/p>\n\n\n\n<p><strong>Recursos:<\/strong><\/p>\n\n\n\n<ul class=\"wp-block-list\">\n<li><a href=\"https:\/\/youtu.be\/hvoH2wU9IfA?feature=shared\" target=\"_blank\" rel=\"noreferrer noopener\"><strong>La preferencia sexual contada a trav\u00e9s de la comida<\/strong><\/a><\/li>\n\n\n\n<li><a href=\"https:\/\/www.who.int\/teams\/sexual-and-reproductive-health-and-research\/key-areas-of-work\/sexual-health\/defining-sexual-health\" target=\"_blank\" rel=\"noreferrer noopener\"><strong>Sexo, salud sexual y sexualidad &#8211; Salud e investigaci\u00f3n sexual y reproductiva (SSR)<\/strong><\/a><\/li>\n<\/ul>\n\n\n\n<div style=\"height:30px\" aria-hidden=\"true\" class=\"wp-block-spacer\"><\/div>\n\n\n<a target=\"_self\" class=\"button small grey\" href=\"\/es\/terminos-relacionados-con-el-sexo\/\">Atr\u00e1s<\/a>\n","protected":false},"excerpt":{"rendered":"<p>Los componentes de una persona incluyen su sexo biol\u00f3gico, orientaci\u00f3n sexual, identidad de g\u00e9nero, pr\u00e1cticas sexuales, fantas\u00edas sexuales, actitudes y valores relacionados con el sexo. La sexualidad describe c\u00f3mo se experimenta y se expresa uno mismo como ser sexual. Comienza a desarrollarse en el nacimiento y contin\u00faa a lo largo de la vida. (Consulta tambi\u00e9n&#8230;<\/p>\n","protected":false},"author":6,"featured_media":0,"parent":0,"menu_order":0,"comment_status":"closed","ping_status":"closed","template":"t-team.php","meta":{"footnotes":""},"class_list":["post-3684","page","type-page","status-publish","hentry"],"jetpack_sharing_enabled":true,"jetpack-related-posts":[],"_links":{"self":[{"href":"https:\/\/ewisee.eu\/es\/wp-json\/wp\/v2\/pages\/3684","targetHints":{"allow":["GET"]}}],"collection":[{"href":"https:\/\/ewisee.eu\/es\/wp-json\/wp\/v2\/pages"}],"about":[{"href":"https:\/\/ewisee.eu\/es\/wp-json\/wp\/v2\/types\/page"}],"author":[{"embeddable":true,"href":"https:\/\/ewisee.eu\/es\/wp-json\/wp\/v2\/users\/6"}],"replies":[{"embeddable":true,"href":"https:\/\/ewisee.eu\/es\/wp-json\/wp\/v2\/comments?post=3684"}],"version-history":[{"count":4,"href":"https:\/\/ewisee.eu\/es\/wp-json\/wp\/v2\/pages\/3684\/revisions"}],"predecessor-version":[{"id":3690,"href":"https:\/\/ewisee.eu\/es\/wp-json\/wp\/v2\/pages\/3684\/revisions\/3690"}],"wp:attachment":[{"href":"https:\/\/ewisee.eu\/es\/wp-json\/wp\/v2\/media?parent=3684"}],"curies":[{"name":"wp","href":"https:\/\/api.w.org\/{rel}","templated":true}]}}