{"id":3692,"date":"2024-04-23T02:51:26","date_gmt":"2024-04-23T02:51:26","guid":{"rendered":"https:\/\/ewisee.eu\/enfermedades-de-transmision-sexual-ets\/"},"modified":"2024-09-13T17:00:21","modified_gmt":"2024-09-13T17:00:21","slug":"infecciones-de-transmision-sexual-its","status":"publish","type":"page","link":"https:\/\/ewisee.eu\/es\/infecciones-de-transmision-sexual-its\/","title":{"rendered":"Infecciones de Transmisi\u00f3n Sexual (ITS)"},"content":{"rendered":"\n<p>Las ITS son infecciones comunes causadas por bacterias, virus o par\u00e1sitos que se transmiten de una persona que tiene la infecci\u00f3n a otra durante el contacto sexual que implica el intercambio de fluidos o el contacto piel con piel. No todas las infecciones de transmisi\u00f3n sexual se convierten en enfermedad. <\/p>\n\n\n\n<p><a href=\"https:\/\/www.pfizer.com\/news\/articles\/8_common_stds\" data-type=\"link\" data-id=\"https:\/\/www.pfizer.com\/news\/articles\/8_common_stds\" target=\"_blank\" rel=\"noreferrer noopener\"><strong>Las 8 ITS m\u00e1s comunes:<\/strong><\/a><\/p>\n\n\n\n<ul class=\"wp-block-list\">\n<li>Virus del papiloma humano (VPH)<\/li>\n\n\n\n<li>Herpes<\/li>\n\n\n\n<li>S\u00edfilis<\/li>\n\n\n\n<li>Hepatitis<\/li>\n\n\n\n<li>Tricomoniasis<\/li>\n\n\n\n<li>Gonorrea<\/li>\n\n\n\n<li>Clamidia<\/li>\n\n\n\n<li>Virus de la inmunodeficiencia humana (VIH)<\/li>\n<\/ul>\n\n\n\n<p>(Consulte tambi\u00e9n los siguientes t\u00e9rminos: <a href=\"https:\/\/ewisee.eu\/es\/salud-sexual\/\">Salud sexual<\/a>, <a href=\"https:\/\/ewisee.eu\/es\/vih-sida\/\">VIH\/SIDA<\/a>)<\/p>\n\n\n\n<p><strong>Recursos (en ingl\u00e9s):<\/strong><\/p>\n\n\n\n<ul class=\"wp-block-list\">\n<li><a href=\"https:\/\/youtu.be\/gVH1gY05MsA?feature=shared\" target=\"_blank\" rel=\"noreferrer noopener\"><strong>Infecciones de Transmisi\u00f3n Sexual (ITS), Causas, Signos y S\u00edntomas, Diagn\u00f3stico y Tratamiento.<\/strong><\/a><\/li>\n\n\n\n<li><a href=\"https:\/\/youtu.be\/oi6uzWxrFFY?feature=shared\" target=\"_blank\" rel=\"noreferrer noopener\"><strong>El ABC de las ITS<\/strong><\/a><\/li>\n\n\n\n<li><a href=\"https:\/\/youtu.be\/7Sbgg8icODY?feature=shared\" target=\"_blank\" rel=\"noreferrer noopener\"><strong>\u00bfQu\u00e9 son las ITS?<\/strong><\/a><strong>   <\/strong><\/li>\n\n\n\n<li><a href=\"https:\/\/youtu.be\/zk71hFVgniE?feature=shared\" target=\"_blank\" rel=\"noreferrer noopener\"><strong>Los adolescentes preguntan: \u00bfQui\u00e9n puede contraer una ITS? | Salud adolescente  <\/strong><\/a><\/li>\n\n\n\n<li><a href=\"https:\/\/youtu.be\/gXqc7kzy9Aw?feature=shared\" target=\"_blank\" rel=\"noreferrer noopener\"><strong>Estigma de las ITS y las ETS<\/strong><\/a><\/li>\n\n\n\n<li><a href=\"https:\/\/youtu.be\/4SYe1HAOUE4?feature=shared\" target=\"_blank\" rel=\"noreferrer noopener\"><strong>Prevenci\u00f3n de las ITS m\u00e1s all\u00e1 del preservativo<\/strong><\/a><strong> <\/strong><\/li>\n<\/ul>\n\n\n\n<div style=\"height:30px\" aria-hidden=\"true\" class=\"wp-block-spacer\"><\/div>\n\n\n<a target=\"_self\" class=\"button small grey\" href=\"\/es\/terminos-relacionados-con-el-sexo\/\">Atr\u00e1s<\/a>\n","protected":false},"excerpt":{"rendered":"<p>Las ITS son infecciones comunes causadas por bacterias, virus o par\u00e1sitos que se transmiten de una persona que tiene la infecci\u00f3n a otra durante el contacto sexual que implica el intercambio de fluidos o el contacto piel con piel. No todas las infecciones de transmisi\u00f3n sexual se convierten en enfermedad. Las 8 ITS m\u00e1s comunes:&#8230;<\/p>\n","protected":false},"author":6,"featured_media":0,"parent":0,"menu_order":0,"comment_status":"closed","ping_status":"closed","template":"t-team.php","meta":{"footnotes":""},"class_list":["post-3692","page","type-page","status-publish","hentry"],"jetpack_sharing_enabled":true,"jetpack-related-posts":[],"_links":{"self":[{"href":"https:\/\/ewisee.eu\/es\/wp-json\/wp\/v2\/pages\/3692","targetHints":{"allow":["GET"]}}],"collection":[{"href":"https:\/\/ewisee.eu\/es\/wp-json\/wp\/v2\/pages"}],"about":[{"href":"https:\/\/ewisee.eu\/es\/wp-json\/wp\/v2\/types\/page"}],"author":[{"embeddable":true,"href":"https:\/\/ewisee.eu\/es\/wp-json\/wp\/v2\/users\/6"}],"replies":[{"embeddable":true,"href":"https:\/\/ewisee.eu\/es\/wp-json\/wp\/v2\/comments?post=3692"}],"version-history":[{"count":9,"href":"https:\/\/ewisee.eu\/es\/wp-json\/wp\/v2\/pages\/3692\/revisions"}],"predecessor-version":[{"id":4734,"href":"https:\/\/ewisee.eu\/es\/wp-json\/wp\/v2\/pages\/3692\/revisions\/4734"}],"wp:attachment":[{"href":"https:\/\/ewisee.eu\/es\/wp-json\/wp\/v2\/media?parent=3692"}],"curies":[{"name":"wp","href":"https:\/\/api.w.org\/{rel}","templated":true}]}}