{"id":3705,"date":"2024-04-23T03:07:34","date_gmt":"2024-04-23T03:07:34","guid":{"rendered":"https:\/\/ewisee.eu\/periodo-ciclo-menstrual-menstruacion\/"},"modified":"2024-09-04T02:58:53","modified_gmt":"2024-09-04T02:58:53","slug":"periodo-ciclo-menstrual-menstruacion","status":"publish","type":"page","link":"https:\/\/ewisee.eu\/es\/periodo-ciclo-menstrual-menstruacion\/","title":{"rendered":"Periodo\/ Ciclo Menstrual\/ Menstruaci\u00f3n"},"content":{"rendered":"\n<p><em>La menstruaci\u00f3n es la parte del ciclo menstrual en la que una persona sangra por la vagina. Durante la menstruaci\u00f3n, el revestimiento del \u00fatero (tejido endometrial), que ha crecido despu\u00e9s de la ovulaci\u00f3n, se rompe y fluye a trav\u00e9s del cuello uterino y sale por la vagina\/agujero delantero. <\/em><\/p>\n\n\n\n<p><strong><em>Menstruaci\u00f3n y Personas Trans<\/em><\/strong><\/p>\n\n\n\n<p>La menstruaci\u00f3n forma parte de la vida de muchas personas. Para algunas personas trans y g\u00e9nero-diversas, tener la regla es una parte normal y aceptable de su cuerpo. Para otras, es inc\u00f3modo e incluso una experiencia activamente angustiosa. Tener la regla no es algo femenino, y menstr\u00faan personas de todos los g\u00e9neros, incluidas las personas no binarias, las personas ag\u00e9nero e incluso muchos hombres.    <\/p>\n\n\n\n<p>La menstruaci\u00f3n no cambia nada de tu g\u00e9nero; es s\u00f3lo algo que hacen algunos cuerpos. Muchas personas, trans y cis, evitan tener la menstruaci\u00f3n o intentan tenerla con menos regularidad de lo que ocurrir\u00eda de forma natural, y esto est\u00e1 completamente bien.  <\/p>\n\n\n\n<p>Las personas trans que pasan por una pubertad natal basada en estr\u00f3genos suelen tener su primer periodo entre los 9 y los 14 a\u00f1os, aunque las personas que toman bloqueadores hormonales pueden no tener nunca el periodo. La menstruaci\u00f3n puede continuar hasta la menopausia, que puede producirse entre los 44 y los 55 a\u00f1os. <\/p>\n\n\n\n<p><strong>Recursos:<\/strong><\/p>\n\n\n\n<ul class=\"wp-block-list\">\n<li><a href=\"https:\/\/www.transhub.org.au\/menstruation\" target=\"_blank\" rel=\"noreferrer noopener\"><strong>Menstruaci\u00f3n &#8211; TransHubOrg<\/strong><\/a><strong> <\/strong><\/li>\n\n\n\n<li><a href=\"https:\/\/www.youtube.com\/watch?v=DBe7-PHRav8&amp;pp=ygUdcGVyaW9kIG1lbnN0cnVhdGlvbiBhbWF6ZSBvcmc%3D\" target=\"_blank\" rel=\"noreferrer noopener\"><strong>Menstruaci\u00f3n: Qu\u00e9 Esperar<\/strong><\/a><\/li>\n\n\n\n<li><a href=\"https:\/\/youtu.be\/7O4w0GShDns?feature=shared\" target=\"_blank\" rel=\"noreferrer noopener\"><strong>Sensaci\u00f3n de Menstruaci\u00f3n: Todo sobre la menstruaci\u00f3n<\/strong><\/a><\/li>\n\n\n\n<li><a href=\"https:\/\/youtu.be\/TPzJaXMJcS8?feature=shared\" target=\"_blank\" rel=\"noreferrer noopener\"><strong>El estigma de la menstruaci\u00f3n<\/strong><\/a><\/li>\n<\/ul>\n\n\n\n<div style=\"height:30px\" aria-hidden=\"true\" class=\"wp-block-spacer\"><\/div>\n\n\n<a target=\"_self\" class=\"button small grey\" href=\"\/es\/terminos-relacionados-con-el-sexo\/\">Atr\u00e1s<\/a>\n","protected":false},"excerpt":{"rendered":"<p>La menstruaci\u00f3n es la parte del ciclo menstrual en la que una persona sangra por la vagina. Durante la menstruaci\u00f3n, el revestimiento del \u00fatero (tejido endometrial), que ha crecido despu\u00e9s de la ovulaci\u00f3n, se rompe y fluye a trav\u00e9s del cuello uterino y sale por la vagina\/agujero delantero. Menstruaci\u00f3n y Personas Trans La menstruaci\u00f3n forma&#8230;<\/p>\n","protected":false},"author":6,"featured_media":0,"parent":0,"menu_order":0,"comment_status":"closed","ping_status":"closed","template":"t-team.php","meta":{"footnotes":""},"class_list":["post-3705","page","type-page","status-publish","hentry"],"jetpack_sharing_enabled":true,"jetpack-related-posts":[],"_links":{"self":[{"href":"https:\/\/ewisee.eu\/es\/wp-json\/wp\/v2\/pages\/3705","targetHints":{"allow":["GET"]}}],"collection":[{"href":"https:\/\/ewisee.eu\/es\/wp-json\/wp\/v2\/pages"}],"about":[{"href":"https:\/\/ewisee.eu\/es\/wp-json\/wp\/v2\/types\/page"}],"author":[{"embeddable":true,"href":"https:\/\/ewisee.eu\/es\/wp-json\/wp\/v2\/users\/6"}],"replies":[{"embeddable":true,"href":"https:\/\/ewisee.eu\/es\/wp-json\/wp\/v2\/comments?post=3705"}],"version-history":[{"count":2,"href":"https:\/\/ewisee.eu\/es\/wp-json\/wp\/v2\/pages\/3705\/revisions"}],"predecessor-version":[{"id":3709,"href":"https:\/\/ewisee.eu\/es\/wp-json\/wp\/v2\/pages\/3705\/revisions\/3709"}],"wp:attachment":[{"href":"https:\/\/ewisee.eu\/es\/wp-json\/wp\/v2\/media?parent=3705"}],"curies":[{"name":"wp","href":"https:\/\/api.w.org\/{rel}","templated":true}]}}