{"id":3829,"date":"2024-04-26T16:37:48","date_gmt":"2024-04-26T16:37:48","guid":{"rendered":"https:\/\/ewisee.eu\/genero\/"},"modified":"2024-09-04T23:11:48","modified_gmt":"2024-09-04T23:11:48","slug":"genero","status":"publish","type":"page","link":"https:\/\/ewisee.eu\/es\/genero\/","title":{"rendered":"G\u00e9nero"},"content":{"rendered":"\n<p>Conjunto de identidades, expresiones y roles culturales -normalmente vinculados al sexo asignado a una persona al nacer y codificado como femenino o masculino- que se asignan a las personas en funci\u00f3n de la interpretaci\u00f3n de sus cuerpos y, m\u00e1s concretamente, de su anatom\u00eda sexual y reproductiva. El g\u00e9nero se construye socialmente, y es posible rechazar o modificar la asignaci\u00f3n realizada y desarrollar algo que se sienta m\u00e1s fiel a uno mismo. Algunos ejemplos de g\u00e9nero son, entre otros, hombre, mujer, mujer transg\u00e9nero, hombre transg\u00e9nero, ag\u00e9nero, g\u00e9nero expansivo, genderqueer y no binario\u00bb.  <\/p>\n\n\n\n<p><em>\u00abUna construcci\u00f3n social. Pero ha conseguido incluir a todos los individuos y darles seguridad. Les da un punto de partida para continuar su camino. Que una persona se identifique con un g\u00e9nero concreto significa que ha llegado a un concepto concreto con el que se siente c\u00f3moda. Que yo, como no binaria, despu\u00e9s de a\u00f1os explorando conceptos, he llegado a la conclusi\u00f3n de que es un t\u00e9rmino que me representa, me define y con el que me siento c\u00f3moda. Y siento que se acerca a lo que siento y quiero expresar externamente. Las preguntas clave en torno a esta cuesti\u00f3n son \u00ab\u00bfQu\u00e9 soy?\u00bb y \u00ab\u00bfQu\u00e9 quiero ser?\u00bb. Es algo personal. Y c\u00f3mo quiero que me vean los dem\u00e1s. A veces no basta con averiguarlo, sino que tenemos que dej\u00e1rselo claro a los dem\u00e1s con nuestra apariencia, por ejemplo\u00bb. <\/em><\/p>\n\n\n\n<div style=\"height:30px\" aria-hidden=\"true\" class=\"wp-block-spacer\"><\/div>\n\n\n<a target=\"_self\" class=\"button small grey\" href=\"\/es\/terminos-relacionados-con-el-genero\/\">Atr\u00e1s<\/a>\n","protected":false},"excerpt":{"rendered":"<p>Conjunto de identidades, expresiones y roles culturales -normalmente vinculados al sexo asignado a una persona al nacer y codificado como femenino o masculino- que se asignan a las personas en funci\u00f3n de la interpretaci\u00f3n de sus cuerpos y, m\u00e1s concretamente, de su anatom\u00eda sexual y reproductiva. El g\u00e9nero se construye socialmente, y es posible rechazar&#8230;<\/p>\n","protected":false},"author":6,"featured_media":0,"parent":0,"menu_order":0,"comment_status":"closed","ping_status":"closed","template":"t-team.php","meta":{"footnotes":""},"class_list":["post-3829","page","type-page","status-publish","hentry"],"jetpack_sharing_enabled":true,"jetpack-related-posts":[],"_links":{"self":[{"href":"https:\/\/ewisee.eu\/es\/wp-json\/wp\/v2\/pages\/3829","targetHints":{"allow":["GET"]}}],"collection":[{"href":"https:\/\/ewisee.eu\/es\/wp-json\/wp\/v2\/pages"}],"about":[{"href":"https:\/\/ewisee.eu\/es\/wp-json\/wp\/v2\/types\/page"}],"author":[{"embeddable":true,"href":"https:\/\/ewisee.eu\/es\/wp-json\/wp\/v2\/users\/6"}],"replies":[{"embeddable":true,"href":"https:\/\/ewisee.eu\/es\/wp-json\/wp\/v2\/comments?post=3829"}],"version-history":[{"count":2,"href":"https:\/\/ewisee.eu\/es\/wp-json\/wp\/v2\/pages\/3829\/revisions"}],"predecessor-version":[{"id":3835,"href":"https:\/\/ewisee.eu\/es\/wp-json\/wp\/v2\/pages\/3829\/revisions\/3835"}],"wp:attachment":[{"href":"https:\/\/ewisee.eu\/es\/wp-json\/wp\/v2\/media?parent=3829"}],"curies":[{"name":"wp","href":"https:\/\/api.w.org\/{rel}","templated":true}]}}