{"id":3860,"date":"2024-04-26T18:36:11","date_gmt":"2024-04-26T18:36:11","guid":{"rendered":"https:\/\/ewisee.eu\/cis-genero\/"},"modified":"2024-09-04T23:37:37","modified_gmt":"2024-09-04T23:37:37","slug":"cis-genero","status":"publish","type":"page","link":"https:\/\/ewisee.eu\/es\/cis-genero\/","title":{"rendered":"Cis-G\u00e9nero"},"content":{"rendered":"\n<p>Persona cuya identidad de g\u00e9nero coincide con su sexo biol\u00f3gico o sexo asignado al nacer.<\/p>\n\n\n\n<p><em>\u00abCon el t\u00e9rmino \u00abcis\u00bb nos referimos a las personas cuyo g\u00e9nero social es el mismo que su g\u00e9nero biol\u00f3gico. Nos referimos, por ejemplo, a un var\u00f3n biol\u00f3gico que se identifica socialmente como var\u00f3n. Biol\u00f3gico y social coinciden\u00bb.<\/em><\/p>\n\n\n\n<p><strong>Recursos:<\/strong><\/p>\n\n\n\n<ul class=\"wp-block-list\">\n<li><a href=\"https:\/\/www.youtube.com\/watch?v=e0QRNt1PUas&amp;pp=ygUTY2lzZ2VuZGVyIGV4cGxhaW5lZA%3D%3D\" target=\"_blank\" rel=\"noreferrer noopener\"><strong>\u00bfQu\u00e9 es cisg\u00e9nero?<\/strong><\/a><\/li>\n\n\n\n<li><a href=\"https:\/\/www.transhub.org.au\/101\/cis\" target=\"_blank\" rel=\"noreferrer noopener\"><strong>\u00bfQU\u00c9 SIGNIFICA CIS? &#8211; TransHubOrg <\/strong><\/a><\/li>\n<\/ul>\n\n\n\n<div style=\"height:30px\" aria-hidden=\"true\" class=\"wp-block-spacer\"><\/div>\n\n\n<a target=\"_self\" class=\"button small grey\" href=\"\/es\/terminos-relacionados-con-el-genero\/\">Atr\u00e1s<\/a>\n","protected":false},"excerpt":{"rendered":"<p>Persona cuya identidad de g\u00e9nero coincide con su sexo biol\u00f3gico o sexo asignado al nacer. \u00abCon el t\u00e9rmino \u00abcis\u00bb nos referimos a las personas cuyo g\u00e9nero social es el mismo que su g\u00e9nero biol\u00f3gico. Nos referimos, por ejemplo, a un var\u00f3n biol\u00f3gico que se identifica socialmente como var\u00f3n. Biol\u00f3gico y social coinciden\u00bb. Recursos:<\/p>\n","protected":false},"author":6,"featured_media":0,"parent":0,"menu_order":0,"comment_status":"closed","ping_status":"closed","template":"t-team.php","meta":{"footnotes":""},"class_list":["post-3860","page","type-page","status-publish","hentry"],"jetpack_sharing_enabled":true,"jetpack-related-posts":[],"_links":{"self":[{"href":"https:\/\/ewisee.eu\/es\/wp-json\/wp\/v2\/pages\/3860","targetHints":{"allow":["GET"]}}],"collection":[{"href":"https:\/\/ewisee.eu\/es\/wp-json\/wp\/v2\/pages"}],"about":[{"href":"https:\/\/ewisee.eu\/es\/wp-json\/wp\/v2\/types\/page"}],"author":[{"embeddable":true,"href":"https:\/\/ewisee.eu\/es\/wp-json\/wp\/v2\/users\/6"}],"replies":[{"embeddable":true,"href":"https:\/\/ewisee.eu\/es\/wp-json\/wp\/v2\/comments?post=3860"}],"version-history":[{"count":2,"href":"https:\/\/ewisee.eu\/es\/wp-json\/wp\/v2\/pages\/3860\/revisions"}],"predecessor-version":[{"id":3865,"href":"https:\/\/ewisee.eu\/es\/wp-json\/wp\/v2\/pages\/3860\/revisions\/3865"}],"wp:attachment":[{"href":"https:\/\/ewisee.eu\/es\/wp-json\/wp\/v2\/media?parent=3860"}],"curies":[{"name":"wp","href":"https:\/\/api.w.org\/{rel}","templated":true}]}}