{"id":3877,"date":"2024-04-26T18:53:37","date_gmt":"2024-04-26T18:53:37","guid":{"rendered":"https:\/\/ewisee.eu\/genero-binario\/"},"modified":"2024-09-04T23:57:35","modified_gmt":"2024-09-04T23:57:35","slug":"genero-binario","status":"publish","type":"page","link":"https:\/\/ewisee.eu\/es\/genero-binario\/","title":{"rendered":"G\u00e9nero Binario"},"content":{"rendered":"\n<p>Sistema socialmente construido que considera que el g\u00e9nero consiste \u00fanicamente en dos categor\u00edas -masculino y femenino- en las que se cree que no existen otras posibilidades de g\u00e9nero. El binario de g\u00e9nero no tiene en cuenta la diversidad de identidades y expresiones de g\u00e9nero entre todas las personas.  <\/p>\n\n\n\n<p><strong>Recursos (en ingl\u00e9s):<\/strong><\/p>\n\n\n\n<ul class=\"wp-block-list\">\n<li><a href=\"https:\/\/www.britannica.com\/topic\/gender-binary\" target=\"_blank\" rel=\"noreferrer noopener\"><strong>G\u00e9nero binario &#8211; Britannica<\/strong><\/a><\/li>\n\n\n\n<li><a href=\"https:\/\/gap.hks.harvard.edu\/defending-sexgender-binary-role-gender-identification-and-need-closure\" target=\"_blank\" rel=\"noreferrer noopener\"><strong>Portal de Acci\u00f3n de G\u00e9nero\/Universidad de Harvard<\/strong><\/a><\/li>\n<\/ul>\n\n\n\n<div style=\"height:30px\" aria-hidden=\"true\" class=\"wp-block-spacer\"><\/div>\n\n\n<a target=\"_self\" class=\"button small grey\" href=\"\/es\/terminos-relacionados-con-el-genero\/\">Atr\u00e1s<\/a>\n","protected":false},"excerpt":{"rendered":"<p>Sistema socialmente construido que considera que el g\u00e9nero consiste \u00fanicamente en dos categor\u00edas -masculino y femenino- en las que se cree que no existen otras posibilidades de g\u00e9nero. El binario de g\u00e9nero no tiene en cuenta la diversidad de identidades y expresiones de g\u00e9nero entre todas las personas. Recursos (en ingl\u00e9s):<\/p>\n","protected":false},"author":6,"featured_media":0,"parent":0,"menu_order":0,"comment_status":"closed","ping_status":"closed","template":"t-team.php","meta":{"footnotes":""},"class_list":["post-3877","page","type-page","status-publish","hentry"],"jetpack_sharing_enabled":true,"jetpack-related-posts":[],"_links":{"self":[{"href":"https:\/\/ewisee.eu\/es\/wp-json\/wp\/v2\/pages\/3877","targetHints":{"allow":["GET"]}}],"collection":[{"href":"https:\/\/ewisee.eu\/es\/wp-json\/wp\/v2\/pages"}],"about":[{"href":"https:\/\/ewisee.eu\/es\/wp-json\/wp\/v2\/types\/page"}],"author":[{"embeddable":true,"href":"https:\/\/ewisee.eu\/es\/wp-json\/wp\/v2\/users\/6"}],"replies":[{"embeddable":true,"href":"https:\/\/ewisee.eu\/es\/wp-json\/wp\/v2\/comments?post=3877"}],"version-history":[{"count":2,"href":"https:\/\/ewisee.eu\/es\/wp-json\/wp\/v2\/pages\/3877\/revisions"}],"predecessor-version":[{"id":3882,"href":"https:\/\/ewisee.eu\/es\/wp-json\/wp\/v2\/pages\/3877\/revisions\/3882"}],"wp:attachment":[{"href":"https:\/\/ewisee.eu\/es\/wp-json\/wp\/v2\/media?parent=3877"}],"curies":[{"name":"wp","href":"https:\/\/api.w.org\/{rel}","templated":true}]}}