{"id":3885,"date":"2024-04-26T19:13:15","date_gmt":"2024-04-26T19:13:15","guid":{"rendered":"https:\/\/ewisee.eu\/disforia-de-genero\/"},"modified":"2024-09-05T00:09:46","modified_gmt":"2024-09-05T00:09:46","slug":"disforia-de-genero","status":"publish","type":"page","link":"https:\/\/ewisee.eu\/es\/disforia-de-genero\/","title":{"rendered":"Disforia De G\u00e9nero"},"content":{"rendered":"\n<p>Cuando el sexo asignado a una persona al nacer no coincide con aquel con el que se identifica, se produce un malestar cl\u00ednico significativo. El Manual Diagn\u00f3stico y Estad\u00edstico de los Trastornos Mentales (DSM) de la Asociaci\u00f3n Americana de Psiquiatr\u00eda considera que el Trastorno de Identidad de G\u00e9nero \u00abpretende caracterizar mejor las experiencias de los ni\u00f1os, adolescentes y adultos afectados.\u00bb <\/p>\n\n\n\n<p><em>\u00abincomodidad respecto a la relaci\u00f3n entre el g\u00e9nero biol\u00f3gico\/asignado al nacer y el g\u00e9nero social\u00bb<\/em><\/p>\n\n\n\n<p><em>\u00abPara cada individuo es diferente. Que este malestar pueda resolverse con la transici\u00f3n de g\u00e9nero es una pieza. Pero puede o no ser necesario que una persona se someta a una transici\u00f3n de g\u00e9nero para estar bien y sentirse segura de que ha tomado la decisi\u00f3n correcta. Adem\u00e1s, cabe mencionar que no todas las personas trans -en el sentido de biol\u00f3gicamente hombre, socialmente mujer- necesitan someterse a una transici\u00f3n de g\u00e9nero porque la disforia corporal tampoco es igual en todos los individuos. Tambi\u00e9n hay personas trans que no quieren operarse porque se sienten c\u00f3modas y no sienten la necesidad de pasar por el proceso. Socialmente se identifican como mujer o como hombre respectivamente. Pero sin necesidad de operarse\u00bb.<\/em><\/p>\n\n\n\n<p><strong>Recursos (en ingl\u00e9s):<\/strong><\/p>\n\n\n\n<ul class=\"wp-block-list\">\n<li><a href=\"https:\/\/youtu.be\/uLFxGxp1xhg?feature=shared\" target=\"_blank\" rel=\"noreferrer noopener\"><strong>Terapeuta de g\u00e9nero explica qu\u00e9 es la disforia de g\u00e9nero<\/strong><\/a><\/li>\n\n\n\n<li><strong><a href=\"https:\/\/youtu.be\/8_d61N7oqAc?feature=shared\" target=\"_blank\" rel=\"noreferrer noopener\"><\/a><a href=\"https:\/\/youtu.be\/8_d61N7oqAc?feature=shared\">Terapeuta de g\u00e9nero habla de las 4 causas principales de la disforia de g\u00e9nero<\/a><\/strong><\/li>\n<\/ul>\n\n\n\n<div style=\"height:30px\" aria-hidden=\"true\" class=\"wp-block-spacer\"><\/div>\n\n\n<a target=\"_self\" class=\"button small grey\" href=\"\/es\/terminos-relacionados-con-el-genero\/\">Atr\u00e1s<\/a>\n","protected":false},"excerpt":{"rendered":"<p>Cuando el sexo asignado a una persona al nacer no coincide con aquel con el que se identifica, se produce un malestar cl\u00ednico significativo. El Manual Diagn\u00f3stico y Estad\u00edstico de los Trastornos Mentales (DSM) de la Asociaci\u00f3n Americana de Psiquiatr\u00eda considera que el Trastorno de Identidad de G\u00e9nero \u00abpretende caracterizar mejor las experiencias de los&#8230;<\/p>\n","protected":false},"author":6,"featured_media":0,"parent":0,"menu_order":0,"comment_status":"closed","ping_status":"closed","template":"t-team.php","meta":{"footnotes":""},"class_list":["post-3885","page","type-page","status-publish","hentry"],"jetpack_sharing_enabled":true,"jetpack-related-posts":[],"_links":{"self":[{"href":"https:\/\/ewisee.eu\/es\/wp-json\/wp\/v2\/pages\/3885","targetHints":{"allow":["GET"]}}],"collection":[{"href":"https:\/\/ewisee.eu\/es\/wp-json\/wp\/v2\/pages"}],"about":[{"href":"https:\/\/ewisee.eu\/es\/wp-json\/wp\/v2\/types\/page"}],"author":[{"embeddable":true,"href":"https:\/\/ewisee.eu\/es\/wp-json\/wp\/v2\/users\/6"}],"replies":[{"embeddable":true,"href":"https:\/\/ewisee.eu\/es\/wp-json\/wp\/v2\/comments?post=3885"}],"version-history":[{"count":2,"href":"https:\/\/ewisee.eu\/es\/wp-json\/wp\/v2\/pages\/3885\/revisions"}],"predecessor-version":[{"id":3890,"href":"https:\/\/ewisee.eu\/es\/wp-json\/wp\/v2\/pages\/3885\/revisions\/3890"}],"wp:attachment":[{"href":"https:\/\/ewisee.eu\/es\/wp-json\/wp\/v2\/media?parent=3885"}],"curies":[{"name":"wp","href":"https:\/\/api.w.org\/{rel}","templated":true}]}}