{"id":3893,"date":"2024-04-26T19:40:46","date_gmt":"2024-04-26T19:40:46","guid":{"rendered":"https:\/\/ewisee.eu\/expresion-de-genero\/"},"modified":"2024-09-05T00:21:03","modified_gmt":"2024-09-05T00:21:03","slug":"expresion-de-genero","status":"publish","type":"page","link":"https:\/\/ewisee.eu\/es\/expresion-de-genero\/","title":{"rendered":"Expresi\u00f3n De G\u00e9nero"},"content":{"rendered":"\n<p>La forma en que las personas expresan externamente su sexo, por ejemplo, a trav\u00e9s de la ropa, la apariencia o los gestos.<\/p>\n\n\n\n<p><em>\u201c<\/em><em>La forma en que quiero que me vean los dem\u00e1s tiene que ver con la expresi\u00f3n de g\u00e9nero. Tiene que ver con la exteriorizaci\u00f3n. Y a veces la exteriorizaci\u00f3n nos ayuda a tener un camino m\u00e1s claro en nuestro viaje\u00bb. Exteriorizaci\u00f3n y visibilidad. Porque esto tambi\u00e9n lo podemos ver siempre socialmente. Porque somos una sociedad que vive con tab\u00faes, la exteriorizaci\u00f3n y la libre expresi\u00f3n ayuda mucho a la visibilidad y a las personas que todav\u00eda est\u00e1n en el \u00abarmario\u00bb. Siempre ayuda ver que hay gente como t\u00fa y que pueden ser quienes quieren ser, as\u00ed que \u00bfpor qu\u00e9 t\u00fa no? Y tambi\u00e9n ayuda a la gente de fuera de la comunidad. Es una forma de educaci\u00f3n social. Una forma indirecta de hacer que la otra persona mire, se cuestione, se eduque quiz\u00e1s. Tiene un impacto y una funci\u00f3n as\u00ed\u00bb.          <\/em><\/p>\n\n\n\n<p><em>\u00abPodemos empezar a hablar de estereotipos sobre la expresi\u00f3n de g\u00e9nero, sobre la expresi\u00f3n de la masculinidad y la feminidad. El aspecto f\u00edsico desempe\u00f1a un papel importante. Si eres masc presentando<sup>1<\/sup> probablemente dir\u00e1n que eres un hombre, que las emociones son s\u00f3lo para las mujeres, que tienes que ser duro, que tienes que ser violento, que tienes que hacer deporte y que est\u00e1s bien. Por otro lado, si eres mujer presentando<sup>2<\/sup>, te dir\u00e1n que eres mujer, que debes ser callada, y mimosa y que debes obedecer al hombre en cualquier relaci\u00f3n y entorno y que el papel es ayudar al hombre y hacer su voluntad. Estos son los estereotipos m\u00e1s conocidos que tenemos. Son construcciones sociales de estas reglas de expresi\u00f3n de g\u00e9nero. Son lo que se considera \u00abnormal\u00bb y \u00abse da por sentado\u00bb. Esta tradicional que tenemos como presentaci\u00f3n de g\u00e9nero sin que las dimensiones de masculinidad y feminidad entren en la discusi\u00f3n. Estamos hablando de algo puramente binario, masculino-femenino. No hay nada intermedio ni nada m\u00e1s que eso. Lo cual, sin embargo, choca con la fluidez -la fluidez- que existe y la noci\u00f3n de sexualidad e identidad de g\u00e9nero como un espectro. \u00bfY qu\u00e9 es un espectro? Que no podemos definir puntos precisos y de diferenciaci\u00f3n. As\u00ed que la transici\u00f3n de una a otra va acompa\u00f1ada de fluidez\u00bb.             <\/em><\/p>\n\n\n\n<hr class=\"wp-block-separator has-text-color has-cyan-bluish-gray-color has-alpha-channel-opacity has-cyan-bluish-gray-background-color has-background is-style-wide\"\/>\n\n\n\n<p class=\"has-small-font-size\"><em><sup>1<\/sup>masc presenting: forma abreviada de la palabra masculino. A menudo se utiliza en la comunidad queer para describir a una persona LGBTQ+ que tiene una presentaci\u00f3n masculina (es decir, masc presentando o masc de centro). Masculino. Describe algo que la sociedad asocia o atribuye a hombres y ni\u00f1os o un estado, experiencia o asignaci\u00f3n de ser masculino.   <\/em><\/p>\n\n\n\n<p class=\"has-small-font-size\"><em><sup>2<\/sup>fem presenting: Cualidades o apariencia estereotipadas de la mujer o consideradas convencionalmente femeninas. Femme. Persona de centro femenino en su vestimenta, actitud y\/o presentaci\u00f3n. A menudo, pero no exclusivamente, se utiliza en un contexto l\u00e9sbico.   <\/em><\/p>\n\n\n\n<p><strong>Recursos (en ingl\u00e9s):<\/strong><\/p>\n\n\n\n<ul class=\"wp-block-list\">\n<li><a href=\"https:\/\/youtu.be\/BoTxytQJ3z4?feature=shared\" target=\"_blank\" rel=\"noreferrer noopener\"><strong>Explicaci\u00f3n de g\u00e9nero para ni\u00f1os &#8211; Parte 3 | Expresi\u00f3n de g\u00e9nero | Pop&#8217;n&#8217;Olly<\/strong><\/a><\/li>\n\n\n\n<li><a href=\"https:\/\/youtu.be\/tb9gsC3lm-E?feature=shared\" target=\"_blank\" rel=\"noreferrer noopener\"><strong>\u00bfCu\u00e1l es la diferencia entre identidad de g\u00e9nero y expresi\u00f3n de g\u00e9nero? Un hombre trans lo explica <\/strong><\/a><\/li>\n\n\n\n<li><a href=\"https:\/\/youtu.be\/t5PDiZ4sNnc?feature=shared\" target=\"_blank\" rel=\"noreferrer noopener\"><strong>La diferencia clave entre identidad de g\u00e9nero, expresi\u00f3n de g\u00e9nero y rol de g\u00e9nero.<\/strong><\/a><\/li>\n<\/ul>\n\n\n\n<div style=\"height:30px\" aria-hidden=\"true\" class=\"wp-block-spacer\"><\/div>\n\n\n<a target=\"_self\" class=\"button small grey\" href=\"\/es\/terminos-relacionados-con-el-genero\/\">Atr\u00e1s<\/a>\n","protected":false},"excerpt":{"rendered":"<p>La forma en que las personas expresan externamente su sexo, por ejemplo, a trav\u00e9s de la ropa, la apariencia o los gestos. \u201cLa forma en que quiero que me vean los dem\u00e1s tiene que ver con la expresi\u00f3n de g\u00e9nero. Tiene que ver con la exteriorizaci\u00f3n. Y a veces la exteriorizaci\u00f3n nos ayuda a tener&#8230;<\/p>\n","protected":false},"author":6,"featured_media":0,"parent":0,"menu_order":0,"comment_status":"closed","ping_status":"closed","template":"t-team.php","meta":{"footnotes":""},"class_list":["post-3893","page","type-page","status-publish","hentry"],"jetpack_sharing_enabled":true,"jetpack-related-posts":[],"_links":{"self":[{"href":"https:\/\/ewisee.eu\/es\/wp-json\/wp\/v2\/pages\/3893","targetHints":{"allow":["GET"]}}],"collection":[{"href":"https:\/\/ewisee.eu\/es\/wp-json\/wp\/v2\/pages"}],"about":[{"href":"https:\/\/ewisee.eu\/es\/wp-json\/wp\/v2\/types\/page"}],"author":[{"embeddable":true,"href":"https:\/\/ewisee.eu\/es\/wp-json\/wp\/v2\/users\/6"}],"replies":[{"embeddable":true,"href":"https:\/\/ewisee.eu\/es\/wp-json\/wp\/v2\/comments?post=3893"}],"version-history":[{"count":2,"href":"https:\/\/ewisee.eu\/es\/wp-json\/wp\/v2\/pages\/3893\/revisions"}],"predecessor-version":[{"id":3898,"href":"https:\/\/ewisee.eu\/es\/wp-json\/wp\/v2\/pages\/3893\/revisions\/3898"}],"wp:attachment":[{"href":"https:\/\/ewisee.eu\/es\/wp-json\/wp\/v2\/media?parent=3893"}],"curies":[{"name":"wp","href":"https:\/\/api.w.org\/{rel}","templated":true}]}}