{"id":3901,"date":"2024-04-26T19:49:15","date_gmt":"2024-04-26T19:49:15","guid":{"rendered":"https:\/\/ewisee.eu\/genero-no-binario\/"},"modified":"2024-09-05T00:29:17","modified_gmt":"2024-09-05T00:29:17","slug":"genero-no-binario","status":"publish","type":"page","link":"https:\/\/ewisee.eu\/es\/genero-no-binario\/","title":{"rendered":"G\u00e9nero No Binario"},"content":{"rendered":"\n<p>Una persona que adopta una identidad de g\u00e9nero a lo largo de un continuo o espectro de identidades y expresiones de g\u00e9nero a menudo se basa en el rechazo de la suposici\u00f3n del binario de g\u00e9nero de que el g\u00e9nero es estrictamente una opci\u00f3n de uno u otro en funci\u00f3n del sexo asignado al nacer. <\/p>\n\n\n\n<p>(Consulta tambi\u00e9n los siguientes t\u00e9rminos: <a href=\"https:\/\/ewisee.eu\/es\/genero-binario\/\" data-type=\"link\" data-id=\"https:\/\/ewisee.eu\/gender-binary\/\">G\u00e9nero binario<\/a> y <a href=\"https:\/\/ewisee.eu\/es\/sexo-biologico-sexo-asignado-al-nacer\/\">Sexo asignado al nacer\/Sexo biol\u00f3gico<\/a>)<\/p>\n\n\n\n<p><em>\u00abMencionamos al principio que si eres mujer, tienes que ser suave, con los ni\u00f1os, en la cocina. Mientras que si eres hombre, \u00abtrae el dinero a casa\u00bb.  <span style=\"text-decoration: underline;\">Y si no eres ninguna de las dos cosas, no existes\u00bb.<\/span><\/em><\/p>\n\n\n\n<p><em>\u00abEstamos hablando de algo puramente binario, masculino-femenino. No hay nada intermedio ni nada m\u00e1s que eso. Esto, sin embargo, choca con la fluidez -la fluidez- que existe y con la noci\u00f3n de sexualidad e identidad de g\u00e9nero como un espectro. \u00bfY qu\u00e9 es un espectro? Que no podemos definir puntos precisos y de diferenciaci\u00f3n. As\u00ed que la transici\u00f3n de una a otra va acompa\u00f1ada de fluidez\u00bb.<\/em><\/p>\n\n\n\n<figure class=\"wp-block-image size-large is-resized\"><img loading=\"lazy\" decoding=\"async\" width=\"1024\" height=\"683\" src=\"https:\/\/ewisee.eu\/wp-content\/uploads\/2024\/04\/Non-Binary-Pride-Flag-1-1024x683.png\" alt=\"\" class=\"wp-image-1570\" style=\"width:200px\" srcset=\"https:\/\/ewisee.eu\/wp-content\/uploads\/2024\/04\/Non-Binary-Pride-Flag-1-1024x683.png 1024w, https:\/\/ewisee.eu\/wp-content\/uploads\/2024\/04\/Non-Binary-Pride-Flag-1-300x200.png 300w, https:\/\/ewisee.eu\/wp-content\/uploads\/2024\/04\/Non-Binary-Pride-Flag-1-768x512.png 768w, https:\/\/ewisee.eu\/wp-content\/uploads\/2024\/04\/Non-Binary-Pride-Flag-1-270x180.png 270w, https:\/\/ewisee.eu\/wp-content\/uploads\/2024\/04\/Non-Binary-Pride-Flag-1.png 1200w\" sizes=\"auto, (max-width: 1024px) 100vw, 1024px\" \/><figcaption class=\"wp-element-caption\">Bandera del Orgullo No Binario<br>-Wikipedia<\/figcaption><\/figure>\n\n\n\n<p><strong>Recursos (en ingl\u00e9s):<\/strong><\/p>\n\n\n\n<ul class=\"wp-block-list\">\n<li><strong><a href=\"https:\/\/transequality.org\/issues\/resources\/understanding-nonbinary-people-how-to-be-respectful-and-supportive#:~:text=The%20idea%20that%20there%20are,two%20categories%2C%20male%20or%20female\" target=\"_blank\" rel=\"noreferrer noopener\"><\/a><a href=\"https:\/\/transequality.org\/issues\/resources\/understanding-nonbinary-people-how-to-be-respectful-and-supportive#:~:text=The%20idea%20that%20there%20are,two%20categories%2C%20male%20or%20female\">Comprender a las personas no binarias: c\u00f3mo ser respetuoso y solidario &#8211; TransEqualityOrg<\/a> <\/strong><\/li>\n\n\n\n<li><strong><a href=\"https:\/\/lgbt.foundation\/help\/what-it-means-to-be-non-binary\/\" target=\"_blank\" rel=\"noreferrer noopener\"><\/a><a href=\"https:\/\/lgbt.foundation\/help\/what-it-means-to-be-non-binary\/\">LO QUE SIGNIFICA SER NO BINARIO &#8211; Fundaci\u00f3n LGBT<\/a> <\/strong><\/li>\n\n\n\n<li><a href=\"https:\/\/youtu.be\/g_eW1Igyp8M?feature=shared\" target=\"_blank\" rel=\"noreferrer noopener\"><strong>Conozca a j\u00f3venes australianos no binarios que no se identifican ni como hombres ni como mujeres | Four Corners<\/strong><\/a><\/li>\n<\/ul>\n\n\n\n<div style=\"height:30px\" aria-hidden=\"true\" class=\"wp-block-spacer\"><\/div>\n\n\n<a target=\"_self\" class=\"button small grey\" href=\"\/es\/terminos-relacionados-con-el-genero\/\">Atr\u00e1s<\/a>\n","protected":false},"excerpt":{"rendered":"<p>Una persona que adopta una identidad de g\u00e9nero a lo largo de un continuo o espectro de identidades y expresiones de g\u00e9nero a menudo se basa en el rechazo de la suposici\u00f3n del binario de g\u00e9nero de que el g\u00e9nero es estrictamente una opci\u00f3n de uno u otro en funci\u00f3n del sexo asignado al nacer&#8230;.<\/p>\n","protected":false},"author":6,"featured_media":0,"parent":0,"menu_order":0,"comment_status":"closed","ping_status":"closed","template":"t-team.php","meta":{"footnotes":""},"class_list":["post-3901","page","type-page","status-publish","hentry"],"jetpack_sharing_enabled":true,"jetpack-related-posts":[],"_links":{"self":[{"href":"https:\/\/ewisee.eu\/es\/wp-json\/wp\/v2\/pages\/3901","targetHints":{"allow":["GET"]}}],"collection":[{"href":"https:\/\/ewisee.eu\/es\/wp-json\/wp\/v2\/pages"}],"about":[{"href":"https:\/\/ewisee.eu\/es\/wp-json\/wp\/v2\/types\/page"}],"author":[{"embeddable":true,"href":"https:\/\/ewisee.eu\/es\/wp-json\/wp\/v2\/users\/6"}],"replies":[{"embeddable":true,"href":"https:\/\/ewisee.eu\/es\/wp-json\/wp\/v2\/comments?post=3901"}],"version-history":[{"count":2,"href":"https:\/\/ewisee.eu\/es\/wp-json\/wp\/v2\/pages\/3901\/revisions"}],"predecessor-version":[{"id":3906,"href":"https:\/\/ewisee.eu\/es\/wp-json\/wp\/v2\/pages\/3901\/revisions\/3906"}],"wp:attachment":[{"href":"https:\/\/ewisee.eu\/es\/wp-json\/wp\/v2\/media?parent=3901"}],"curies":[{"name":"wp","href":"https:\/\/api.w.org\/{rel}","templated":true}]}}