{"id":3909,"date":"2024-04-26T19:57:38","date_gmt":"2024-04-26T19:57:38","guid":{"rendered":"https:\/\/ewisee.eu\/genero-fluido\/"},"modified":"2024-09-05T00:35:56","modified_gmt":"2024-09-05T00:35:56","slug":"genero-fluido","status":"publish","type":"page","link":"https:\/\/ewisee.eu\/es\/genero-fluido\/","title":{"rendered":"G\u00e9nero Fluido"},"content":{"rendered":"\n<p>Persona que no se identifica con un \u00fanico g\u00e9nero fijo de o relativo a una persona que tiene o expresa una identidad de g\u00e9nero fluida o no fija.<\/p>\n\n\n\n<p><em>\u00abEstamos hablando de algo puramente binario, masculino-femenino. No hay nada intermedio ni nada m\u00e1s que eso. Esto, sin embargo, choca con la fluidez -la fluidez- que existe y con la noci\u00f3n de sexualidad e identidad de g\u00e9nero como un espectro. \u00bfY qu\u00e9 es un espectro? Que no podemos definir puntos precisos y de diferenciaci\u00f3n. As\u00ed que la transici\u00f3n de una a otra va acompa\u00f1ada de fluidez\u00bb.<\/em><\/p>\n\n\n\n<figure class=\"wp-block-image size-full is-resized\"><img loading=\"lazy\" decoding=\"async\" width=\"290\" height=\"174\" src=\"https:\/\/ewisee.eu\/wp-content\/uploads\/2024\/04\/Gender-Fluid-Pride-Flag.png\" alt=\"\" class=\"wp-image-1581\" style=\"width:200px\" srcset=\"https:\/\/ewisee.eu\/wp-content\/uploads\/2024\/04\/Gender-Fluid-Pride-Flag.png 290w, https:\/\/ewisee.eu\/wp-content\/uploads\/2024\/04\/Gender-Fluid-Pride-Flag-270x162.png 270w\" sizes=\"auto, (max-width: 290px) 100vw, 290px\" \/><figcaption class=\"wp-element-caption\">Bandera del Orgullo del G\u00e9nero Fluido<br>-Wikipedia<\/figcaption><\/figure>\n\n\n\n<p><strong>Recursos (en ingl\u00e9s):<\/strong><\/p>\n\n\n\n<ul class=\"wp-block-list\">\n<li><strong><a href=\"https:\/\/www.youtube.com\/watch?v=r1IIS2iU6yo&amp;pp=ygUYZ2VuZGVyIGZsdWlkIGRvY3VtZW50YXJ5\" target=\"_blank\" rel=\"noreferrer noopener\"><\/a><a href=\"https:\/\/www.youtube.com\/watch?v=r1IIS2iU6yo&amp;pp=ygUYZ2VuZGVyIGZsdWlkIGRvY3VtZW50YXJ5\">Tomgirl: Corto documental sobre una ni\u00f1a de g\u00e9nero fluido<\/a> <\/strong><\/li>\n\n\n\n<li><a href=\"https:\/\/www.health.harvard.edu\/blog\/gender-fluidity-what-it-means-and-why-support-matters-2020120321544\" target=\"_blank\" rel=\"noreferrer noopener\"><strong>Fluidez de g\u00e9nero: Qu\u00e9 significa y por qu\u00e9 es importante el apoyo &#8211; Harvard Health Publishing<\/strong><\/a><\/li>\n<\/ul>\n\n\n\n<div style=\"height:30px\" aria-hidden=\"true\" class=\"wp-block-spacer\"><\/div>\n\n\n<a target=\"_self\" class=\"button small grey\" href=\"\/es\/terminos-relacionados-con-el-genero\/\">Atr\u00e1s<\/a>\n","protected":false},"excerpt":{"rendered":"<p>Persona que no se identifica con un \u00fanico g\u00e9nero fijo de o relativo a una persona que tiene o expresa una identidad de g\u00e9nero fluida o no fija. \u00abEstamos hablando de algo puramente binario, masculino-femenino. No hay nada intermedio ni nada m\u00e1s que eso. Esto, sin embargo, choca con la fluidez -la fluidez- que existe&#8230;<\/p>\n","protected":false},"author":6,"featured_media":0,"parent":0,"menu_order":0,"comment_status":"closed","ping_status":"closed","template":"t-team.php","meta":{"footnotes":""},"class_list":["post-3909","page","type-page","status-publish","hentry"],"jetpack_sharing_enabled":true,"jetpack-related-posts":[],"_links":{"self":[{"href":"https:\/\/ewisee.eu\/es\/wp-json\/wp\/v2\/pages\/3909","targetHints":{"allow":["GET"]}}],"collection":[{"href":"https:\/\/ewisee.eu\/es\/wp-json\/wp\/v2\/pages"}],"about":[{"href":"https:\/\/ewisee.eu\/es\/wp-json\/wp\/v2\/types\/page"}],"author":[{"embeddable":true,"href":"https:\/\/ewisee.eu\/es\/wp-json\/wp\/v2\/users\/6"}],"replies":[{"embeddable":true,"href":"https:\/\/ewisee.eu\/es\/wp-json\/wp\/v2\/comments?post=3909"}],"version-history":[{"count":2,"href":"https:\/\/ewisee.eu\/es\/wp-json\/wp\/v2\/pages\/3909\/revisions"}],"predecessor-version":[{"id":3914,"href":"https:\/\/ewisee.eu\/es\/wp-json\/wp\/v2\/pages\/3909\/revisions\/3914"}],"wp:attachment":[{"href":"https:\/\/ewisee.eu\/es\/wp-json\/wp\/v2\/media?parent=3909"}],"curies":[{"name":"wp","href":"https:\/\/api.w.org\/{rel}","templated":true}]}}