{"id":3918,"date":"2024-04-26T20:00:38","date_gmt":"2024-04-26T20:00:38","guid":{"rendered":"https:\/\/ewisee.eu\/roles-de-genero\/"},"modified":"2024-09-05T00:43:01","modified_gmt":"2024-09-05T00:43:01","slug":"roles-de-genero","status":"publish","type":"page","link":"https:\/\/ewisee.eu\/es\/roles-de-genero\/","title":{"rendered":"Roles De G\u00e9nero"},"content":{"rendered":"\n<p>Las expectativas culturales o sociales sobre c\u00f3mo deben actuar, pensar o sentir las personas en funci\u00f3n del sexo que se les considera. <\/p>\n\n\n\n<p><span style=\"text-decoration: underline;\">El t\u00e9rmino est\u00e1 estrechamente relacionado con el de \u00abPerformatividad de G\u00e9nero\u00bb, introducido por primera vez por Judith Butler en su libro \u00abGender Troubles (1990)\u00bb.<\/span><\/p>\n\n\n\n<p>El t\u00e9rmino se introdujo en la ling\u00fc\u00edstica en los Estudios de G\u00e9nero de Judith Butler. Repensando la relaci\u00f3n entre sexo anat\u00f3mico y sexo social (sex  gender), Butler sostiene que el sexo anat\u00f3mico y el sexo social no son sino performances que adquieren poder y autoridad a trav\u00e9s de los actos repetidos de los sujetos. En consecuencia, el g\u00e9nero no es lo que somos sino lo que interpretamos.  <\/p>\n\n\n\n<p>[Galanou, M. (2014). <em>Identidad y expresi\u00f3n de g\u00e9nero<\/em>. Atenas: Asociaci\u00f3n de Apoyo a los Transg\u00e9neros].<\/p>\n\n\n\n<p><em>(Basado en la pregunta: \u00bfC\u00f3mo se espera que act\u00faes seg\u00fan tu g\u00e9nero? \u00bfO se espera que te comportes de una determinada manera en funci\u00f3n de tu g\u00e9nero?)<\/em><\/p>\n\n\n\n<div style=\"height:30px\" aria-hidden=\"true\" class=\"wp-block-spacer\"><\/div>\n\n\n<a target=\"_self\" class=\"button small grey\" href=\"\/es\/terminos-relacionados-con-el-genero\/\">Atr\u00e1s<\/a>\n","protected":false},"excerpt":{"rendered":"<p>Las expectativas culturales o sociales sobre c\u00f3mo deben actuar, pensar o sentir las personas en funci\u00f3n del sexo que se les considera. El t\u00e9rmino est\u00e1 estrechamente relacionado con el de \u00abPerformatividad de G\u00e9nero\u00bb, introducido por primera vez por Judith Butler en su libro \u00abGender Troubles (1990)\u00bb. El t\u00e9rmino se introdujo en la ling\u00fc\u00edstica en los&#8230;<\/p>\n","protected":false},"author":6,"featured_media":0,"parent":0,"menu_order":0,"comment_status":"closed","ping_status":"closed","template":"t-team.php","meta":{"footnotes":""},"class_list":["post-3918","page","type-page","status-publish","hentry"],"jetpack_sharing_enabled":true,"jetpack-related-posts":[],"_links":{"self":[{"href":"https:\/\/ewisee.eu\/es\/wp-json\/wp\/v2\/pages\/3918","targetHints":{"allow":["GET"]}}],"collection":[{"href":"https:\/\/ewisee.eu\/es\/wp-json\/wp\/v2\/pages"}],"about":[{"href":"https:\/\/ewisee.eu\/es\/wp-json\/wp\/v2\/types\/page"}],"author":[{"embeddable":true,"href":"https:\/\/ewisee.eu\/es\/wp-json\/wp\/v2\/users\/6"}],"replies":[{"embeddable":true,"href":"https:\/\/ewisee.eu\/es\/wp-json\/wp\/v2\/comments?post=3918"}],"version-history":[{"count":2,"href":"https:\/\/ewisee.eu\/es\/wp-json\/wp\/v2\/pages\/3918\/revisions"}],"predecessor-version":[{"id":3923,"href":"https:\/\/ewisee.eu\/es\/wp-json\/wp\/v2\/pages\/3918\/revisions\/3923"}],"wp:attachment":[{"href":"https:\/\/ewisee.eu\/es\/wp-json\/wp\/v2\/media?parent=3918"}],"curies":[{"name":"wp","href":"https:\/\/api.w.org\/{rel}","templated":true}]}}