{"id":3934,"date":"2024-04-26T20:16:49","date_gmt":"2024-04-26T20:16:49","guid":{"rendered":"https:\/\/ewisee.eu\/pronombres-de-genero\/"},"modified":"2024-09-05T01:06:50","modified_gmt":"2024-09-05T01:06:50","slug":"pronombres-de-genero","status":"publish","type":"page","link":"https:\/\/ewisee.eu\/es\/pronombres-de-genero\/","title":{"rendered":"Pronombres De G\u00e9nero"},"content":{"rendered":"\n<p>Pronombre o conjunto de pronombres que una persona utiliza para referirse a s\u00ed misma cuando no se la llama por su nombre (por ejemplo, ella\/\u00e9l\/ellos; \u00e9l\/ella\/\u00e9l; y ellos\/ellos\/ellos\/ellos). <\/p>\n\n\n\n<p>La siguiente discusi\u00f3n se orienta en los pronombres de g\u00e9nero, su uso y los actos de respeto.<\/p>\n\n\n\n<ul class=\"wp-block-list\">\n<li><em>Los art\u00edculos que cada persona elige para ser referida. En griego, es m\u00e1s dif\u00edcil de explicar, pero&#8230; bueno&#8230; <\/em><\/li>\n\n\n\n<li><em>Sin embargo, ling\u00fc\u00edsticamente no es dif\u00edcil.<\/em><\/li>\n\n\n\n<li><em>Ling\u00fc\u00edsticamente, no es dif\u00edcil. En griego, est\u00e1 claro. <\/em><\/li>\n\n\n\n<li><em>Siempre que se haga algo muy importante. El desapego del objeto. <\/em><\/li>\n\n\n\n<li><em>Exactamente. Porque ah\u00ed est\u00e1 John, que usa los pronombres he\/his y se siente bien por ello. <\/em><\/li>\n\n\n\n<li><em>Soy una persona cisg\u00e9nero, y mi g\u00e9nero biol\u00f3gico y social coinciden.<\/em><\/li>\n\n\n\n<li><em>\u00a1Exactamente! Y luego est\u00e1 Joe. \u00a1No soy un objeto! En ingl\u00e9s, uso they\/them, mis art\u00edculos son neutros, y mi g\u00e9nero biol\u00f3gico y social est\u00e1n en desacuerdo.   <\/em><\/li>\n\n\n\n<li><em>\u00a1Y no pasa nada!<\/em><\/li>\n\n\n\n<li><em>Los pronombres son la forma en que te diriges a una persona y c\u00f3mo te diriges a ella, c\u00f3mo te diriges a ella. Siempre y cuando nos alejemos de la noci\u00f3n de \u00abOh, el neutro es s\u00f3lo para las cosas, no puedo&#8230;\u00bb. \u00a1D\u00e9jenos!  <\/em><\/li>\n\n\n\n<li><em>Me gustar\u00eda que me explicaras -porque esta parte tambi\u00e9n me resulta un poco confusa- los pronombres que pueden ser del tipo ellos\/ella o ella\/\u00e9l. Es decir, donde hay adjetivos.  <\/em><\/li>\n\n\n\n<li><em>En estos casos, creo que lo mejor es hablar con la persona y preguntarle si tiene alguna preferencia en cuanto a los pronombres; esto tambi\u00e9n ocurre. Puede que te diga que le parece bien. Entonces, aseg\u00farate de que en tu discurso aparecen ambos. Ya no es tanto problema.   <\/em><\/li>\n\n\n\n<li><em>Suscribimos una l\u00f3gica de fluidez, en la que no es necesario definirse por una sola cosa. <\/em><\/li>\n\n\n\n<li><em>Adem\u00e1s, tenemos que aprender a no tener miedo de hacer preguntas. Si lo averg\u00fcenzas preguntando viene en segundo lugar. <\/em><\/li>\n\n\n\n<li><em>Y depende de tu palabra y de tu intenci\u00f3n.<\/em><\/li>\n\n\n\n<li><em>Lo mejor que puedes hacer cuando conoces a una persona que es queer y no cisg\u00e9nero es preguntar. Y nadie se ofender\u00e1 porque preguntes. <\/em><\/li>\n<\/ul>\n\n\n\n<p><strong>Recursos (en ingl\u00e9s):<\/strong><\/p>\n\n\n\n<ul class=\"wp-block-list\">\n<li><a href=\"https:\/\/www.them.us\/story\/gender-neutral-pronouns-101-they-them-xe-xem\" target=\"_blank\" rel=\"noreferrer noopener\"><\/a><a href=\"https:\/\/www.them.us\/story\/gender-neutral-pronouns-101-they-them-xe-xem\">Pronombres neutros 101: todo lo que siempre quiso saber<\/a><\/li>\n\n\n\n<li><a href=\"https:\/\/uwm.edu\/lgbtrc\/support\/gender-pronouns\/\" target=\"_blank\" rel=\"noreferrer noopener\"><\/a><a href=\"https:\/\/uwm.edu\/lgbtrc\/support\/gender-pronouns\/\">Pronombres de g\u00e9nero &#8211; Centro de Investigaci\u00f3n LGBTQ+ Universidad de Wisconsin Milwaukee<\/a><\/li>\n\n\n\n<li><a href=\"https:\/\/www.youtube.com\/watch?v=MeOGFQ0e4_0&amp;pp=ygUZZ2VuZGVyIHByb25vdW5zIGV4cGxhaW5lZA%3D%3D\" target=\"_blank\" rel=\"noreferrer noopener\"><\/a><a href=\"https:\/\/www.youtube.com\/watch?v=MeOGFQ0e4_0&amp;pp=ygUZZ2VuZGVyIHByb25vdW5zIGV4cGxhaW5lZA%3D%3D\">What are Pronouns?<\/a><\/li>\n<\/ul>\n\n\n\n<div style=\"height:30px\" aria-hidden=\"true\" class=\"wp-block-spacer\"><\/div>\n\n\n<a target=\"_self\" class=\"button small grey\" href=\"\/es\/terminos-relacionados-con-el-genero\/\">Atr\u00e1s<\/a>\n","protected":false},"excerpt":{"rendered":"<p>Pronombre o conjunto de pronombres que una persona utiliza para referirse a s\u00ed misma cuando no se la llama por su nombre (por ejemplo, ella\/\u00e9l\/ellos; \u00e9l\/ella\/\u00e9l; y ellos\/ellos\/ellos\/ellos). La siguiente discusi\u00f3n se orienta en los pronombres de g\u00e9nero, su uso y los actos de respeto. Recursos (en ingl\u00e9s):<\/p>\n","protected":false},"author":6,"featured_media":0,"parent":0,"menu_order":0,"comment_status":"closed","ping_status":"closed","template":"t-team.php","meta":{"footnotes":""},"class_list":["post-3934","page","type-page","status-publish","hentry"],"jetpack_sharing_enabled":true,"jetpack-related-posts":[],"_links":{"self":[{"href":"https:\/\/ewisee.eu\/es\/wp-json\/wp\/v2\/pages\/3934","targetHints":{"allow":["GET"]}}],"collection":[{"href":"https:\/\/ewisee.eu\/es\/wp-json\/wp\/v2\/pages"}],"about":[{"href":"https:\/\/ewisee.eu\/es\/wp-json\/wp\/v2\/types\/page"}],"author":[{"embeddable":true,"href":"https:\/\/ewisee.eu\/es\/wp-json\/wp\/v2\/users\/6"}],"replies":[{"embeddable":true,"href":"https:\/\/ewisee.eu\/es\/wp-json\/wp\/v2\/comments?post=3934"}],"version-history":[{"count":2,"href":"https:\/\/ewisee.eu\/es\/wp-json\/wp\/v2\/pages\/3934\/revisions"}],"predecessor-version":[{"id":3939,"href":"https:\/\/ewisee.eu\/es\/wp-json\/wp\/v2\/pages\/3934\/revisions\/3939"}],"wp:attachment":[{"href":"https:\/\/ewisee.eu\/es\/wp-json\/wp\/v2\/media?parent=3934"}],"curies":[{"name":"wp","href":"https:\/\/api.w.org\/{rel}","templated":true}]}}