{"id":3960,"date":"2024-04-28T18:39:49","date_gmt":"2024-04-28T18:39:49","guid":{"rendered":"https:\/\/ewisee.eu\/patriarcado\/"},"modified":"2024-09-05T02:08:36","modified_gmt":"2024-09-05T02:08:36","slug":"patriarcado","status":"publish","type":"page","link":"https:\/\/ewisee.eu\/es\/patriarcado\/","title":{"rendered":"Patriarcado"},"content":{"rendered":"\n<p>El patriarcado es un sistema social en el que los hombres ocupan principalmente posiciones de dominio y privilegio. Se utiliza tanto como t\u00e9rmino t\u00e9cnico antropol\u00f3gico para referirse a familias o clanes controlados por el padre o el var\u00f3n o grupo de varones de m\u00e1s edad, como en la teor\u00eda feminista para describir estructuras sociales amplias en las que los hombres dominan a las mujeres y los ni\u00f1os. <\/p>\n\n\n\n<p>El patriarcado y las actitudes patriarcales emanan del privilegio de los hombres blancos (principalmente) cis-heterosexuales y conducen a comportamientos opresivos y abusivos como:<\/p>\n\n\n\n<ul class=\"wp-block-list\">\n<li>violencia de g\u00e9nero contra las mujeres<\/li>\n\n\n\n<li>violencia dom\u00e9stica<\/li>\n\n\n\n<li>feminicidios<\/li>\n\n\n\n<li>sexismo<\/li>\n\n\n\n<li>opresi\u00f3n y discriminaci\u00f3n<\/li>\n\n\n\n<li>violaciones<\/li>\n\n\n\n<li>culpabilizaci\u00f3n de las v\u00edctimas<\/li>\n\n\n\n<li>agresi\u00f3n sexual<\/li>\n\n\n\n<li>misoginia y misoginia interiorizada<\/li>\n<\/ul>\n\n\n\n<div class=\"wp-block-group is-vertical is-layout-flex wp-container-core-group-is-layout-8cf370e7 wp-block-group-is-layout-flex\">\n<p><strong>Recursos (en ingl\u00e9s):<\/strong><\/p>\n\n\n\n<ul class=\"wp-block-list\">\n<li><strong><a href=\"https:\/\/drive.google.com\/file\/d\/1toJrApHmfsJ_UBNEvF4yzWGxe5zYZ11z\/view?usp=drive_link\" target=\"_blank\" rel=\"noreferrer noopener\">Kantzara, Vasiliki. \u00abPatriarchy\u00bb (Patriarcado). Enciclopedia Internacional de Pol\u00edtica Social (2006): Impreso<\/a>  <\/strong><\/li>\n\n\n\n<li><strong><a href=\"https:\/\/www.youtube.com\/watch?v=R0LXAC2PXuU&amp;pp=ygUUcGF0cmlhcmNoeSBleHBsYWluZWQ%3D\" target=\"_blank\" rel=\"noreferrer noopener\"><\/a><a href=\"https:\/\/www.youtube.com\/watch?v=R0LXAC2PXuU&amp;pp=ygUUcGF0cmlhcmNoeSBleHBsYWluZWQ%3D\">\u00bfQu\u00e9 es el patriarcado?<\/a><\/strong><\/li>\n<\/ul>\n<\/div>\n\n\n\n<div style=\"height:30px\" aria-hidden=\"true\" class=\"wp-block-spacer\"><\/div>\n\n\n<a target=\"_self\" class=\"button small grey\" href=\"\/es\/1a-categoria-violencia-de-genero-y-violencia-contra-la-identidad-femenina\/\">Atr\u00e1s<\/a>\n","protected":false},"excerpt":{"rendered":"<p>El patriarcado es un sistema social en el que los hombres ocupan principalmente posiciones de dominio y privilegio. Se utiliza tanto como t\u00e9rmino t\u00e9cnico antropol\u00f3gico para referirse a familias o clanes controlados por el padre o el var\u00f3n o grupo de varones de m\u00e1s edad, como en la teor\u00eda feminista para describir estructuras sociales amplias&#8230;<\/p>\n","protected":false},"author":6,"featured_media":0,"parent":0,"menu_order":0,"comment_status":"closed","ping_status":"closed","template":"t-team.php","meta":{"footnotes":""},"class_list":["post-3960","page","type-page","status-publish","hentry"],"jetpack_sharing_enabled":true,"jetpack-related-posts":[],"_links":{"self":[{"href":"https:\/\/ewisee.eu\/es\/wp-json\/wp\/v2\/pages\/3960","targetHints":{"allow":["GET"]}}],"collection":[{"href":"https:\/\/ewisee.eu\/es\/wp-json\/wp\/v2\/pages"}],"about":[{"href":"https:\/\/ewisee.eu\/es\/wp-json\/wp\/v2\/types\/page"}],"author":[{"embeddable":true,"href":"https:\/\/ewisee.eu\/es\/wp-json\/wp\/v2\/users\/6"}],"replies":[{"embeddable":true,"href":"https:\/\/ewisee.eu\/es\/wp-json\/wp\/v2\/comments?post=3960"}],"version-history":[{"count":2,"href":"https:\/\/ewisee.eu\/es\/wp-json\/wp\/v2\/pages\/3960\/revisions"}],"predecessor-version":[{"id":3965,"href":"https:\/\/ewisee.eu\/es\/wp-json\/wp\/v2\/pages\/3960\/revisions\/3965"}],"wp:attachment":[{"href":"https:\/\/ewisee.eu\/es\/wp-json\/wp\/v2\/media?parent=3960"}],"curies":[{"name":"wp","href":"https:\/\/api.w.org\/{rel}","templated":true}]}}