{"id":3970,"date":"2024-04-28T18:48:33","date_gmt":"2024-04-28T18:48:33","guid":{"rendered":"https:\/\/ewisee.eu\/privilegio-miembro-de-un-grupo-privilegiado-privilegio-masculino\/"},"modified":"2024-09-05T02:19:27","modified_gmt":"2024-09-05T02:19:27","slug":"privilegio-miembro-de-un-grupo-privilegiado-privilegio-masculino","status":"publish","type":"page","link":"https:\/\/ewisee.eu\/es\/privilegio-miembro-de-un-grupo-privilegiado-privilegio-masculino\/","title":{"rendered":"Privilegio \/ Miembro de un Grupo Privilegiado \/ Privilegio Masculino"},"content":{"rendered":"\n<p><span style=\"text-decoration: underline;\"><strong>Privilegio<\/strong><\/span>: El acceso no ganado a los recursos (poder social) s\u00f3lo est\u00e1 al alcance de algunos individuos debido a su grupo social.<\/p>\n\n\n\n<p><span style=\"text-decoration: underline;\"><strong>Miembro de un grupo privilegiado: <\/strong><\/span>Miembro de un grupo social privilegiado por nacimiento o adquisici\u00f3n, es decir, blancos, hombres, clase propietaria, clase media alta, heterosexuales, gentiles, cristianos e individuos no discapacitados.  <\/p>\n\n\n\n<p><strong><span style=\"text-decoration: underline;\">Privilegio masculino:<\/span><\/strong> El privilegio masculino se refiere a la tendencia de los hombres a permitir y esperar que las mujeres asuman una divisi\u00f3n desigual del trabajo, la responsabilidad y la abnegaci\u00f3n. Se puede considerar que tiene un elemento relacional y otro social. <\/p>\n\n\n\n<p><em>Privilegio relacional masculino: <\/em>A los hombres les afectan menos los llantos de los beb\u00e9s, las exigencias de los ni\u00f1os, las necesidades de los enfermos o una casa descuidada, y a menudo las mujeres acaban ocup\u00e1ndose solas de estas cosas porque los hombres de la casa no hacen ning\u00fan movimiento inmediato para ayudar. Aunque cada trabajo individual de la mujer parezca voluntario, el panorama general no lo es. Por ejemplo, en un hogar, no se hace ning\u00fan movimiento inmediato para ayudar. Aunque cada trabajo de la mujer parezca voluntario, la situaci\u00f3n general no lo es. Por ejemplo, en un hogar en el que ambos c\u00f3nyuges trabajan a jornada completa, se espera que la mujer cocine y limpie cuando llega a casa. Otro ejemplo: se esperar\u00e1 de la mujer que se encargue de todas las tareas dom\u00e9sticas y del cuidado de los ni\u00f1os, incluso aunque supongan mucho m\u00e1s que el trabajo del hombre.     <\/p>\n\n\n\n<p><em>Privilegio social masculino:<\/em> Los hombres tienden a no exponer o negociar claramente las necesidades de dependencia. En cambio, es habitual que los hombres quieran incorporarlas a sus roles. Por ejemplo, se espera que las mujeres pasen el tiempo no laboral en casa, mientras que los hombres van y vienen. O se espera que la mujer tenga relaciones sexuales siempre que el hombre lo desee. Esto protege a los hombres de preocupaciones de abandono o inadecuaci\u00f3n. Sin embargo, si no se controla, esta tendencia se convierte en un deber y una exigencia respaldada por actitudes y normas sociales. Algunas culturas permiten o ayudan a los hombres a castigar a las compa\u00f1eras que \u00abno saben cu\u00e1l es su lugar\u00bb.      <\/p>\n\n\n\n<div style=\"height:30px\" aria-hidden=\"true\" class=\"wp-block-spacer\"><\/div>\n\n\n<a target=\"_self\" class=\"button small grey\" href=\"\/es\/1a-categoria-violencia-de-genero-y-violencia-contra-la-identidad-femenina\/\">Atr\u00e1s<\/a>\n","protected":false},"excerpt":{"rendered":"<p>Privilegio: El acceso no ganado a los recursos (poder social) s\u00f3lo est\u00e1 al alcance de algunos individuos debido a su grupo social. Miembro de un grupo privilegiado: Miembro de un grupo social privilegiado por nacimiento o adquisici\u00f3n, es decir, blancos, hombres, clase propietaria, clase media alta, heterosexuales, gentiles, cristianos e individuos no discapacitados. Privilegio masculino:&#8230;<\/p>\n","protected":false},"author":6,"featured_media":0,"parent":0,"menu_order":0,"comment_status":"closed","ping_status":"closed","template":"t-team.php","meta":{"footnotes":""},"class_list":["post-3970","page","type-page","status-publish","hentry"],"jetpack_sharing_enabled":true,"jetpack-related-posts":[],"_links":{"self":[{"href":"https:\/\/ewisee.eu\/es\/wp-json\/wp\/v2\/pages\/3970","targetHints":{"allow":["GET"]}}],"collection":[{"href":"https:\/\/ewisee.eu\/es\/wp-json\/wp\/v2\/pages"}],"about":[{"href":"https:\/\/ewisee.eu\/es\/wp-json\/wp\/v2\/types\/page"}],"author":[{"embeddable":true,"href":"https:\/\/ewisee.eu\/es\/wp-json\/wp\/v2\/users\/6"}],"replies":[{"embeddable":true,"href":"https:\/\/ewisee.eu\/es\/wp-json\/wp\/v2\/comments?post=3970"}],"version-history":[{"count":2,"href":"https:\/\/ewisee.eu\/es\/wp-json\/wp\/v2\/pages\/3970\/revisions"}],"predecessor-version":[{"id":3975,"href":"https:\/\/ewisee.eu\/es\/wp-json\/wp\/v2\/pages\/3970\/revisions\/3975"}],"wp:attachment":[{"href":"https:\/\/ewisee.eu\/es\/wp-json\/wp\/v2\/media?parent=3970"}],"curies":[{"name":"wp","href":"https:\/\/api.w.org\/{rel}","templated":true}]}}