{"id":3986,"date":"2024-04-28T19:08:00","date_gmt":"2024-04-28T19:08:00","guid":{"rendered":"https:\/\/ewisee.eu\/violencia-domestica-violencia-en-citas\/"},"modified":"2024-09-05T02:35:15","modified_gmt":"2024-09-05T02:35:15","slug":"violencia-domestica-violencia-en-citas","status":"publish","type":"page","link":"https:\/\/ewisee.eu\/es\/violencia-domestica-violencia-en-citas\/","title":{"rendered":"Violencia Dom\u00e9stica \/ Violencia en Citas"},"content":{"rendered":"\n<p>Un patr\u00f3n de comportamiento abusivo en una relaci\u00f3n por parte de un individuo para obtener o mantener el control sobre otro individuo si estos individuos viven en el mismo entorno dom\u00e9stico. Puede incluir abuso verbal, f\u00edsico, sexual, emocional, econ\u00f3mico y\/o psicol\u00f3gico, as\u00ed como control, intimidaci\u00f3n, amenazas y\/o acoso. Tambi\u00e9n puede ocurrir a individuos casados, que viven juntos, que salen juntos o que tienen parejas sexuales o \u00edntimas, as\u00ed como a ni\u00f1os y otros miembros de la familia, independientemente de su origen socioecon\u00f3mico, raza, edad, orientaci\u00f3n sexual, religi\u00f3n, g\u00e9nero o identidad de g\u00e9nero.   <\/p>\n\n\n\n<p><span style=\"text-decoration: underline;\"><strong>Violencia en Citas:<\/strong><\/span> Comportamiento controlador, abusivo y\/o agresivo en el contexto de una relaci\u00f3n rom\u00e1ntica y\/o sexual. Puede incluir abuso verbal, f\u00edsico, sexual, emocional, econ\u00f3mico y\/o psicol\u00f3gico, perpetrarse contra alguien de cualquier sexo y darse en cualquier relaci\u00f3n independientemente de su orientaci\u00f3n sexual.  <\/p>\n\n\n\n<div class=\"wp-block-group is-vertical is-layout-flex wp-container-core-group-is-layout-8cf370e7 wp-block-group-is-layout-flex\">\n<p><strong>Recursos (en ingl\u00e9s):<\/strong><\/p>\n\n\n\n<ul class=\"wp-block-list\">\n<li><a href=\"https:\/\/www.youtube.com\/watch?v=1L6HB97lbrQ\"><strong>Sunshine &#8211; No confundas amor y abuso &#8211; Primer d\u00eda<\/strong><\/a><\/li>\n\n\n\n<li><a href=\"https:\/\/ncadv.org\/\"><strong>Coalici\u00f3n Nacional contra la Violencia Dom\u00e9stica<\/strong><\/a><\/li>\n\n\n\n<li><a href=\"https:\/\/diotima.org.gr\/en\/\"><strong>Centro Diotima sobre Cuestiones de G\u00e9nero<\/strong><\/a><\/li>\n<\/ul>\n<\/div>\n\n\n\n<div style=\"height:30px\" aria-hidden=\"true\" class=\"wp-block-spacer\"><\/div>\n\n\n<a target=\"_self\" class=\"button small grey\" href=\"\/es\/1a-categoria-violencia-de-genero-y-violencia-contra-la-identidad-femenina\/\">Atr\u00e1s<\/a>\n","protected":false},"excerpt":{"rendered":"<p>Un patr\u00f3n de comportamiento abusivo en una relaci\u00f3n por parte de un individuo para obtener o mantener el control sobre otro individuo si estos individuos viven en el mismo entorno dom\u00e9stico. Puede incluir abuso verbal, f\u00edsico, sexual, emocional, econ\u00f3mico y\/o psicol\u00f3gico, as\u00ed como control, intimidaci\u00f3n, amenazas y\/o acoso. Tambi\u00e9n puede ocurrir a individuos casados, que&#8230;<\/p>\n","protected":false},"author":6,"featured_media":0,"parent":0,"menu_order":0,"comment_status":"closed","ping_status":"closed","template":"t-team.php","meta":{"footnotes":""},"class_list":["post-3986","page","type-page","status-publish","hentry"],"jetpack_sharing_enabled":true,"jetpack-related-posts":[],"_links":{"self":[{"href":"https:\/\/ewisee.eu\/es\/wp-json\/wp\/v2\/pages\/3986","targetHints":{"allow":["GET"]}}],"collection":[{"href":"https:\/\/ewisee.eu\/es\/wp-json\/wp\/v2\/pages"}],"about":[{"href":"https:\/\/ewisee.eu\/es\/wp-json\/wp\/v2\/types\/page"}],"author":[{"embeddable":true,"href":"https:\/\/ewisee.eu\/es\/wp-json\/wp\/v2\/users\/6"}],"replies":[{"embeddable":true,"href":"https:\/\/ewisee.eu\/es\/wp-json\/wp\/v2\/comments?post=3986"}],"version-history":[{"count":2,"href":"https:\/\/ewisee.eu\/es\/wp-json\/wp\/v2\/pages\/3986\/revisions"}],"predecessor-version":[{"id":3991,"href":"https:\/\/ewisee.eu\/es\/wp-json\/wp\/v2\/pages\/3986\/revisions\/3991"}],"wp:attachment":[{"href":"https:\/\/ewisee.eu\/es\/wp-json\/wp\/v2\/media?parent=3986"}],"curies":[{"name":"wp","href":"https:\/\/api.w.org\/{rel}","templated":true}]}}