{"id":4010,"date":"2024-04-28T19:32:01","date_gmt":"2024-04-28T19:32:01","guid":{"rendered":"https:\/\/ewisee.eu\/opresion\/"},"modified":"2024-09-05T03:44:13","modified_gmt":"2024-09-05T03:44:13","slug":"opresion","status":"publish","type":"page","link":"https:\/\/ewisee.eu\/es\/opresion\/","title":{"rendered":"Opresi\u00f3n"},"content":{"rendered":"\n<p>Resulta del uso del poder institucional y del privilegio cuando una persona o grupo se beneficia a expensas de otro. La opresi\u00f3n es el uso del poder y los efectos de la dominaci\u00f3n. Una persona de un grupo no dominante puede experimentar la opresi\u00f3n en forma de limitaciones, desventajas o desaprobaci\u00f3n. Pueden incluso sufrir abusos por parte de individuos, instituciones o pr\u00e1cticas culturales. \u00abOpresi\u00f3n\u00bb se refiere a una combinaci\u00f3n de prejuicios y poder institucional que crea un sistema que discrimina regular y gravemente a algunos grupos y beneficia a otros.    <\/p>\n\n\n\n<p>*<em>Sistema de opresi\u00f3n: Acoso consciente e inconsciente, no aleatorio y organizado, discriminaci\u00f3n, explotaci\u00f3n, discriminaci\u00f3n, prejuicio y otras formas de trato desigual que afectan a diferentes grupos.<\/em><\/p>\n\n\n\n<div class=\"wp-block-group is-vertical is-layout-flex wp-container-core-group-is-layout-8cf370e7 wp-block-group-is-layout-flex\">\n<p><strong>Recursos (en ingl\u00e9s):<\/strong><\/p>\n\n\n\n<ul class=\"wp-block-list\">\n<li><strong><a href=\"https:\/\/nmaahc.si.edu\/learn\/talking-about-race\/topics\/social-identities-and-systems-oppression\" target=\"_blank\" rel=\"noreferrer noopener\"><\/a><a href=\"https:\/\/nmaahc.si.edu\/learn\/talking-about-race\/topics\/social-identities-and-systems-oppression\">Identidades sociales y sistemas de opresi\u00f3n &#8211; Museo Nacional de Historia y Cultura Afroamericanas<\/a> <\/strong><\/li>\n\n\n\n<li><strong><a href=\"https:\/\/www.workers.org\/lgbtq-oppression\/\" target=\"_blank\" rel=\"noreferrer noopener\"><\/a><a href=\"https:\/\/www.workers.org\/lgbtq-oppression\/\">Opresi\u00f3n LGBTQ &#8211; WorkersOrg<\/a><\/strong><\/li>\n<\/ul>\n<\/div>\n\n\n\n<div style=\"height:30px\" aria-hidden=\"true\" class=\"wp-block-spacer\"><\/div>\n\n\n<a target=\"_self\" class=\"button small grey\" href=\"\/es\/1a-categoria-violencia-de-genero-y-violencia-contra-la-identidad-femenina\/\">Atr\u00e1s<\/a>\n","protected":false},"excerpt":{"rendered":"<p>Resulta del uso del poder institucional y del privilegio cuando una persona o grupo se beneficia a expensas de otro. La opresi\u00f3n es el uso del poder y los efectos de la dominaci\u00f3n. Una persona de un grupo no dominante puede experimentar la opresi\u00f3n en forma de limitaciones, desventajas o desaprobaci\u00f3n. Pueden incluso sufrir abusos&#8230;<\/p>\n","protected":false},"author":6,"featured_media":0,"parent":0,"menu_order":0,"comment_status":"closed","ping_status":"closed","template":"t-team.php","meta":{"footnotes":""},"class_list":["post-4010","page","type-page","status-publish","hentry"],"jetpack_sharing_enabled":true,"jetpack-related-posts":[],"_links":{"self":[{"href":"https:\/\/ewisee.eu\/es\/wp-json\/wp\/v2\/pages\/4010","targetHints":{"allow":["GET"]}}],"collection":[{"href":"https:\/\/ewisee.eu\/es\/wp-json\/wp\/v2\/pages"}],"about":[{"href":"https:\/\/ewisee.eu\/es\/wp-json\/wp\/v2\/types\/page"}],"author":[{"embeddable":true,"href":"https:\/\/ewisee.eu\/es\/wp-json\/wp\/v2\/users\/6"}],"replies":[{"embeddable":true,"href":"https:\/\/ewisee.eu\/es\/wp-json\/wp\/v2\/comments?post=4010"}],"version-history":[{"count":2,"href":"https:\/\/ewisee.eu\/es\/wp-json\/wp\/v2\/pages\/4010\/revisions"}],"predecessor-version":[{"id":4015,"href":"https:\/\/ewisee.eu\/es\/wp-json\/wp\/v2\/pages\/4010\/revisions\/4015"}],"wp:attachment":[{"href":"https:\/\/ewisee.eu\/es\/wp-json\/wp\/v2\/media?parent=4010"}],"curies":[{"name":"wp","href":"https:\/\/api.w.org\/{rel}","templated":true}]}}