{"id":4018,"date":"2024-04-28T19:36:47","date_gmt":"2024-04-28T19:36:47","guid":{"rendered":"https:\/\/ewisee.eu\/discriminacion\/"},"modified":"2024-09-05T03:50:11","modified_gmt":"2024-09-05T03:50:11","slug":"discriminacion","status":"publish","type":"page","link":"https:\/\/ewisee.eu\/es\/discriminacion\/","title":{"rendered":"Discriminaci\u00f3n"},"content":{"rendered":"\n<p>La denegaci\u00f3n de justicia y trato justo por parte de individuos e instituciones en muchos \u00e1mbitos, como el empleo, la educaci\u00f3n, la vivienda, la banca y los derechos pol\u00edticos. La discriminaci\u00f3n es una acci\u00f3n que puede seguir a un pensamiento prejuicioso. Las autoridades de muchos pa\u00edses que han firmado tratados internacionales por los que se comprometen a proteger los derechos humanos siguen aplicando e introduciendo leyes que se\u00f1alan y discriminan a las personas por su orientaci\u00f3n sexual o su identidad y expresi\u00f3n de g\u00e9nero. Pero en todo el mundo, muchas mujeres y ni\u00f1as siguen sufriendo discriminaci\u00f3n por motivos de sexo y g\u00e9nero. La desigualdad de g\u00e9nero es la base de muchos problemas que afectan de forma desproporcionada a mujeres y ni\u00f1as, como la violencia dom\u00e9stica y sexual, los salarios m\u00e1s bajos, la falta de acceso a la educaci\u00f3n y una atenci\u00f3n sanitaria inadecuada.    <\/p>\n\n\n\n<div class=\"wp-block-group is-vertical is-layout-flex wp-container-core-group-is-layout-8cf370e7 wp-block-group-is-layout-flex\">\n<p><strong>Recursos (en ingl\u00e9s):<\/strong><\/p>\n\n\n\n<ul class=\"wp-block-list\">\n<li><strong><a href=\"https:\/\/amnesty.org\/en\/what-we-do\/discrimination\/lgbti-rights\/#discriminationagainstlgbtipeople\" target=\"_blank\" rel=\"noreferrer noopener\"><\/a><a href=\"https:\/\/amnesty.org\/en\/what-we-do\/discrimination\/lgbti-rights\/#discriminationagainstlgbtipeople\">Discriminaci\u00f3n contra personas LGBTI &#8211; AmnestyOrg<\/a>  <\/strong><\/li>\n\n\n\n<li><strong><a href=\"https:\/\/www.amnesty.org\/en\/what-we-do\/discrimination\/womens-rights\/\" target=\"_blank\" rel=\"noreferrer noopener\"><\/a><a href=\"https:\/\/www.amnesty.org\/en\/what-we-do\/discrimination\/womens-rights\/\">Discriminaci\u00f3n contra la mujer &#8211; AmnestyOrg<\/a><\/strong><\/li>\n<\/ul>\n<\/div>\n\n\n\n<div style=\"height:30px\" aria-hidden=\"true\" class=\"wp-block-spacer\"><\/div>\n\n\n<a target=\"_self\" class=\"button small grey\" href=\"\/es\/1a-categoria-violencia-de-genero-y-violencia-contra-la-identidad-femenina\/\">Atr\u00e1s<\/a>\n","protected":false},"excerpt":{"rendered":"<p>La denegaci\u00f3n de justicia y trato justo por parte de individuos e instituciones en muchos \u00e1mbitos, como el empleo, la educaci\u00f3n, la vivienda, la banca y los derechos pol\u00edticos. La discriminaci\u00f3n es una acci\u00f3n que puede seguir a un pensamiento prejuicioso. Las autoridades de muchos pa\u00edses que han firmado tratados internacionales por los que se&#8230;<\/p>\n","protected":false},"author":6,"featured_media":0,"parent":0,"menu_order":0,"comment_status":"closed","ping_status":"closed","template":"t-team.php","meta":{"footnotes":""},"class_list":["post-4018","page","type-page","status-publish","hentry"],"jetpack_sharing_enabled":true,"jetpack-related-posts":[],"_links":{"self":[{"href":"https:\/\/ewisee.eu\/es\/wp-json\/wp\/v2\/pages\/4018","targetHints":{"allow":["GET"]}}],"collection":[{"href":"https:\/\/ewisee.eu\/es\/wp-json\/wp\/v2\/pages"}],"about":[{"href":"https:\/\/ewisee.eu\/es\/wp-json\/wp\/v2\/types\/page"}],"author":[{"embeddable":true,"href":"https:\/\/ewisee.eu\/es\/wp-json\/wp\/v2\/users\/6"}],"replies":[{"embeddable":true,"href":"https:\/\/ewisee.eu\/es\/wp-json\/wp\/v2\/comments?post=4018"}],"version-history":[{"count":2,"href":"https:\/\/ewisee.eu\/es\/wp-json\/wp\/v2\/pages\/4018\/revisions"}],"predecessor-version":[{"id":4023,"href":"https:\/\/ewisee.eu\/es\/wp-json\/wp\/v2\/pages\/4018\/revisions\/4023"}],"wp:attachment":[{"href":"https:\/\/ewisee.eu\/es\/wp-json\/wp\/v2\/media?parent=4018"}],"curies":[{"name":"wp","href":"https:\/\/api.w.org\/{rel}","templated":true}]}}