{"id":4026,"date":"2024-04-28T19:41:17","date_gmt":"2024-04-28T19:41:17","guid":{"rendered":"https:\/\/ewisee.eu\/abuso-sexual-agresion-acoso-violencia\/"},"modified":"2024-09-05T04:08:16","modified_gmt":"2024-09-05T04:08:16","slug":"abuso-sexual-agresion-acoso-violencia","status":"publish","type":"page","link":"https:\/\/ewisee.eu\/es\/abuso-sexual-agresion-acoso-violencia\/","title":{"rendered":"Abuso Sexual \/ Agresi\u00f3n \/ Acoso \/ Violencia"},"content":{"rendered":"\n<p><strong><span style=\"text-decoration: underline;\">Abuso sexual<\/span><\/strong>: Cualquier contacto sexual no deseado, incluyendo pero no limitado a la fuerza, amenazas, o aprovecharse de un individuo, a menudo durante alg\u00fan tiempo. Un solo acto de abuso sexual suele denominarse \u00abagresi\u00f3n sexual\u00bb.  <\/p>\n\n\n\n<p><strong><span style=\"text-decoration: underline;\">Agresi\u00f3n sexual:<\/span><\/strong> Cualquier acto sexual no deseado cometido por una persona o personas contra otra persona. Los ejemplos incluyen, entre otros, besos, manoseos o caricias no consentidos; intento de violaci\u00f3n; obligar a alguien a realizar un acto sexual; y violaci\u00f3n. <\/p>\n\n\n\n<p><span style=\"text-decoration: underline;\"><strong>Acoso sexual:<\/strong><\/span> Insinuaciones sexuales no deseadas, petici\u00f3n de favores sexuales y otras conductas verbales o f\u00edsicas no deseadas de naturaleza sexual. <\/p>\n\n\n\n<p><span style=\"text-decoration: underline;\"><strong>Violencia sexual: <\/strong><\/span>T\u00e9rmino global, no jur\u00eddico, que se refiere a cualquier acto sexual consumado o intentado que se produce cuando no se obtiene el consentimiento o no se da libremente. Incluye la agresi\u00f3n sexual, la violaci\u00f3n, el abuso sexual, la violencia dom\u00e9stica, la violencia en las citas y la violencia en la pareja. <\/p>\n\n\n\n<div class=\"wp-block-group is-vertical is-layout-flex wp-container-core-group-is-layout-8cf370e7 wp-block-group-is-layout-flex\">\n<p><strong>Recursos (en ingl\u00e9s):<\/strong><\/p>\n\n\n\n<ul class=\"wp-block-list\">\n<li><strong><a href=\"https:\/\/www.rainn.org\/articles\/sexual-harassment\" target=\"_blank\" rel=\"noreferrer noopener\"><\/a><a href=\"https:\/\/www.rainn.org\/articles\/sexual-harassment\">Acoso sexual &#8211; Red Nacional contra la Violaci\u00f3n, el Maltrato y el Incesto<\/a> <\/strong><\/li>\n\n\n\n<li><strong><a href=\"https:\/\/www.unhcr.org\/what-we-do\/how-we-work\/tackling-sexual-exploitation-abuse-and-harassment\/what-sexual-exploitation\" target=\"_blank\" rel=\"noreferrer noopener\"><g id=\"gid_0\">\u00bfQu\u00e9 es la explotaci\u00f3n, el abuso y el acoso sexuales? &#8211; ACNUR (Agencia de la ONU para los Refugiados)<\/g> <\/a> <\/strong><\/li>\n\n\n\n<li><a href=\"https:\/\/youtu.be\/4qWt2qZ59w8?feature=shared\" target=\"_blank\" rel=\"noreferrer noopener\"><strong>Agresi\u00f3n sexual, consentimiento y acoso sexual: \u00bfCu\u00e1l es la diferencia?<\/strong><\/a><\/li>\n<\/ul>\n<\/div>\n\n\n\n<div style=\"height:30px\" aria-hidden=\"true\" class=\"wp-block-spacer\"><\/div>\n\n\n<a target=\"_self\" class=\"button small grey\" href=\"\/es\/1a-categoria-violencia-de-genero-y-violencia-contra-la-identidad-femenina\/\">Atr\u00e1s<\/a>\n","protected":false},"excerpt":{"rendered":"<p>Abuso sexual: Cualquier contacto sexual no deseado, incluyendo pero no limitado a la fuerza, amenazas, o aprovecharse de un individuo, a menudo durante alg\u00fan tiempo. Un solo acto de abuso sexual suele denominarse \u00abagresi\u00f3n sexual\u00bb. Agresi\u00f3n sexual: Cualquier acto sexual no deseado cometido por una persona o personas contra otra persona. Los ejemplos incluyen, entre&#8230;<\/p>\n","protected":false},"author":6,"featured_media":0,"parent":0,"menu_order":0,"comment_status":"closed","ping_status":"closed","template":"t-team.php","meta":{"footnotes":""},"class_list":["post-4026","page","type-page","status-publish","hentry"],"jetpack_sharing_enabled":true,"jetpack-related-posts":[],"_links":{"self":[{"href":"https:\/\/ewisee.eu\/es\/wp-json\/wp\/v2\/pages\/4026","targetHints":{"allow":["GET"]}}],"collection":[{"href":"https:\/\/ewisee.eu\/es\/wp-json\/wp\/v2\/pages"}],"about":[{"href":"https:\/\/ewisee.eu\/es\/wp-json\/wp\/v2\/types\/page"}],"author":[{"embeddable":true,"href":"https:\/\/ewisee.eu\/es\/wp-json\/wp\/v2\/users\/6"}],"replies":[{"embeddable":true,"href":"https:\/\/ewisee.eu\/es\/wp-json\/wp\/v2\/comments?post=4026"}],"version-history":[{"count":2,"href":"https:\/\/ewisee.eu\/es\/wp-json\/wp\/v2\/pages\/4026\/revisions"}],"predecessor-version":[{"id":4031,"href":"https:\/\/ewisee.eu\/es\/wp-json\/wp\/v2\/pages\/4026\/revisions\/4031"}],"wp:attachment":[{"href":"https:\/\/ewisee.eu\/es\/wp-json\/wp\/v2\/media?parent=4026"}],"curies":[{"name":"wp","href":"https:\/\/api.w.org\/{rel}","templated":true}]}}