{"id":4034,"date":"2024-04-28T19:50:15","date_gmt":"2024-04-28T19:50:15","guid":{"rendered":"https:\/\/ewisee.eu\/violacion\/"},"modified":"2024-09-05T04:25:13","modified_gmt":"2024-09-05T04:25:13","slug":"violacion","status":"publish","type":"page","link":"https:\/\/ewisee.eu\/es\/violacion\/","title":{"rendered":"Violaci\u00f3n"},"content":{"rendered":"\n<p>La violaci\u00f3n es un acto sexual il\u00edcito y una forma nociva de violencia sexual que afecta de forma desproporcionada a mujeres y ni\u00f1as. La violaci\u00f3n se produce en ausencia de consentimiento, el acuerdo voluntario entre los participantes para mantener relaciones sexuales. Implica sexo vaginal, anal y\/o oral utilizando una parte del cuerpo o un objeto sin consentimiento. La violaci\u00f3n es una forma de agresi\u00f3n sexual, pero no todas las agresiones sexuales son violaciones.    <\/p>\n\n\n\n<p><em>El Instituto Europeo de la Igualdad de G\u00e9nero (EIGE) ofrece la siguiente definici\u00f3n estad\u00edstica de violaci\u00f3n:<\/em><\/p>\n\n\n\n<p><em>Penetraci\u00f3n sexual, ya sea vaginal, anal u oral, mediante el uso de objetos o partes del cuerpo, sin consentimiento, utilizando la fuerza, la coacci\u00f3n o aprovech\u00e1ndose de la vulnerabilidad de la v\u00edctima.&#8217;<\/em><\/p>\n\n\n\n<div class=\"wp-block-group is-vertical is-layout-flex wp-container-core-group-is-layout-8cf370e7 wp-block-group-is-layout-flex\">\n<p><strong>Recursos (en ingl\u00e9s):<\/strong><\/p>\n\n\n\n<ul class=\"wp-block-list\">\n<li><strong><a href=\"https:\/\/eige.europa.eu\/sites\/default\/files\/documents\/20223654_pdf_mh0922323enn_002.pdf\" target=\"_blank\" rel=\"noreferrer noopener\"><\/a><a href=\"https:\/\/eige.europa.eu\/sites\/default\/files\/documents\/20223654_pdf_mh0922323enn_002.pdf\" target=\"_blank\" rel=\"noreferrer noopener\">Entender la violaci\u00f3n en la Uni\u00f3n Europea &#8211; Instituto Europeo de la Igualdad de G\u00e9nero<\/a><\/strong><\/li>\n\n\n\n<li><strong><a href=\"https:\/\/www.unwomen.org\/sites\/default\/files\/Headquarters\/Media\/Publications\/UNIFEM\/EVAWkit_06_Factsheet_ConflictAndPostConflict_en.pdf\" target=\"_blank\" rel=\"noreferrer noopener\"><\/a><a href=\"https:\/\/www.unwomen.org\/sites\/default\/files\/Headquarters\/Media\/Publications\/UNIFEM\/EVAWkit_06_Factsheet_ConflictAndPostConflict_en.pdf\" target=\"_blank\" rel=\"noreferrer noopener\">La violaci\u00f3n como t\u00e1ctica de guerra &#8211; ONU Mujeres<\/a><\/strong><\/li>\n\n\n\n<li><a href=\"https:\/\/notherapedocumentary.org\/home\" target=\"_blank\" rel=\"noreferrer noopener\"><strong>\u00a1NO! El documental sobre la violaci\u00f3n<\/strong><\/a><\/li>\n<\/ul>\n\n\n\n<p>(<em>\u00a1NO! El documental sobre la violaci\u00f3n <\/em> Aishah Shahidah Simmonses el largometraje pionero estrenado en 2006 y financiado por la Fundaci\u00f3n Ford que se centra en la violaci\u00f3n intrarracial de ni\u00f1as y mujeres negras, la curaci\u00f3n y la rendici\u00f3n de cuentas a trav\u00e9s de los testimonios en primera persona, la erudici\u00f3n, la espiritualidad, el activismo y el trabajo cultural de la poblaci\u00f3n negra de Estados Unidos. Producida, escrita y dirigida durante 12 a\u00f1os (1994-2006) por <a href=\"https:\/\/notherapedocumentary.org\/about-aishah\" target=\"_blank\" rel=\"noreferrer noopener\">Aishah Shahidah Simmons<\/a>, <a href=\"https:\/\/www.akpress.org\/love-with-accountability.html\" target=\"_blank\" rel=\"noreferrer noopener\">superviviente de abusos sexuales en la infancia<\/a> y de violaciones en la edad adulta, <em>NO!<\/em> tambi\u00e9n explora c\u00f3mo se utiliza la violaci\u00f3n como arma de homofobia. <em>La pel\u00edcula<\/em> anima a los espectadores a comprometerse a prevenir, interrumpir y poner fin a las violaciones y otras formas de violencia sexual. <em>NO!<\/em> amplifica la imperativa necesidad de una rendici\u00f3n de cuentas no carcelaria y centrada en el superviviente). <\/p>\n<\/div>\n\n\n\n<div style=\"height:30px\" aria-hidden=\"true\" class=\"wp-block-spacer\"><\/div>\n\n\n<a target=\"_self\" class=\"button small grey\" href=\"\/es\/1a-categoria-violencia-de-genero-y-violencia-contra-la-identidad-femenina\/\">Atr\u00e1s<\/a>\n\n\n\n<p><\/p>\n","protected":false},"excerpt":{"rendered":"<p>La violaci\u00f3n es un acto sexual il\u00edcito y una forma nociva de violencia sexual que afecta de forma desproporcionada a mujeres y ni\u00f1as. La violaci\u00f3n se produce en ausencia de consentimiento, el acuerdo voluntario entre los participantes para mantener relaciones sexuales. Implica sexo vaginal, anal y\/o oral utilizando una parte del cuerpo o un objeto&#8230;<\/p>\n","protected":false},"author":6,"featured_media":0,"parent":0,"menu_order":0,"comment_status":"closed","ping_status":"closed","template":"t-team.php","meta":{"footnotes":""},"class_list":["post-4034","page","type-page","status-publish","hentry"],"jetpack_sharing_enabled":true,"jetpack-related-posts":[],"_links":{"self":[{"href":"https:\/\/ewisee.eu\/es\/wp-json\/wp\/v2\/pages\/4034","targetHints":{"allow":["GET"]}}],"collection":[{"href":"https:\/\/ewisee.eu\/es\/wp-json\/wp\/v2\/pages"}],"about":[{"href":"https:\/\/ewisee.eu\/es\/wp-json\/wp\/v2\/types\/page"}],"author":[{"embeddable":true,"href":"https:\/\/ewisee.eu\/es\/wp-json\/wp\/v2\/users\/6"}],"replies":[{"embeddable":true,"href":"https:\/\/ewisee.eu\/es\/wp-json\/wp\/v2\/comments?post=4034"}],"version-history":[{"count":4,"href":"https:\/\/ewisee.eu\/es\/wp-json\/wp\/v2\/pages\/4034\/revisions"}],"predecessor-version":[{"id":4041,"href":"https:\/\/ewisee.eu\/es\/wp-json\/wp\/v2\/pages\/4034\/revisions\/4041"}],"wp:attachment":[{"href":"https:\/\/ewisee.eu\/es\/wp-json\/wp\/v2\/media?parent=4034"}],"curies":[{"name":"wp","href":"https:\/\/api.w.org\/{rel}","templated":true}]}}