{"id":4058,"date":"2024-04-26T20:53:08","date_gmt":"2024-04-26T20:53:08","guid":{"rendered":"https:\/\/ewisee.eu\/2a-categoria-discriminacion-y-conductas-abusivas-hacia-las-personas-por-su-identidad-sexual-y-de-genero\/"},"modified":"2024-09-06T03:19:00","modified_gmt":"2024-09-06T03:19:00","slug":"2a-categoria-discriminacion-y-conductas-abusivas-hacia-las-personas-por-su-identidad-sexual-y-de-genero","status":"publish","type":"page","link":"https:\/\/ewisee.eu\/es\/2a-categoria-discriminacion-y-conductas-abusivas-hacia-las-personas-por-su-identidad-sexual-y-de-genero\/","title":{"rendered":"2\u00aa Categor\u00eda: Discriminaci\u00f3n y conductas abusivas hacia las personas por su identidad sexual y de g\u00e9nero"},"content":{"rendered":"<a target=\"_self\" class=\"button small hot pink\" href=\"\/es\/homofobia-homofobia-interiorizada-bifobia\/\">Homofobia \/ Homofobia Interiorizada \/ Bifobia<\/a>\n\n\n<a target=\"_self\" class=\"button small hot pink\" href=\"\/es\/transfobia-trans-misoginia\/\">Transfobia \/ Trans-Misoginia<\/a>\n\n\n<a target=\"_self\" class=\"button small hot pink\" href=\"\/es\/heteronormativa-heterosexismo\/\">Heteronormativa \/ Heterosexismo<\/a>\n\n\n<a target=\"_self\" class=\"button small hot pink\" href=\"\/es\/cis-normalidad-cis-sexismo\/\">Cis-Normalidad \/ Cis-Sexismo<\/a>\n\n\n<a target=\"_self\" class=\"button small hot pink\" href=\"\/es\/misgender\/\">\u00abMisgender\u00bb<\/a>\n\n\n<a target=\"_self\" class=\"button small hot pink\" href=\"\/es\/outing\/\">\u00abOuting\u00bb<\/a>\n\n\n\n<div style=\"height:30px\" aria-hidden=\"true\" class=\"wp-block-spacer\"><\/div>\n\n\n<a target=\"_self\" class=\"button small grey\" href=\"\/es\/comportamientos-abusivos\/\">Atr\u00e1s<\/a>\n","protected":false},"excerpt":{"rendered":"","protected":false},"author":6,"featured_media":0,"parent":0,"menu_order":0,"comment_status":"closed","ping_status":"closed","template":"t-team.php","meta":{"footnotes":""},"class_list":["post-4058","page","type-page","status-publish","hentry"],"jetpack_sharing_enabled":true,"jetpack-related-posts":[],"_links":{"self":[{"href":"https:\/\/ewisee.eu\/es\/wp-json\/wp\/v2\/pages\/4058","targetHints":{"allow":["GET"]}}],"collection":[{"href":"https:\/\/ewisee.eu\/es\/wp-json\/wp\/v2\/pages"}],"about":[{"href":"https:\/\/ewisee.eu\/es\/wp-json\/wp\/v2\/types\/page"}],"author":[{"embeddable":true,"href":"https:\/\/ewisee.eu\/es\/wp-json\/wp\/v2\/users\/6"}],"replies":[{"embeddable":true,"href":"https:\/\/ewisee.eu\/es\/wp-json\/wp\/v2\/comments?post=4058"}],"version-history":[{"count":10,"href":"https:\/\/ewisee.eu\/es\/wp-json\/wp\/v2\/pages\/4058\/revisions"}],"predecessor-version":[{"id":4119,"href":"https:\/\/ewisee.eu\/es\/wp-json\/wp\/v2\/pages\/4058\/revisions\/4119"}],"wp:attachment":[{"href":"https:\/\/ewisee.eu\/es\/wp-json\/wp\/v2\/media?parent=4058"}],"curies":[{"name":"wp","href":"https:\/\/api.w.org\/{rel}","templated":true}]}}