{"id":4086,"date":"2024-04-29T19:29:36","date_gmt":"2024-04-29T19:29:36","guid":{"rendered":"https:\/\/ewisee.eu\/heteronormativa-heterosexismo\/"},"modified":"2024-09-06T02:44:56","modified_gmt":"2024-09-06T02:44:56","slug":"heteronormativa-heterosexismo","status":"publish","type":"page","link":"https:\/\/ewisee.eu\/es\/heteronormativa-heterosexismo\/","title":{"rendered":"Heteronormativa \/ Heterosexismo"},"content":{"rendered":"\n<p><span style=\"text-decoration: underline;\">Heteronormativa<\/span>: La idea de que ser heterosexual (heterosexual) es normal y no serlo es anormal. Esta norma social (tambi\u00e9n denominada heteronormatividad) ejerce una presi\u00f3n extrema sobre las personas y la cultura para que sean heterosexuales. Si las personas se desv\u00edan de esa expectativa, son ignoradas, cuestionadas o, peor a\u00fan, castigadas.  <\/p>\n\n\n\n<p><span style=\"text-decoration: underline;\">Hetero-sexismo:<\/span> La presunci\u00f3n de que todo el mundo es, y debe ser, heterosexual.<\/p>\n\n\n\n<p><em>\u00abSe da por sentado que uno es heterosexual por defecto. Que el sexo s\u00f3lo se practica de forma \u00abtradicional\u00bb y reproductiva. Como de ah\u00ed viene este pensamiento, hasta cierto punto tiene sentido que algunas personas se confundan y asocien sexualidad con sexo, ya que son dos t\u00e9rminos completamente distintos.\u00bb<\/em><\/p>\n\n\n\n<div class=\"wp-block-group is-vertical is-layout-flex wp-container-core-group-is-layout-8cf370e7 wp-block-group-is-layout-flex\">\n<p><strong>Recursos (en ingl\u00e9s):<\/strong><\/p>\n\n\n\n<ul class=\"wp-block-list\">\n<li><a href=\"https:\/\/youtu.be\/uId0TIJPjhw?feature=shared\" target=\"_blank\" rel=\"noreferrer noopener\"><strong>El silencio ensordecedor de crecer gay en una sociedad heteronormativa | Ross Rossouw | TEDxYouth@KCISLK<\/strong><\/a><\/li>\n\n\n\n<li><strong><a href=\"https:\/\/youtu.be\/8Aoi30LLBg8?feature=shared\" target=\"_blank\" rel=\"noreferrer noopener\"><\/a><a href=\"https:\/\/youtu.be\/8Aoi30LLBg8?feature=shared\">Las presiones de la heteronormatividad sobre la salud mental | Gianluca Bacilliere | TEDxHECParis<\/a>  <\/strong><\/li>\n\n\n\n<li><a href=\"https:\/\/youtu.be\/bhPSMRPlbSw?feature=shared\" target=\"_blank\" rel=\"noreferrer noopener\"><strong>Heteronormatividad &#8211; La homofobia de hoy | Eli Weinger | TEDxYouth@SRDS<\/strong><\/a><\/li>\n<\/ul>\n<\/div>\n\n\n\n<div style=\"height:30px\" aria-hidden=\"true\" class=\"wp-block-spacer\"><\/div>\n\n\n<a target=\"_self\" class=\"button small grey\" href=\"\/es\/2a-categoria-discriminacion-y-conductas-abusivas-hacia-las-personas-por-su-identidad-sexual-y-de-genero\/\">Atr\u00e1s<\/a>\n","protected":false},"excerpt":{"rendered":"<p>Heteronormativa: La idea de que ser heterosexual (heterosexual) es normal y no serlo es anormal. Esta norma social (tambi\u00e9n denominada heteronormatividad) ejerce una presi\u00f3n extrema sobre las personas y la cultura para que sean heterosexuales. Si las personas se desv\u00edan de esa expectativa, son ignoradas, cuestionadas o, peor a\u00fan, castigadas. Hetero-sexismo: La presunci\u00f3n de que&#8230;<\/p>\n","protected":false},"author":6,"featured_media":0,"parent":0,"menu_order":0,"comment_status":"closed","ping_status":"closed","template":"t-team.php","meta":{"footnotes":""},"class_list":["post-4086","page","type-page","status-publish","hentry"],"jetpack_sharing_enabled":true,"jetpack-related-posts":[],"_links":{"self":[{"href":"https:\/\/ewisee.eu\/es\/wp-json\/wp\/v2\/pages\/4086","targetHints":{"allow":["GET"]}}],"collection":[{"href":"https:\/\/ewisee.eu\/es\/wp-json\/wp\/v2\/pages"}],"about":[{"href":"https:\/\/ewisee.eu\/es\/wp-json\/wp\/v2\/types\/page"}],"author":[{"embeddable":true,"href":"https:\/\/ewisee.eu\/es\/wp-json\/wp\/v2\/users\/6"}],"replies":[{"embeddable":true,"href":"https:\/\/ewisee.eu\/es\/wp-json\/wp\/v2\/comments?post=4086"}],"version-history":[{"count":2,"href":"https:\/\/ewisee.eu\/es\/wp-json\/wp\/v2\/pages\/4086\/revisions"}],"predecessor-version":[{"id":4091,"href":"https:\/\/ewisee.eu\/es\/wp-json\/wp\/v2\/pages\/4086\/revisions\/4091"}],"wp:attachment":[{"href":"https:\/\/ewisee.eu\/es\/wp-json\/wp\/v2\/media?parent=4086"}],"curies":[{"name":"wp","href":"https:\/\/api.w.org\/{rel}","templated":true}]}}