{"id":4102,"date":"2024-04-29T19:35:01","date_gmt":"2024-04-29T19:35:01","guid":{"rendered":"https:\/\/ewisee.eu\/misgender\/"},"modified":"2024-09-06T03:12:34","modified_gmt":"2024-09-06T03:12:34","slug":"misgender","status":"publish","type":"page","link":"https:\/\/ewisee.eu\/es\/misgender\/","title":{"rendered":"\u00abMisgender\u00bb"},"content":{"rendered":"\n<p>Hacer una suposici\u00f3n incorrecta sobre el g\u00e9nero de alguien (por ejemplo, utilizar pronombres que no usa \u00e9l mismo o hacer una afirmaci\u00f3n que califique su g\u00e9nero de forma incorrecta) es una acci\u00f3n de imposici\u00f3n y rechazo.<\/p>\n\n\n\n<div class=\"wp-block-group is-vertical is-layout-flex wp-container-core-group-is-layout-8cf370e7 wp-block-group-is-layout-flex\">\n<p><strong>Recursos (en ingl\u00e9s):<\/strong><\/p>\n\n\n\n<ul class=\"wp-block-list\">\n<li><strong><a href=\"https:\/\/www.health.harvard.edu\/blog\/misgendering-what-it-is-and-why-it-matters-202107232553\" target=\"_blank\" rel=\"noreferrer noopener\"><g id=\"gid_0\">Misgendering: \u00bfQu\u00e9 es y por qu\u00e9 es importante? &#8211; Harvard Health\\<\/g> <\/a><\/strong><\/li>\n<\/ul>\n<\/div>\n\n\n\n<div style=\"height:30px\" aria-hidden=\"true\" class=\"wp-block-spacer\"><\/div>\n\n\n<a target=\"_self\" class=\"button small grey\" href=\"\/es\/2a-categoria-discriminacion-y-conductas-abusivas-hacia-las-personas-por-su-identidad-sexual-y-de-genero\/\">Atr\u00e1s<\/a>\n","protected":false},"excerpt":{"rendered":"<p>Hacer una suposici\u00f3n incorrecta sobre el g\u00e9nero de alguien (por ejemplo, utilizar pronombres que no usa \u00e9l mismo o hacer una afirmaci\u00f3n que califique su g\u00e9nero de forma incorrecta) es una acci\u00f3n de imposici\u00f3n y rechazo. Recursos (en ingl\u00e9s):<\/p>\n","protected":false},"author":6,"featured_media":0,"parent":0,"menu_order":0,"comment_status":"closed","ping_status":"closed","template":"t-team.php","meta":{"footnotes":""},"class_list":["post-4102","page","type-page","status-publish","hentry"],"jetpack_sharing_enabled":true,"jetpack-related-posts":[],"_links":{"self":[{"href":"https:\/\/ewisee.eu\/es\/wp-json\/wp\/v2\/pages\/4102","targetHints":{"allow":["GET"]}}],"collection":[{"href":"https:\/\/ewisee.eu\/es\/wp-json\/wp\/v2\/pages"}],"about":[{"href":"https:\/\/ewisee.eu\/es\/wp-json\/wp\/v2\/types\/page"}],"author":[{"embeddable":true,"href":"https:\/\/ewisee.eu\/es\/wp-json\/wp\/v2\/users\/6"}],"replies":[{"embeddable":true,"href":"https:\/\/ewisee.eu\/es\/wp-json\/wp\/v2\/comments?post=4102"}],"version-history":[{"count":2,"href":"https:\/\/ewisee.eu\/es\/wp-json\/wp\/v2\/pages\/4102\/revisions"}],"predecessor-version":[{"id":4108,"href":"https:\/\/ewisee.eu\/es\/wp-json\/wp\/v2\/pages\/4102\/revisions\/4108"}],"wp:attachment":[{"href":"https:\/\/ewisee.eu\/es\/wp-json\/wp\/v2\/media?parent=4102"}],"curies":[{"name":"wp","href":"https:\/\/api.w.org\/{rel}","templated":true}]}}