{"id":4111,"date":"2024-04-29T19:36:31","date_gmt":"2024-04-29T19:36:31","guid":{"rendered":"https:\/\/ewisee.eu\/outing\/"},"modified":"2024-09-06T03:20:09","modified_gmt":"2024-09-06T03:20:09","slug":"outing","status":"publish","type":"page","link":"https:\/\/ewisee.eu\/es\/outing\/","title":{"rendered":"\u00abOuting\u00bb"},"content":{"rendered":"\n<p>Se habla de \u00abouting\u00bb cuando alguien revela la orientaci\u00f3n sexual o la identidad de g\u00e9nero de una persona LGBTQ+ sin su consentimiento. El \u00abouting\u00bb plantea problemas de privacidad, elecci\u00f3n y da\u00f1o. Adem\u00e1s, a veces se le da publicidad. Por ejemplo, alguien puede sacar del armario a figuras prominentes como pol\u00edticos conocidos, atletas, actores, cantantes y otros. Quienes se oponen a los derechos de las personas LGBTQ+ han utilizado este tipo de \u00abouting\u00bb como t\u00e1ctica pol\u00edtica controvertida. Para evitar ser descubierto, una figura p\u00fablica LGBTQ+ puede verse obligada a salir del armario p\u00fablicamente primero.      <\/p>\n\n\n\n<p>El \u00abouting\u00bb es un acto da\u00f1ino que puede traumatizar a la persona que lo sufre. Tambi\u00e9n puede llevar a alguien a sufrir violencia o ponerle en situaciones peligrosas. Aunque los riesgos no sean graves, sigue siendo inaceptable revelar la identidad de alguien sin su consentimiento. En algunos casos, incluso puede ser ilegal. Por ejemplo, si un centro escolar revela la identidad de un alumno a sus padres, cuidadores o familiares.    <\/p>\n\n\n\n<div class=\"wp-block-group is-vertical is-layout-flex wp-container-core-group-is-layout-8cf370e7 wp-block-group-is-layout-flex\">\n<p><strong>Recursos (en ingl\u00e9s):<\/strong><\/p>\n\n\n\n<ul class=\"wp-block-list\">\n<li><a href=\"https:\/\/www.lgbtqandall.com\/what-is-outing-and-why-is-it-harmful\/\" target=\"_blank\" rel=\"noreferrer noopener\"><strong>\u00bfQu\u00e9 es el \u00abouting\u00bb y por qu\u00e9 es perjudicial?<\/strong><\/a><\/li>\n<\/ul>\n<\/div>\n\n\n\n<div style=\"height:30px\" aria-hidden=\"true\" class=\"wp-block-spacer\"><\/div>\n\n\n<a target=\"_self\" class=\"button small grey\" href=\"\/es\/2a-categoria-discriminacion-y-conductas-abusivas-hacia-las-personas-por-su-identidad-sexual-y-de-genero\/\">Atr\u00e1s<\/a>\n","protected":false},"excerpt":{"rendered":"<p>Se habla de \u00abouting\u00bb cuando alguien revela la orientaci\u00f3n sexual o la identidad de g\u00e9nero de una persona LGBTQ+ sin su consentimiento. El \u00abouting\u00bb plantea problemas de privacidad, elecci\u00f3n y da\u00f1o. Adem\u00e1s, a veces se le da publicidad. Por ejemplo, alguien puede sacar del armario a figuras prominentes como pol\u00edticos conocidos, atletas, actores, cantantes y&#8230;<\/p>\n","protected":false},"author":6,"featured_media":0,"parent":0,"menu_order":0,"comment_status":"closed","ping_status":"closed","template":"t-team.php","meta":{"footnotes":""},"class_list":["post-4111","page","type-page","status-publish","hentry"],"jetpack_sharing_enabled":true,"jetpack-related-posts":[],"_links":{"self":[{"href":"https:\/\/ewisee.eu\/es\/wp-json\/wp\/v2\/pages\/4111","targetHints":{"allow":["GET"]}}],"collection":[{"href":"https:\/\/ewisee.eu\/es\/wp-json\/wp\/v2\/pages"}],"about":[{"href":"https:\/\/ewisee.eu\/es\/wp-json\/wp\/v2\/types\/page"}],"author":[{"embeddable":true,"href":"https:\/\/ewisee.eu\/es\/wp-json\/wp\/v2\/users\/6"}],"replies":[{"embeddable":true,"href":"https:\/\/ewisee.eu\/es\/wp-json\/wp\/v2\/comments?post=4111"}],"version-history":[{"count":4,"href":"https:\/\/ewisee.eu\/es\/wp-json\/wp\/v2\/pages\/4111\/revisions"}],"predecessor-version":[{"id":4120,"href":"https:\/\/ewisee.eu\/es\/wp-json\/wp\/v2\/pages\/4111\/revisions\/4120"}],"wp:attachment":[{"href":"https:\/\/ewisee.eu\/es\/wp-json\/wp\/v2\/media?parent=4111"}],"curies":[{"name":"wp","href":"https:\/\/api.w.org\/{rel}","templated":true}]}}