{"id":4225,"date":"2024-05-08T21:14:44","date_gmt":"2024-05-08T21:14:44","guid":{"rendered":"https:\/\/ewisee.eu\/trauma-individual\/"},"modified":"2024-09-06T22:43:47","modified_gmt":"2024-09-06T22:43:47","slug":"trauma-individual","status":"publish","type":"page","link":"https:\/\/ewisee.eu\/es\/trauma-individual\/","title":{"rendered":"Trauma (Individual)"},"content":{"rendered":"\n<p>El trauma individual es el resultado de un acontecimiento, una serie de acontecimientos o un conjunto de circunstancias que un individuo experimenta como f\u00edsica o emocionalmente da\u00f1inos o que ponen en peligro su vida, con efectos sobre el funcionamiento y el bienestar mental, f\u00edsico, social y emocional del individuo.<\/p>\n\n\n\n<div style=\"height:30px\" aria-hidden=\"true\" class=\"wp-block-spacer\"><\/div>\n\n\n<a target=\"_self\" class=\"button small grey\" href=\"\/es\/comportamientos-abusivos\/\">Atr\u00e1s<\/a>\n","protected":false},"excerpt":{"rendered":"<p>El trauma individual es el resultado de un acontecimiento, una serie de acontecimientos o un conjunto de circunstancias que un individuo experimenta como f\u00edsica o emocionalmente da\u00f1inos o que ponen en peligro su vida, con efectos sobre el funcionamiento y el bienestar mental, f\u00edsico, social y emocional del individuo.<\/p>\n","protected":false},"author":6,"featured_media":0,"parent":0,"menu_order":0,"comment_status":"closed","ping_status":"closed","template":"t-team.php","meta":{"footnotes":""},"class_list":["post-4225","page","type-page","status-publish","hentry"],"jetpack_sharing_enabled":true,"jetpack-related-posts":[],"_links":{"self":[{"href":"https:\/\/ewisee.eu\/es\/wp-json\/wp\/v2\/pages\/4225","targetHints":{"allow":["GET"]}}],"collection":[{"href":"https:\/\/ewisee.eu\/es\/wp-json\/wp\/v2\/pages"}],"about":[{"href":"https:\/\/ewisee.eu\/es\/wp-json\/wp\/v2\/types\/page"}],"author":[{"embeddable":true,"href":"https:\/\/ewisee.eu\/es\/wp-json\/wp\/v2\/users\/6"}],"replies":[{"embeddable":true,"href":"https:\/\/ewisee.eu\/es\/wp-json\/wp\/v2\/comments?post=4225"}],"version-history":[{"count":2,"href":"https:\/\/ewisee.eu\/es\/wp-json\/wp\/v2\/pages\/4225\/revisions"}],"predecessor-version":[{"id":4230,"href":"https:\/\/ewisee.eu\/es\/wp-json\/wp\/v2\/pages\/4225\/revisions\/4230"}],"wp:attachment":[{"href":"https:\/\/ewisee.eu\/es\/wp-json\/wp\/v2\/media?parent=4225"}],"curies":[{"name":"wp","href":"https:\/\/api.w.org\/{rel}","templated":true}]}}