{"id":4233,"date":"2024-05-08T21:16:03","date_gmt":"2024-05-08T21:16:03","guid":{"rendered":"https:\/\/ewisee.eu\/trauma-sistemico\/"},"modified":"2024-09-06T22:52:13","modified_gmt":"2024-09-06T22:52:13","slug":"trauma-sistemico","status":"publish","type":"page","link":"https:\/\/ewisee.eu\/es\/trauma-sistemico\/","title":{"rendered":"Trauma (Sist\u00e9mico)"},"content":{"rendered":"\n<p>Las caracter\u00edsticas contextuales de los entornos y las instituciones que dan lugar al trauma y lo mantienen. Esta conceptualizaci\u00f3n del trauma tiene en cuenta la influencia de entornos como la escuela, las instituciones religiosas, el ej\u00e9rcito, los lugares de trabajo, los hospitales, las c\u00e1rceles y las prisiones; sistemas como el encarcelamiento, la inmigraci\u00f3n y los hogares de acogida; conflictos b\u00e9licos, tortura, terrorismo y refugiados; y din\u00e1micas de racismo, sexismo, discriminaci\u00f3n, acoso y homofobia. <\/p>\n\n\n\n<div style=\"height:30px\" aria-hidden=\"true\" class=\"wp-block-spacer\"><\/div>\n\n\n<a target=\"_self\" class=\"button small grey\" href=\"\/es\/comportamientos-abusivos\/\">Atr\u00e1s<\/a>\n","protected":false},"excerpt":{"rendered":"<p>Las caracter\u00edsticas contextuales de los entornos y las instituciones que dan lugar al trauma y lo mantienen. Esta conceptualizaci\u00f3n del trauma tiene en cuenta la influencia de entornos como la escuela, las instituciones religiosas, el ej\u00e9rcito, los lugares de trabajo, los hospitales, las c\u00e1rceles y las prisiones; sistemas como el encarcelamiento, la inmigraci\u00f3n y los&#8230;<\/p>\n","protected":false},"author":6,"featured_media":0,"parent":0,"menu_order":0,"comment_status":"closed","ping_status":"closed","template":"t-team.php","meta":{"footnotes":""},"class_list":["post-4233","page","type-page","status-publish","hentry"],"jetpack_sharing_enabled":true,"jetpack-related-posts":[],"_links":{"self":[{"href":"https:\/\/ewisee.eu\/es\/wp-json\/wp\/v2\/pages\/4233","targetHints":{"allow":["GET"]}}],"collection":[{"href":"https:\/\/ewisee.eu\/es\/wp-json\/wp\/v2\/pages"}],"about":[{"href":"https:\/\/ewisee.eu\/es\/wp-json\/wp\/v2\/types\/page"}],"author":[{"embeddable":true,"href":"https:\/\/ewisee.eu\/es\/wp-json\/wp\/v2\/users\/6"}],"replies":[{"embeddable":true,"href":"https:\/\/ewisee.eu\/es\/wp-json\/wp\/v2\/comments?post=4233"}],"version-history":[{"count":2,"href":"https:\/\/ewisee.eu\/es\/wp-json\/wp\/v2\/pages\/4233\/revisions"}],"predecessor-version":[{"id":4240,"href":"https:\/\/ewisee.eu\/es\/wp-json\/wp\/v2\/pages\/4233\/revisions\/4240"}],"wp:attachment":[{"href":"https:\/\/ewisee.eu\/es\/wp-json\/wp\/v2\/media?parent=4233"}],"curies":[{"name":"wp","href":"https:\/\/api.w.org\/{rel}","templated":true}]}}