{"id":4262,"date":"2024-04-30T00:10:46","date_gmt":"2024-04-30T00:10:46","guid":{"rendered":"https:\/\/ewisee.eu\/inclusion-inclusividad\/"},"modified":"2024-09-10T16:28:34","modified_gmt":"2024-09-10T16:28:34","slug":"inclusion-inclusividad","status":"publish","type":"page","link":"https:\/\/ewisee.eu\/es\/inclusion-inclusividad\/","title":{"rendered":"Inclusi\u00f3n \/ Inclusividad"},"content":{"rendered":"\n<p>Las actividades, los planes de estudios, el lenguaje y otras pr\u00e1cticas educativas garantizan que se prevea, reconozca y tenga en cuenta el derecho, el acceso y la participaci\u00f3n de todos los alumnos en el aprendizaje. Esto incluye a los estudiantes independientemente de su raza\/etnia, capacidad, estatus socioecon\u00f3mico, religi\u00f3n, identidad de g\u00e9nero, expresi\u00f3n de g\u00e9nero, orientaci\u00f3n sexual, edad o tama\u00f1o.  <\/p>\n\n\n\n<p><em>\u201cMaking inclusive discourses means that we are inclusive; being inclusive means accepting and understanding. Accept the person as they are, not as you think they are or as you think they should be. You just accept. When you accept, you understand. Because you don&#8217;t see a trans person, you don&#8217;t see a non-binary person, you don&#8217;t see a gay person, but you see another human being; you see that we really are all the same.    <\/em>\u00ab<\/p>\n\n\n\n<p><strong>Recursos (en ingl\u00e9s):<\/strong><\/p>\n\n\n\n<ul class=\"wp-block-list\">\n<li><strong><a href=\"https:\/\/www.lgbtqprimaryhub.com\/what-is-lgbtq-inclusion\" target=\"_blank\" rel=\"noreferrer noopener\"><g id=\"gid_0\">\u00bfQU\u00c9 ES LA INCLUSI\u00d3N LGBTQ+? &#8211; CENTRO PRIMARIO LGBTQ<\/g> <\/a><\/strong><\/li>\n\n\n\n<li><strong><a href=\"https:\/\/www.un.org\/en\/content\/disabilitystrategy\/\" target=\"_blank\" rel=\"noreferrer noopener\"><\/a><a href=\"https:\/\/www.un.org\/en\/content\/disabilitystrategy\/\">Estrategia de la ONU para la inclusi\u00f3n de las personas con discapacidad<\/a><\/strong><\/li>\n\n\n\n<li><a href=\"https:\/\/www.unhcr.org\/age-gender-diversity\/\" target=\"_blank\" rel=\"noreferrer noopener\"><strong>Edad &#8211; G\u00e9nero &#8211; Diversidad | ACNUR<\/strong><\/a><\/li>\n<\/ul>\n\n\n\n<div style=\"height:30px\" aria-hidden=\"true\" class=\"wp-block-spacer\"><\/div>\n\n\n<a target=\"_self\" class=\"button small grey\" href=\"\/es\/educacion-inclusiva\/\">Atr\u00e1s<\/a>\n","protected":false},"excerpt":{"rendered":"<p>Las actividades, los planes de estudios, el lenguaje y otras pr\u00e1cticas educativas garantizan que se prevea, reconozca y tenga en cuenta el derecho, el acceso y la participaci\u00f3n de todos los alumnos en el aprendizaje. Esto incluye a los estudiantes independientemente de su raza\/etnia, capacidad, estatus socioecon\u00f3mico, religi\u00f3n, identidad de g\u00e9nero, expresi\u00f3n de g\u00e9nero, orientaci\u00f3n&#8230;<\/p>\n","protected":false},"author":6,"featured_media":0,"parent":0,"menu_order":0,"comment_status":"closed","ping_status":"closed","template":"t-team.php","meta":{"footnotes":""},"class_list":["post-4262","page","type-page","status-publish","hentry"],"jetpack_sharing_enabled":true,"jetpack-related-posts":[],"_links":{"self":[{"href":"https:\/\/ewisee.eu\/es\/wp-json\/wp\/v2\/pages\/4262","targetHints":{"allow":["GET"]}}],"collection":[{"href":"https:\/\/ewisee.eu\/es\/wp-json\/wp\/v2\/pages"}],"about":[{"href":"https:\/\/ewisee.eu\/es\/wp-json\/wp\/v2\/types\/page"}],"author":[{"embeddable":true,"href":"https:\/\/ewisee.eu\/es\/wp-json\/wp\/v2\/users\/6"}],"replies":[{"embeddable":true,"href":"https:\/\/ewisee.eu\/es\/wp-json\/wp\/v2\/comments?post=4262"}],"version-history":[{"count":2,"href":"https:\/\/ewisee.eu\/es\/wp-json\/wp\/v2\/pages\/4262\/revisions"}],"predecessor-version":[{"id":4267,"href":"https:\/\/ewisee.eu\/es\/wp-json\/wp\/v2\/pages\/4262\/revisions\/4267"}],"wp:attachment":[{"href":"https:\/\/ewisee.eu\/es\/wp-json\/wp\/v2\/media?parent=4262"}],"curies":[{"name":"wp","href":"https:\/\/api.w.org\/{rel}","templated":true}]}}