{"id":4325,"date":"2024-04-30T00:45:27","date_gmt":"2024-04-30T00:45:27","guid":{"rendered":"https:\/\/ewisee.eu\/espacio-seguro-entornos-de-aprendizaje-seguros-y-afirmativos\/"},"modified":"2024-09-10T19:27:23","modified_gmt":"2024-09-10T19:27:23","slug":"espacio-seguro-entornos-de-aprendizaje-seguros-y-afirmativos","status":"publish","type":"page","link":"https:\/\/ewisee.eu\/es\/espacio-seguro-entornos-de-aprendizaje-seguros-y-afirmativos\/","title":{"rendered":"Espacio Seguro \/ Entornos de Aprendizaje Seguros y Afirmativos"},"content":{"rendered":"\n<p>Un espacio seguro es un espacio que, ya sea t\u00e9cnica o emocionalmente, est\u00e1 destinado a ofrecer igualdad de oportunidades, representaci\u00f3n y v\u00edas de comunicaci\u00f3n a los grupos o personas marginados en un entorno de respeto y comprensi\u00f3n que elimine los comportamientos opresivos, reconozca la lucha y cultive el di\u00e1logo. Hist\u00f3ricamente, los espacios seguros han sido lugares en los que las personas y grupos marginados se reun\u00edan y comunicaban sus experiencias con la marginaci\u00f3n, aprend\u00edan y participaban en asuntos sociales y pol\u00edticos contra la represi\u00f3n. <\/p>\n\n\n\n<p><span style=\"text-decoration: underline;\">Entornos de aprendizaje seguros y afirmativos: <\/span>un lugar donde todos los alumnos se sientan f\u00edsica y emocionalmente seguros, acogidos y cuidados.<\/p>\n\n\n\n<p><strong>Recursos (en ingl\u00e9s):<\/strong><\/p>\n\n\n\n<ul class=\"wp-block-list\">\n<li><strong><a href=\"https:\/\/www.glsen.org\/sites\/default\/files\/2019-11\/GLSEN%20English%20SafeSpace%20Book%20Text%20Updated%202019.pdf\" target=\"_blank\" rel=\"noreferrer noopener\"><\/a><a href=\"https:\/\/www.glsen.org\/sites\/default\/files\/2019-11\/GLSEN%20English%20SafeSpace%20Book%20Text%20Updated%202019.pdf\">Gu\u00eda para apoyar a los estudiantes lesbianas, gays, bisexuales, transg\u00e9nero y queer en su centro de ense\u00f1anza<\/a><\/strong><\/li>\n\n\n\n<li><strong><a href=\"https:\/\/www.youtube.com\/watch?v=8zNbQ_8KRew&amp;pp=ygUQc2FmZSBzcGFjZSBsZ2J0cQ%3D%3D\" target=\"_blank\" rel=\"noreferrer noopener\"><\/a><a href=\"https:\/\/www.youtube.com\/watch?v=8zNbQ_8KRew&amp;pp=ygUQc2FmZSBzcGFjZSBsZ2J0cQ%3D%3D\">Espacios seguros, lugares seguros: Creating Welcoming and Inclusive Environments for Traumatized LGBTQ Youth &#8211; La Red Nacional contra el Estr\u00e9s Traum\u00e1tico Infantil<\/a> <\/strong><\/li>\n\n\n\n<li><strong><a href=\"https:\/\/www.unesco.org\/en\/health-education\/safe-learning-environments\" target=\"_blank\" rel=\"noreferrer noopener\"><\/a><a href=\"https:\/\/www.unesco.org\/en\/health-education\/safe-learning-environments\">Entornos de aprendizaje seguros: Prevenir y abordar la violencia en la escuela y en torno a ella | UNESCO<\/a><\/strong><\/li>\n\n\n\n<li><strong><a href=\"https:\/\/www.safespacesale.eu\/\" target=\"_blank\" rel=\"noreferrer noopener\"><\/a><a href=\"https:\/\/www.safespacesale.eu\/\">\u00abSAFE SPACES| Proyecto Erasmus+ [N\u00famero de proyecto: 2020-1-PT01-KA204-078631].<\/a>  <\/strong><\/li>\n\n\n\n<li><strong><a href=\"https:\/\/www.youtube.com\/watch?v=T9j6rQ4rtQY&amp;pp=ygUqc2FmZSBsZWFybmluZyBlbnZpcm9ubWVudCBpbiB0aGUgY2xhc3Nyb29t\" target=\"_blank\" rel=\"noreferrer noopener\"><\/a><a href=\"https:\/\/www.youtube.com\/watch?v=T9j6rQ4rtQY&amp;pp=ygUqc2FmZSBsZWFybmluZyBlbnZpcm9ubWVudCBpbiB0aGUgY2xhc3Nyb29t\">La habitaci\u00f3n sensorial: atyuda a los alumnos con autismo a concetrarse y aprender<\/a><\/strong><\/li>\n<\/ul>\n\n\n\n<div style=\"height:30px\" aria-hidden=\"true\" class=\"wp-block-spacer\"><\/div>\n\n\n<a target=\"_self\" class=\"button small grey\" href=\"\/es\/educacion-inclusiva\/\">Atr\u00e1s<\/a>\n","protected":false},"excerpt":{"rendered":"<p>Un espacio seguro es un espacio que, ya sea t\u00e9cnica o emocionalmente, est\u00e1 destinado a ofrecer igualdad de oportunidades, representaci\u00f3n y v\u00edas de comunicaci\u00f3n a los grupos o personas marginados en un entorno de respeto y comprensi\u00f3n que elimine los comportamientos opresivos, reconozca la lucha y cultive el di\u00e1logo. Hist\u00f3ricamente, los espacios seguros han sido&#8230;<\/p>\n","protected":false},"author":6,"featured_media":0,"parent":0,"menu_order":0,"comment_status":"closed","ping_status":"closed","template":"t-team.php","meta":{"footnotes":""},"class_list":["post-4325","page","type-page","status-publish","hentry"],"jetpack_sharing_enabled":true,"jetpack-related-posts":[],"_links":{"self":[{"href":"https:\/\/ewisee.eu\/es\/wp-json\/wp\/v2\/pages\/4325","targetHints":{"allow":["GET"]}}],"collection":[{"href":"https:\/\/ewisee.eu\/es\/wp-json\/wp\/v2\/pages"}],"about":[{"href":"https:\/\/ewisee.eu\/es\/wp-json\/wp\/v2\/types\/page"}],"author":[{"embeddable":true,"href":"https:\/\/ewisee.eu\/es\/wp-json\/wp\/v2\/users\/6"}],"replies":[{"embeddable":true,"href":"https:\/\/ewisee.eu\/es\/wp-json\/wp\/v2\/comments?post=4325"}],"version-history":[{"count":3,"href":"https:\/\/ewisee.eu\/es\/wp-json\/wp\/v2\/pages\/4325\/revisions"}],"predecessor-version":[{"id":4331,"href":"https:\/\/ewisee.eu\/es\/wp-json\/wp\/v2\/pages\/4325\/revisions\/4331"}],"wp:attachment":[{"href":"https:\/\/ewisee.eu\/es\/wp-json\/wp\/v2\/media?parent=4325"}],"curies":[{"name":"wp","href":"https:\/\/api.w.org\/{rel}","templated":true}]}}