{"id":4334,"date":"2024-04-30T00:49:28","date_gmt":"2024-04-30T00:49:28","guid":{"rendered":"https:\/\/ewisee.eu\/justicia-social\/"},"modified":"2024-09-10T19:35:31","modified_gmt":"2024-09-10T19:35:31","slug":"justicia-social","status":"publish","type":"page","link":"https:\/\/ewisee.eu\/es\/justicia-social\/","title":{"rendered":"Justicia Social"},"content":{"rendered":"\n<p>La idea es que todo el mundo merece disfrutar de los mismos derechos y oportunidades econ\u00f3micos, pol\u00edticos y sociales, independientemente de su raza, sexo, g\u00e9nero, identidad de g\u00e9nero, estatus socioecon\u00f3mico, capacidad u otras caracter\u00edsticas. El objetivo es crear una sociedad justa e igualitaria en la que cada individuo importe, se reconozcan y protejan sus derechos y las decisiones se tomen de forma justa y honesta. <\/p>\n\n\n\n<p><strong>Recursos (en ingl\u00e9s):<\/strong><\/p>\n\n\n\n<ul class=\"wp-block-list\">\n<li><strong><a href=\"https:\/\/www.unhcr.org\/media\/supporting-social-inclusion-refugees\" data-type=\"link\" data-id=\"https:\/\/www.unhcr.org\/media\/supporting-social-inclusion-refugees\" target=\"_blank\" rel=\"noreferrer noopener\"><\/a><a href=\"https:\/\/www.unhcr.org\/media\/supporting-social-inclusion-refugees\">Apoyar la inclusi\u00f3n social de los refugiados<\/a><\/strong><\/li>\n\n\n\n<li><strong><a href=\"https:\/\/commission.europa.eu\/strategy-and-policy\/policies\/justice-and-fundamental-rights\/combatting-discrimination\/lesbian-gay-bi-trans-and-intersex-equality\/lgbtiq-equality-strategy-2020-2025_en\" target=\"_blank\" rel=\"noreferrer noopener\"><\/a><a href=\"https:\/\/commission.europa.eu\/strategy-and-policy\/policies\/justice-and-fundamental-rights\/combatting-discrimination\/lesbian-gay-bi-trans-and-intersex-equality\/lgbtiq-equality-strategy-2020-2025_en\">Estrategia de Igualdad LGBTIQ 2020-2025 | Comisi\u00f3n Europea<\/a> <\/strong><\/li>\n\n\n\n<li><a href=\"https:\/\/www.youtube.com\/watch?v=O5uKJVDFHFw&amp;pp=ygUTc29jaWFsIGp1c3RpY2Uga2lkcw%3D%3D\" target=\"_blank\" rel=\"noreferrer noopener\"><strong>\u00bfQu\u00e9 es la desigualdad y la justicia social? &#8211; BBC Bitesize Key Stage 3 Aprendizaje para la vida y el trabajo <\/strong><\/a><\/li>\n\n\n\n<li><strong><a href=\"https:\/\/www.youtube.com\/watch?v=VOqdz9UN5mM&amp;pp=ygUXc29jaWFsIGp1c3RpY2UgY2hpbGRyZW4%3D\" target=\"_blank\" rel=\"noreferrer noopener\"><\/a><a href=\"https:\/\/www.youtube.com\/watch?v=VOqdz9UN5mM&amp;pp=ygUXc29jaWFsIGp1c3RpY2UgY2hpbGRyZW4%3D\">Migrante | Una historia sobre empat\u00eda y justicia social<\/a><\/strong><\/li>\n\n\n\n<li><strong><a href=\"https:\/\/youtu.be\/fKC-mG16BHM?feature=shared\" target=\"_blank\" rel=\"noreferrer noopener\"><\/a><a href=\"https:\/\/youtu.be\/fKC-mG16BHM?feature=shared\">Justicia social: De ni\u00f1os a ni\u00f1os<\/a><\/strong><\/li>\n\n\n\n<li><strong><a href=\"https:\/\/soeonline.american.edu\/blog\/how-to-teach-social-justice-issues\/\" target=\"_blank\" rel=\"noreferrer noopener\"><\/a><a href=\"https:\/\/soeonline.american.edu\/blog\/how-to-teach-social-justice-issues\/\">4 maneras de ense\u00f1ar a los alumnos cuestiones de justicia social<\/a><\/strong><\/li>\n<\/ul>\n\n\n\n<div style=\"height:30px\" aria-hidden=\"true\" class=\"wp-block-spacer\"><\/div>\n\n\n<a target=\"_self\" class=\"button small grey\" href=\"\/es\/educacion-inclusiva\/\">Atr\u00e1s<\/a>\n","protected":false},"excerpt":{"rendered":"<p>La idea es que todo el mundo merece disfrutar de los mismos derechos y oportunidades econ\u00f3micos, pol\u00edticos y sociales, independientemente de su raza, sexo, g\u00e9nero, identidad de g\u00e9nero, estatus socioecon\u00f3mico, capacidad u otras caracter\u00edsticas. El objetivo es crear una sociedad justa e igualitaria en la que cada individuo importe, se reconozcan y protejan sus derechos&#8230;<\/p>\n","protected":false},"author":6,"featured_media":0,"parent":0,"menu_order":0,"comment_status":"closed","ping_status":"closed","template":"t-team.php","meta":{"footnotes":""},"class_list":["post-4334","page","type-page","status-publish","hentry"],"jetpack_sharing_enabled":true,"jetpack-related-posts":[],"_links":{"self":[{"href":"https:\/\/ewisee.eu\/es\/wp-json\/wp\/v2\/pages\/4334","targetHints":{"allow":["GET"]}}],"collection":[{"href":"https:\/\/ewisee.eu\/es\/wp-json\/wp\/v2\/pages"}],"about":[{"href":"https:\/\/ewisee.eu\/es\/wp-json\/wp\/v2\/types\/page"}],"author":[{"embeddable":true,"href":"https:\/\/ewisee.eu\/es\/wp-json\/wp\/v2\/users\/6"}],"replies":[{"embeddable":true,"href":"https:\/\/ewisee.eu\/es\/wp-json\/wp\/v2\/comments?post=4334"}],"version-history":[{"count":2,"href":"https:\/\/ewisee.eu\/es\/wp-json\/wp\/v2\/pages\/4334\/revisions"}],"predecessor-version":[{"id":4339,"href":"https:\/\/ewisee.eu\/es\/wp-json\/wp\/v2\/pages\/4334\/revisions\/4339"}],"wp:attachment":[{"href":"https:\/\/ewisee.eu\/es\/wp-json\/wp\/v2\/media?parent=4334"}],"curies":[{"name":"wp","href":"https:\/\/api.w.org\/{rel}","templated":true}]}}