{"id":4351,"date":"2024-04-30T00:55:54","date_gmt":"2024-04-30T00:55:54","guid":{"rendered":"https:\/\/ewisee.eu\/aliado-aliados\/"},"modified":"2024-09-10T19:56:57","modified_gmt":"2024-09-10T19:56:57","slug":"aliado-aliados","status":"publish","type":"page","link":"https:\/\/ewisee.eu\/es\/aliado-aliados\/","title":{"rendered":"Aliado \/ Aliados"},"content":{"rendered":"\n<p>Personas que reconocen el privilegio inmerecido que reciben de la sociedad que privilegia la blancura, el g\u00e9nero masculino, el cristianismo, la heterosexualidad, la discapacidad y otras identidades, y asumen la responsabilidad de promover la equidad. Es importante ser interseccional cuando se considera c\u00f3mo los sistemas de opresi\u00f3n superpuestos afectan a la vida de las personas (Adames et al., 2023). Aunque sufras discriminaci\u00f3n debido a una o m\u00e1s identidades, es posible que al mismo tiempo experimentes privilegios en otras. Por ejemplo, las mujeres blancas pueden sufrir discriminaci\u00f3n por su g\u00e9nero, pero tambi\u00e9n pueden beneficiarse de la blancura y tener privilegios por ello. Ser un aliado es algo m\u00e1s que simpatizar y sentirse mal por quienes sufren discriminaci\u00f3n. Un aliado est\u00e1 dispuesto a actuar con y para los dem\u00e1s con el fin de acabar con la opresi\u00f3n y crear igualdad. Ser aliado no es una etiqueta que uno se pone a s\u00ed mismo. El modo en que puedes actuar como aliado lo define y determina la comunidad por la que abogas. Los aliados aut\u00e9nticos y transparentes est\u00e1n dispuestos a salir de su zona de confort. Quienes deciden asumir el papel de aliado deben reconocer y comprender el poder y los privilegios que reciben, aceptan y experimentan, y deben utilizar esa posici\u00f3n para actuar en favor de la justicia centrando la atenci\u00f3n en las voces marginadas (M. Akbar, 2020).          <\/p>\n\n\n\n<p>En una sociedad que estigmatiza a quienes no pertenecen a la mayor\u00eda o al grupo dominante, es importante que quienes tienen privilegios act\u00faen como aliados. Actuar como aliado es cuando una persona, a veces miembro de un grupo mayoritario o dominante, se manifiesta y act\u00faa en solidaridad con una persona o un grupo que es objeto de represi\u00f3n. Los aliados trabajan para acabar con la opresi\u00f3n apoyando y defendiendo a las personas estigmatizadas, discriminadas o tratadas injustamente. Esto puede adoptar diversas formas, como interrumpir momentos individuales de prejuicio o pedir cambios sistem\u00e1ticos para eliminar la injusticia. En la comunidad LGBTQ, actuar como aliado se basa en apoyar y defender los derechos de las personas LGBTQ en un mundo heteronormativo.    <\/p>\n\n\n\n<p><strong>Recursos (en ingl\u00e9s):<\/strong><\/p>\n\n\n\n<ul class=\"wp-block-list\">\n<li><strong><a href=\"https:\/\/www.youtube.com\/watch?v=g5gZ3PHYU3U&amp;pp=ygUOYWxseSBwcml2aWxlZ2U%3D\" target=\"_blank\" rel=\"noreferrer noopener\"><\/a><a href=\"https:\/\/www.youtube.com\/watch?v=g5gZ3PHYU3U&amp;pp=ygUOYWxseSBwcml2aWxlZ2U%3D\">\u00bfQu\u00e9 es el privilegio?<\/a> <\/strong><\/li>\n\n\n\n<li><strong><a href=\"https:\/\/www.youtube.com\/watch?v=xS5FMErj0SE&amp;pp=ygULbGdidHEgYWxseSA%3D\" target=\"_blank\" rel=\"noreferrer noopener\"><\/a><a href=\"https:\/\/www.youtube.com\/watch?v=xS5FMErj0SE&amp;pp=ygULbGdidHEgYWxseSA%3D\">C\u00f3mo ser un aliado LGBTQIA<\/a><\/strong><\/li>\n<\/ul>\n\n\n\n<p><\/p>\n\n\n\n<div style=\"height:30px\" aria-hidden=\"true\" class=\"wp-block-spacer\"><\/div>\n\n\n<a target=\"_self\" class=\"button small grey\" href=\"\/es\/educacion-inclusiva\/\">Atr\u00e1s<\/a>\n","protected":false},"excerpt":{"rendered":"<p>Personas que reconocen el privilegio inmerecido que reciben de la sociedad que privilegia la blancura, el g\u00e9nero masculino, el cristianismo, la heterosexualidad, la discapacidad y otras identidades, y asumen la responsabilidad de promover la equidad. Es importante ser interseccional cuando se considera c\u00f3mo los sistemas de opresi\u00f3n superpuestos afectan a la vida de las personas&#8230;<\/p>\n","protected":false},"author":6,"featured_media":0,"parent":0,"menu_order":0,"comment_status":"closed","ping_status":"closed","template":"t-team.php","meta":{"footnotes":""},"class_list":["post-4351","page","type-page","status-publish","hentry"],"jetpack_sharing_enabled":true,"jetpack-related-posts":[],"_links":{"self":[{"href":"https:\/\/ewisee.eu\/es\/wp-json\/wp\/v2\/pages\/4351","targetHints":{"allow":["GET"]}}],"collection":[{"href":"https:\/\/ewisee.eu\/es\/wp-json\/wp\/v2\/pages"}],"about":[{"href":"https:\/\/ewisee.eu\/es\/wp-json\/wp\/v2\/types\/page"}],"author":[{"embeddable":true,"href":"https:\/\/ewisee.eu\/es\/wp-json\/wp\/v2\/users\/6"}],"replies":[{"embeddable":true,"href":"https:\/\/ewisee.eu\/es\/wp-json\/wp\/v2\/comments?post=4351"}],"version-history":[{"count":2,"href":"https:\/\/ewisee.eu\/es\/wp-json\/wp\/v2\/pages\/4351\/revisions"}],"predecessor-version":[{"id":4356,"href":"https:\/\/ewisee.eu\/es\/wp-json\/wp\/v2\/pages\/4351\/revisions\/4356"}],"wp:attachment":[{"href":"https:\/\/ewisee.eu\/es\/wp-json\/wp\/v2\/media?parent=4351"}],"curies":[{"name":"wp","href":"https:\/\/api.w.org\/{rel}","templated":true}]}}