{"id":4360,"date":"2024-05-08T21:31:18","date_gmt":"2024-05-08T21:31:18","guid":{"rendered":"https:\/\/ewisee.eu\/tipos-de-educacion-necesarios\/"},"modified":"2024-09-10T20:08:08","modified_gmt":"2024-09-10T20:08:08","slug":"tipos-de-educacion-necesarios","status":"publish","type":"page","link":"https:\/\/ewisee.eu\/es\/tipos-de-educacion-necesarios\/","title":{"rendered":"Tipos de Educaci\u00f3n Necesarios"},"content":{"rendered":"\n<div class=\"wp-block-group\"><div class=\"wp-block-group__inner-container is-layout-constrained wp-block-group-is-layout-constrained\">\n<div class=\"wp-block-group is-vertical is-layout-flex wp-container-core-group-is-layout-8cf370e7 wp-block-group-is-layout-flex\">\n<div class=\"wp-block-group\"><div class=\"wp-block-group__inner-container is-layout-constrained wp-block-group-is-layout-constrained\">\n<div class=\"wp-block-group is-vertical is-layout-flex wp-container-core-group-is-layout-8cf370e7 wp-block-group-is-layout-flex\">\n<div class=\"wp-block-group is-vertical is-layout-flex wp-container-core-group-is-layout-8cf370e7 wp-block-group-is-layout-flex\">\n<p>\u2022<strong>Sexo positivo<\/strong>: Ense\u00f1anza que reconoce que la sexualidad y el desarrollo sexual son partes naturales, normales y saludables de nuestras vidas y se abstiene de utilizar la verg\u00fcenza y el miedo para motivar a los alumnos a la abstinencia. <\/p>\n\n\n\n<p>\u2022<strong>Aprendizaje social y emocional:<\/strong> proceso mediante el cual ni\u00f1os y adultos adquieren y aplican eficazmente los conocimientos, actitudes y habilidades necesarios para comprender y gestionar las emociones, establecer y alcanzar objetivos positivos, sentir y mostrar empat\u00eda por los dem\u00e1s, establecer y mantener relaciones positivas y tomar decisiones responsables.<\/p>\n\n\n\n<p>\u2022<strong>Educaci\u00f3n sexual integral:<\/strong> Programas que construyen una base de conocimientos y habilidades relacionados con el desarrollo humano, las relaciones, la toma de decisiones, la abstinencia, la anticoncepci\u00f3n y la prevenci\u00f3n de enfermedades. Idealmente, la educaci\u00f3n sexual integral en la escuela deber\u00eda comenzar al menos desde el jard\u00edn de infancia y continuar hasta el \u00faltimo curso de secundaria. En cada etapa de desarrollo, estos programas ense\u00f1an informaci\u00f3n apropiada para la edad, m\u00e9dicamente precisa y culturalmente sensible que construye el conocimiento y las habilidades ense\u00f1adas en la etapa anterior.   <\/p>\n<\/div>\n<\/div>\n<\/div><\/div>\n\n\n\n<p><strong>Recursos (en ingl\u00e9s):<\/strong><\/p>\n<\/div>\n<\/div><\/div>\n\n\n\n<div class=\"wp-block-group is-vertical is-layout-flex wp-container-core-group-is-layout-8cf370e7 wp-block-group-is-layout-flex\">\n<ul class=\"wp-block-list\">\n<li><a href=\"https:\/\/schoolofsexed.org\/blog-articles\/2019\/11\/4\/what-is-sex-positivity\" target=\"_blank\" rel=\"noreferrer noopener\"><strong>Escuela de Educaci\u00f3n Sexual<\/strong><\/a><\/li>\n\n\n\n<li><strong><a href=\"https:\/\/rainbowschool.gr\/\" target=\"_blank\" rel=\"noreferrer noopener\"><\/a><a href=\"https:\/\/rainbowschool.gr\/\">Escuela Arco Iris &#8211; por una educaci\u00f3n inclusiva en materia de sexo y g\u00e9nero (S\u00d3LO EN LENGUA GRIEGA)<\/a> <\/strong><\/li>\n\n\n\n<li><a href=\"https:\/\/youtu.be\/TqBaeEWZei4?feature=shared\" target=\"_blank\" rel=\"noreferrer noopener\"><strong>\u00bfCu\u00e1les son los efectos positivos de la educaci\u00f3n sexual? Con Eva Vittoria Cammerino | Derechos <\/strong><\/a><\/li>\n\n\n\n<li><strong><a href=\"https:\/\/www.unesco.org\/en\/health-education\/cse\" target=\"_blank\" rel=\"noreferrer noopener\"><\/a><a href=\"https:\/\/www.unesco.org\/en\/health-education\/cse\">Educaci\u00f3n sexual integral: Por unos alumnos sanos, informados y empoderados | UNESCO<\/a> <\/strong><\/li>\n\n\n\n<li><a href=\"https:\/\/casel.org\/\" target=\"_blank\" rel=\"noreferrer noopener\"><strong>CASEL.org (Aprendizaje Social y Emocional Colaborativo)<\/strong><\/a><\/li>\n<\/ul>\n<\/div>\n\n\n\n<div style=\"height:30px\" aria-hidden=\"true\" class=\"wp-block-spacer\"><\/div>\n\n\n<a target=\"_self\" class=\"button small grey\" href=\"\/es\/educacion-inclusiva\/\">Atr\u00e1s<\/a>\n","protected":false},"excerpt":{"rendered":"<p>\u2022Sexo positivo: Ense\u00f1anza que reconoce que la sexualidad y el desarrollo sexual son partes naturales, normales y saludables de nuestras vidas y se abstiene de utilizar la verg\u00fcenza y el miedo para motivar a los alumnos a la abstinencia. \u2022Aprendizaje social y emocional: proceso mediante el cual ni\u00f1os y adultos adquieren y aplican eficazmente los&#8230;<\/p>\n","protected":false},"author":6,"featured_media":0,"parent":0,"menu_order":0,"comment_status":"closed","ping_status":"closed","template":"t-team.php","meta":{"footnotes":""},"class_list":["post-4360","page","type-page","status-publish","hentry"],"jetpack_sharing_enabled":true,"jetpack-related-posts":[],"_links":{"self":[{"href":"https:\/\/ewisee.eu\/es\/wp-json\/wp\/v2\/pages\/4360","targetHints":{"allow":["GET"]}}],"collection":[{"href":"https:\/\/ewisee.eu\/es\/wp-json\/wp\/v2\/pages"}],"about":[{"href":"https:\/\/ewisee.eu\/es\/wp-json\/wp\/v2\/types\/page"}],"author":[{"embeddable":true,"href":"https:\/\/ewisee.eu\/es\/wp-json\/wp\/v2\/users\/6"}],"replies":[{"embeddable":true,"href":"https:\/\/ewisee.eu\/es\/wp-json\/wp\/v2\/comments?post=4360"}],"version-history":[{"count":2,"href":"https:\/\/ewisee.eu\/es\/wp-json\/wp\/v2\/pages\/4360\/revisions"}],"predecessor-version":[{"id":4365,"href":"https:\/\/ewisee.eu\/es\/wp-json\/wp\/v2\/pages\/4360\/revisions\/4365"}],"wp:attachment":[{"href":"https:\/\/ewisee.eu\/es\/wp-json\/wp\/v2\/media?parent=4360"}],"curies":[{"name":"wp","href":"https:\/\/api.w.org\/{rel}","templated":true}]}}