{"id":2766,"date":"2015-03-25T10:50:13","date_gmt":"2015-03-25T10:50:13","guid":{"rendered":"https:\/\/ewisee.eu\/glossario\/"},"modified":"2024-09-02T02:25:59","modified_gmt":"2024-09-02T02:25:59","slug":"glossario","status":"publish","type":"page","link":"https:\/\/ewisee.eu\/it\/glossario\/","title":{"rendered":"Glossario"},"content":{"rendered":"\n<p>Il Glossario E-WISEE si propone di evidenziare e facilitare percorsi specifici di pensiero al di fuori della percezione stereotipata dell&#8217;educazione affettiva e sessuale. L&#8217;obiettivo \u00e8 quello di fungere da guida e da strumento utile quando si affronta questo tema. Pu\u00f2 aiutare i potenziali educatori a parlare di argomenti erroneamente percepiti come tab\u00f9, come i diritti umani e le loro affermazioni.   <\/p>\n\n\n\n<p><strong>Le 5 categorie di termini<\/strong><\/p>\n\n\n\n<p>Il glossario \u00e8 suddiviso in cinque categorie, ognuna delle quali riguarda un argomento diverso, ma rilevante nell&#8217;ambito dell&#8217;educazione affettiva e sessuale.<\/p>\n\n\n\n<p>Ogni categoria copre un aspetto importante dell&#8217;argomento, contiene termini diversi e mette in evidenza il maggior numero possibile di sezioni. Nel Glossario, l&#8217;utente pu\u00f2 trovare termini fondamentali e supplementari e competenze educative che possono facilitare l&#8217;attuazione di strategie educative inclusive. Le categorie non sono presentate in forma gerarchica, ma possono essere percepite come parti uguali e dinamiche della stessa &#8220;equazione&#8221;. Per comodit\u00e0, quindi, le categorie saranno elencate di seguito:   <\/p>\n\n\n<a target=\"_self\" class=\"button small hot pink\" href=\"\/it\/termini-lgbtqia\/\">TERMINI LGBTQIA+<\/a>\n\n\n<a target=\"_self\" class=\"button small hot pink\" href=\"\/it\/termini-legati-al-sesso\/\">TERMINI LEGATI AL SESSO<\/a>\n\n\n<a target=\"_self\" class=\"button small hot pink\" href=\"\/it\/termini-legati-al-genere\/\">TERMINI LEGATI AL GENERE<\/a>\n\n\n<a target=\"_self\" class=\"button small hot pink\" href=\"\/it\/comportamenti-abusanti\/\">COMPORTAMENTI ABUSANTI<\/a>\n\n\n<a target=\"_self\" class=\"button small hot pink\" href=\"\/it\/educazione-inclusiva\/\">EDUCAZIONE INCLUSIVA<\/a>\n","protected":false},"excerpt":{"rendered":"<p>Il Glossario E-WISEE si propone di evidenziare e facilitare percorsi specifici di pensiero al di fuori della percezione stereotipata dell&#8217;educazione affettiva e sessuale. L&#8217;obiettivo \u00e8 quello di fungere da guida e da strumento utile quando si affronta questo tema. Pu\u00f2 aiutare i potenziali educatori a parlare di argomenti erroneamente percepiti come tab\u00f9, come i diritti&#8230;<\/p>\n","protected":false},"author":6,"featured_media":0,"parent":0,"menu_order":0,"comment_status":"open","ping_status":"closed","template":"","meta":{"footnotes":""},"class_list":["post-2766","page","type-page","status-publish","hentry"],"jetpack_sharing_enabled":true,"jetpack-related-posts":[],"_links":{"self":[{"href":"https:\/\/ewisee.eu\/it\/wp-json\/wp\/v2\/pages\/2766","targetHints":{"allow":["GET"]}}],"collection":[{"href":"https:\/\/ewisee.eu\/it\/wp-json\/wp\/v2\/pages"}],"about":[{"href":"https:\/\/ewisee.eu\/it\/wp-json\/wp\/v2\/types\/page"}],"author":[{"embeddable":true,"href":"https:\/\/ewisee.eu\/it\/wp-json\/wp\/v2\/users\/6"}],"replies":[{"embeddable":true,"href":"https:\/\/ewisee.eu\/it\/wp-json\/wp\/v2\/comments?post=2766"}],"version-history":[{"count":10,"href":"https:\/\/ewisee.eu\/it\/wp-json\/wp\/v2\/pages\/2766\/revisions"}],"predecessor-version":[{"id":3495,"href":"https:\/\/ewisee.eu\/it\/wp-json\/wp\/v2\/pages\/2766\/revisions\/3495"}],"wp:attachment":[{"href":"https:\/\/ewisee.eu\/it\/wp-json\/wp\/v2\/media?parent=2766"}],"curies":[{"name":"wp","href":"https:\/\/api.w.org\/{rel}","templated":true}]}}