{"id":3028,"date":"2024-04-22T20:45:20","date_gmt":"2024-04-22T20:45:20","guid":{"rendered":"https:\/\/ewisee.eu\/intersex\/"},"modified":"2024-08-16T22:46:55","modified_gmt":"2024-08-16T22:46:55","slug":"intersex","status":"publish","type":"page","link":"https:\/\/ewisee.eu\/it\/intersex\/","title":{"rendered":"Intersessuale"},"content":{"rendered":"\n<p>Il termine \u00e8 usato per una variet\u00e0 di condizioni in cui una persona nasce con un&#8217;anatomia riproduttiva e\/o sessuale che non sembra adattarsi alle tipiche definizioni binarie di femmina o maschio. Le condizioni intersessuali non sono sempre riconoscibili alla nascita, oppure la consapevolezza dell&#8217;anatomia interna presente alla nascita pu\u00f2 non essere nota alla persona fino alla pubert\u00e0, se \u00e8 nota. Un termine dispregiativo precedentemente usato per gli individui intersessuali \u00e8 ermafrodito.   <\/p>\n\n\n\n<figure class=\"wp-block-image size-medium is-resized is-style-default\"><img loading=\"lazy\" decoding=\"async\" width=\"300\" height=\"200\" src=\"https:\/\/ewisee.eu\/wp-content\/uploads\/2024\/04\/Intersex-Pride-Flag-300x200.png\" alt=\"\" class=\"wp-image-1404\" style=\"width:200px\" srcset=\"https:\/\/ewisee.eu\/wp-content\/uploads\/2024\/04\/Intersex-Pride-Flag-300x200.png 300w, https:\/\/ewisee.eu\/wp-content\/uploads\/2024\/04\/Intersex-Pride-Flag-1024x683.png 1024w, https:\/\/ewisee.eu\/wp-content\/uploads\/2024\/04\/Intersex-Pride-Flag-768x512.png 768w, https:\/\/ewisee.eu\/wp-content\/uploads\/2024\/04\/Intersex-Pride-Flag-1536x1024.png 1536w, https:\/\/ewisee.eu\/wp-content\/uploads\/2024\/04\/Intersex-Pride-Flag-2048x1366.png 2048w, https:\/\/ewisee.eu\/wp-content\/uploads\/2024\/04\/Intersex-Pride-Flag-1440x960.png 1440w, https:\/\/ewisee.eu\/wp-content\/uploads\/2024\/04\/Intersex-Pride-Flag-270x180.png 270w, https:\/\/ewisee.eu\/wp-content\/uploads\/2024\/04\/Intersex-Pride-Flag-1320x880.png 1320w\" sizes=\"auto, (max-width: 300px) 100vw, 300px\" \/><figcaption class=\"wp-element-caption\">Bandiera dell&#8217;orgoglio Intersessuale<br>-Wikipedia<\/figcaption><\/figure>\n\n\n\n<div class=\"wp-block-group is-vertical is-layout-flex wp-container-core-group-is-layout-8cf370e7 wp-block-group-is-layout-flex\">\n<p><strong>Risorse:<\/strong><\/p>\n\n\n\n<ul class=\"wp-block-list\">\n<li><a href=\"https:\/\/intersexgreece.org.gr\/en\/\" target=\"_blank\" rel=\"noreferrer noopener\"><strong>Organizzazione Intersex Grecia<\/strong><\/a><strong> <\/strong><\/li>\n\n\n\n<li><a href=\"https:\/\/youtu.be\/n_5l2fwWGco?feature=shared\" target=\"_blank\" rel=\"noreferrer noopener\"><strong>Cosa significa intersessuale?<\/strong><\/a><strong>  <\/strong><\/li>\n\n\n\n<li><a href=\"https:\/\/youtu.be\/eEXpeq-38Sw?feature=shared\" target=\"_blank\" rel=\"noreferrer noopener\"><strong>Cosa significa essere intersessuale?<\/strong><\/a><\/li>\n\n\n\n<li><a href=\"https:\/\/youtu.be\/-tE-UCJyFRs?feature=shared\" target=\"_blank\" rel=\"noreferrer noopener\"><strong>N\u00e9 maschio n\u00e9 femmina &#8211; Intersex segreto (documentario su sesso e genere) | Only Human<\/strong><\/a><\/li>\n<\/ul>\n<\/div>\n\n\n\n<div style=\"height:30px\" aria-hidden=\"true\" class=\"wp-block-spacer\"><\/div>\n\n\n<a target=\"_self\" class=\"button small grey\" href=\"\/it\/termini-lgbtqia\/\">Indietro<\/a>\n","protected":false},"excerpt":{"rendered":"<p>Il termine \u00e8 usato per una variet\u00e0 di condizioni in cui una persona nasce con un&#8217;anatomia riproduttiva e\/o sessuale che non sembra adattarsi alle tipiche definizioni binarie di femmina o maschio. Le condizioni intersessuali non sono sempre riconoscibili alla nascita, oppure la consapevolezza dell&#8217;anatomia interna presente alla nascita pu\u00f2 non essere nota alla persona fino&#8230;<\/p>\n","protected":false},"author":6,"featured_media":0,"parent":0,"menu_order":0,"comment_status":"closed","ping_status":"closed","template":"t-team.php","meta":{"footnotes":""},"class_list":["post-3028","page","type-page","status-publish","hentry"],"jetpack_sharing_enabled":true,"jetpack-related-posts":[],"_links":{"self":[{"href":"https:\/\/ewisee.eu\/it\/wp-json\/wp\/v2\/pages\/3028","targetHints":{"allow":["GET"]}}],"collection":[{"href":"https:\/\/ewisee.eu\/it\/wp-json\/wp\/v2\/pages"}],"about":[{"href":"https:\/\/ewisee.eu\/it\/wp-json\/wp\/v2\/types\/page"}],"author":[{"embeddable":true,"href":"https:\/\/ewisee.eu\/it\/wp-json\/wp\/v2\/users\/6"}],"replies":[{"embeddable":true,"href":"https:\/\/ewisee.eu\/it\/wp-json\/wp\/v2\/comments?post=3028"}],"version-history":[{"count":7,"href":"https:\/\/ewisee.eu\/it\/wp-json\/wp\/v2\/pages\/3028\/revisions"}],"predecessor-version":[{"id":3035,"href":"https:\/\/ewisee.eu\/it\/wp-json\/wp\/v2\/pages\/3028\/revisions\/3035"}],"wp:attachment":[{"href":"https:\/\/ewisee.eu\/it\/wp-json\/wp\/v2\/media?parent=3028"}],"curies":[{"name":"wp","href":"https:\/\/api.w.org\/{rel}","templated":true}]}}