{"id":3080,"date":"2024-04-22T22:08:36","date_gmt":"2024-04-22T22:08:36","guid":{"rendered":"https:\/\/ewisee.eu\/bandiera-dellorgoglio\/"},"modified":"2024-08-17T00:05:35","modified_gmt":"2024-08-17T00:05:35","slug":"bandiera-dellorgoglio","status":"publish","type":"page","link":"https:\/\/ewisee.eu\/it\/bandiera-dellorgoglio\/","title":{"rendered":"La bandiera arcobaleno"},"content":{"rendered":"\n<p>La bandiera arcobaleno o bandiera dell&#8217;orgoglio simboleggia l&#8217;orgoglio LGBT e il movimento sociale LGBT. I colori riflettono la diversit\u00e0 della comunit\u00e0 LGBT e lo spettro della sessualit\u00e0 e del genere umano. L&#8217;uso della bandiera arcobaleno come simbolo dell&#8217;orgoglio LGBT \u00e8 iniziato a San Francisco, in California, ma alla fine \u00e8 diventato comune nelle manifestazioni per i diritti LGBT in tutto il mondo.  <\/p>\n\n\n\n<p>Inizialmente ideato dagli artisti Gilbert Baker, Lynn Segerblom, James McNamara e altri attivisti, il disegno ha subito diverse revisioni dopo il suo debutto nel 1978 e continua a ispirare variazioni. Sebbene la bandiera arcobaleno originale di Baker avesse otto colori, dal 1979 a oggi la variante pi\u00f9 comune \u00e8 costituita da sei strisce: rosso, arancione, giallo, verde, blu e viola. La bandiera \u00e8 tipicamente esposta in orizzontale, con la striscia rossa in cima, come in un arcobaleno naturale. La popolarit\u00e0 della bandiera arcobaleno ha influenzato la creazione e l&#8217;adozione di un&#8217;ampia variet\u00e0 di bandiere multicolore e a pi\u00f9 strisce, utilizzate per comunicare identit\u00e0 specifiche all&#8217;interno della comunit\u00e0 LGBTQIA+.   <\/p>\n\n\n\n<figure class=\"wp-block-image size-medium is-resized is-style-default\"><img loading=\"lazy\" decoding=\"async\" width=\"300\" height=\"185\" src=\"https:\/\/ewisee.eu\/wp-content\/uploads\/2024\/04\/Traditional-Pride-Flag-300x185.png\" alt=\"\" class=\"wp-image-1449\" style=\"width:200px\" srcset=\"https:\/\/ewisee.eu\/wp-content\/uploads\/2024\/04\/Traditional-Pride-Flag-300x185.png 300w, https:\/\/ewisee.eu\/wp-content\/uploads\/2024\/04\/Traditional-Pride-Flag-1024x633.png 1024w, https:\/\/ewisee.eu\/wp-content\/uploads\/2024\/04\/Traditional-Pride-Flag-768x474.png 768w, https:\/\/ewisee.eu\/wp-content\/uploads\/2024\/04\/Traditional-Pride-Flag-1536x949.png 1536w, https:\/\/ewisee.eu\/wp-content\/uploads\/2024\/04\/Traditional-Pride-Flag-1440x890.png 1440w, https:\/\/ewisee.eu\/wp-content\/uploads\/2024\/04\/Traditional-Pride-Flag-600x368.png 600w, https:\/\/ewisee.eu\/wp-content\/uploads\/2024\/04\/Traditional-Pride-Flag-270x167.png 270w, https:\/\/ewisee.eu\/wp-content\/uploads\/2024\/04\/Traditional-Pride-Flag-1320x815.png 1320w, https:\/\/ewisee.eu\/wp-content\/uploads\/2024\/04\/Traditional-Pride-Flag.png 1920w\" sizes=\"auto, (max-width: 300px) 100vw, 300px\" \/><figcaption class=\"wp-element-caption\">Bandiera tradizionale dell&#8217;orgoglio<br>-Wikipedia<\/figcaption><\/figure>\n\n\n\n<figure class=\"wp-block-image size-medium is-resized is-style-default\"><img loading=\"lazy\" decoding=\"async\" width=\"300\" height=\"190\" src=\"https:\/\/ewisee.eu\/wp-content\/uploads\/2024\/04\/Intersex-inclusive-progress-pride-flag-300x190.png\" alt=\"\" class=\"wp-image-1453\" style=\"width:200px\" srcset=\"https:\/\/ewisee.eu\/wp-content\/uploads\/2024\/04\/Intersex-inclusive-progress-pride-flag-300x190.png 300w, https:\/\/ewisee.eu\/wp-content\/uploads\/2024\/04\/Intersex-inclusive-progress-pride-flag-1024x650.png 1024w, https:\/\/ewisee.eu\/wp-content\/uploads\/2024\/04\/Intersex-inclusive-progress-pride-flag-768x488.png 768w, https:\/\/ewisee.eu\/wp-content\/uploads\/2024\/04\/Intersex-inclusive-progress-pride-flag-1536x975.png 1536w, https:\/\/ewisee.eu\/wp-content\/uploads\/2024\/04\/Intersex-inclusive-progress-pride-flag-1440x914.png 1440w, https:\/\/ewisee.eu\/wp-content\/uploads\/2024\/04\/Intersex-inclusive-progress-pride-flag-270x171.png 270w, https:\/\/ewisee.eu\/wp-content\/uploads\/2024\/04\/Intersex-inclusive-progress-pride-flag-1320x838.png 1320w, https:\/\/ewisee.eu\/wp-content\/uploads\/2024\/04\/Intersex-inclusive-progress-pride-flag.png 1920w\" sizes=\"auto, (max-width: 300px) 100vw, 300px\" \/><figcaption class=\"wp-element-caption\">Bandiera dell&#8217;Orgoglio Intersessuale Inclusivo <br>-Wikipedia<\/figcaption><\/figure>\n\n\n\n<div class=\"wp-block-group is-vertical is-layout-flex wp-container-core-group-is-layout-8cf370e7 wp-block-group-is-layout-flex\">\n<p><strong>Risorse:<\/strong><\/p>\n\n\n\n<ul class=\"wp-block-list\">\n<li><a href=\"https:\/\/youtu.be\/MjEk6lyow4M?feature=shared\" target=\"_blank\" rel=\"noreferrer noopener\"><strong>Le bandiere dell&#8217;orgoglio e il loro significato<\/strong><\/a><strong>  <\/strong><\/li>\n\n\n\n<li><a href=\"https:\/\/youtu.be\/rNNdPJ_DPPc?feature=shared\" target=\"_blank\" rel=\"noreferrer noopener\"><strong>Il significato di ogni bandiera dell&#8217;orgoglio spiegato<\/strong><\/a><strong> <\/strong><\/li>\n\n\n\n<li><a href=\"https:\/\/youtu.be\/nsphgpyPC3M?feature=shared\" target=\"_blank\" rel=\"noreferrer noopener\"><strong>La storia della bandiera dell&#8217;orgoglio arcobaleno<\/strong><\/a><\/li>\n<\/ul>\n<\/div>\n\n\n\n<div style=\"height:30px\" aria-hidden=\"true\" class=\"wp-block-spacer\"><\/div>\n\n\n<a target=\"_self\" class=\"button small grey\" href=\"\/it\/termini-lgbtqia\/\">Indietro<\/a>\n","protected":false},"excerpt":{"rendered":"<p>La bandiera arcobaleno o bandiera dell&#8217;orgoglio simboleggia l&#8217;orgoglio LGBT e il movimento sociale LGBT. I colori riflettono la diversit\u00e0 della comunit\u00e0 LGBT e lo spettro della sessualit\u00e0 e del genere umano. L&#8217;uso della bandiera arcobaleno come simbolo dell&#8217;orgoglio LGBT \u00e8 iniziato a San Francisco, in California, ma alla fine \u00e8 diventato comune nelle manifestazioni per&#8230;<\/p>\n","protected":false},"author":6,"featured_media":0,"parent":0,"menu_order":0,"comment_status":"closed","ping_status":"closed","template":"t-team.php","meta":{"footnotes":""},"class_list":["post-3080","page","type-page","status-publish","hentry"],"jetpack_sharing_enabled":true,"jetpack-related-posts":[],"_links":{"self":[{"href":"https:\/\/ewisee.eu\/it\/wp-json\/wp\/v2\/pages\/3080","targetHints":{"allow":["GET"]}}],"collection":[{"href":"https:\/\/ewisee.eu\/it\/wp-json\/wp\/v2\/pages"}],"about":[{"href":"https:\/\/ewisee.eu\/it\/wp-json\/wp\/v2\/types\/page"}],"author":[{"embeddable":true,"href":"https:\/\/ewisee.eu\/it\/wp-json\/wp\/v2\/users\/6"}],"replies":[{"embeddable":true,"href":"https:\/\/ewisee.eu\/it\/wp-json\/wp\/v2\/comments?post=3080"}],"version-history":[{"count":4,"href":"https:\/\/ewisee.eu\/it\/wp-json\/wp\/v2\/pages\/3080\/revisions"}],"predecessor-version":[{"id":3086,"href":"https:\/\/ewisee.eu\/it\/wp-json\/wp\/v2\/pages\/3080\/revisions\/3086"}],"wp:attachment":[{"href":"https:\/\/ewisee.eu\/it\/wp-json\/wp\/v2\/media?parent=3080"}],"curies":[{"name":"wp","href":"https:\/\/api.w.org\/{rel}","templated":true}]}}