{"id":3087,"date":"2024-04-22T22:11:44","date_gmt":"2024-04-22T22:11:44","guid":{"rendered":"https:\/\/ewisee.eu\/coming-out\/"},"modified":"2024-08-17T00:11:40","modified_gmt":"2024-08-17T00:11:40","slug":"coming-out","status":"publish","type":"page","link":"https:\/\/ewisee.eu\/it\/coming-out\/","title":{"rendered":"&#8220;Coming Out&#8221;"},"content":{"rendered":"\n<p>Il processo con cui una persona (LGBTQ+) dichiara la propria identit\u00e0 di genere, il proprio orientamento sessuale o qualsiasi parte della propria identit\u00e0 che questa persona vuole confermare a coloro che la circondano (che potrebbero aver pensato che fosse etero e\/o cisgender). Il coming out non avviene solo una volta, ma pi\u00f9 volte. Il coming out \u00e8 spesso stressante per le persone LGBTQ+; \u00e8 meglio non fare pressione sulle persone che devono fare coming out.  <\/p>\n\n\n\n<div class=\"wp-block-group is-vertical is-layout-flex wp-container-core-group-is-layout-8cf370e7 wp-block-group-is-layout-flex\">\n<p><strong>Risorse:<\/strong><\/p>\n\n\n\n<ul class=\"wp-block-list\">\n<li><a href=\"https:\/\/www.stonewall.org.uk\/young-futures\/lgbtq-support\/coming-out\" target=\"_blank\" rel=\"noreferrer noopener\"><strong>Coming out &#8211; Sostegno al coming out come LGBTQ+. | StonewallOrgUK <\/strong><\/a><\/li>\n\n\n\n<li><a href=\"https:\/\/youtu.be\/7biVJXzC-4o?feature=shared\" target=\"_blank\" rel=\"noreferrer noopener\"><strong>L&#8217;atto del coming out | Il documentario del New Yorker<\/strong><\/a><strong> <\/strong><\/li>\n\n\n\n<li><a href=\"https:\/\/www.youtube.com\/watch?v=7YXcg8HJs18&amp;pp=ygUQY29taW5nIG91dCBsZ2J0IA%3D%3D\" target=\"_blank\" rel=\"noreferrer noopener\"><strong>Coming Out LGBTQ+<\/strong><\/a><\/li>\n<\/ul>\n<\/div>\n\n\n\n<div style=\"height:30px\" aria-hidden=\"true\" class=\"wp-block-spacer\"><\/div>\n\n\n<a target=\"_self\" class=\"button small grey\" href=\"\/it\/termini-lgbtqia\/\">Indietro<\/a>\n","protected":false},"excerpt":{"rendered":"<p>Il processo con cui una persona (LGBTQ+) dichiara la propria identit\u00e0 di genere, il proprio orientamento sessuale o qualsiasi parte della propria identit\u00e0 che questa persona vuole confermare a coloro che la circondano (che potrebbero aver pensato che fosse etero e\/o cisgender). Il coming out non avviene solo una volta, ma pi\u00f9 volte. Il coming&#8230;<\/p>\n","protected":false},"author":6,"featured_media":0,"parent":0,"menu_order":0,"comment_status":"closed","ping_status":"closed","template":"t-team.php","meta":{"footnotes":""},"class_list":["post-3087","page","type-page","status-publish","hentry"],"jetpack_sharing_enabled":true,"jetpack-related-posts":[],"_links":{"self":[{"href":"https:\/\/ewisee.eu\/it\/wp-json\/wp\/v2\/pages\/3087","targetHints":{"allow":["GET"]}}],"collection":[{"href":"https:\/\/ewisee.eu\/it\/wp-json\/wp\/v2\/pages"}],"about":[{"href":"https:\/\/ewisee.eu\/it\/wp-json\/wp\/v2\/types\/page"}],"author":[{"embeddable":true,"href":"https:\/\/ewisee.eu\/it\/wp-json\/wp\/v2\/users\/6"}],"replies":[{"embeddable":true,"href":"https:\/\/ewisee.eu\/it\/wp-json\/wp\/v2\/comments?post=3087"}],"version-history":[{"count":4,"href":"https:\/\/ewisee.eu\/it\/wp-json\/wp\/v2\/pages\/3087\/revisions"}],"predecessor-version":[{"id":3092,"href":"https:\/\/ewisee.eu\/it\/wp-json\/wp\/v2\/pages\/3087\/revisions\/3092"}],"wp:attachment":[{"href":"https:\/\/ewisee.eu\/it\/wp-json\/wp\/v2\/media?parent=3087"}],"curies":[{"name":"wp","href":"https:\/\/api.w.org\/{rel}","templated":true}]}}