{"id":3111,"date":"2024-04-23T02:28:02","date_gmt":"2024-04-23T02:28:02","guid":{"rendered":"https:\/\/ewisee.eu\/consenso-eta-del-consenso\/"},"modified":"2024-08-27T19:03:39","modified_gmt":"2024-08-27T19:03:39","slug":"consenso-eta-del-consenso","status":"publish","type":"page","link":"https:\/\/ewisee.eu\/it\/consenso-eta-del-consenso\/","title":{"rendered":"Consenso\/et\u00e0 del consenso"},"content":{"rendered":"\n<p><strong>Consenso:<\/strong> L&#8217;accordo informato, volontario e reciproco tra persone per intraprendere un&#8217;attivit\u00e0. Il consenso non pu\u00f2 essere dato quando una persona non ha la capacit\u00e0 o l&#8217;abilit\u00e0 legale di acconsentire. <\/p>\n\n\n\n<p>Un esempio di consenso sessuale \u00e8 un accordo che si verifica tra i partner sessuali sui comportamenti che entrambi permettono di mettere in atto durante un incontro sessuale. Il consenso pu\u00f2 essere dato con parole o azioni, purch\u00e9 tali parole o azioni creino un permesso esplicito sulla volont\u00e0 di impegnarsi in un comportamento sessuale. <\/p>\n\n\n\n<p><em>&#8220;I confini sono una cosa essenziale. Di cui discutere. I confini nel sesso sono tutto, e riguardano sia ci\u00f2 che ti mete a tuo agio, sia ci\u00f2 che ti fa sentire a disagio. \u00c8 qui che entra in gioco il limite. Il &#8220;no&#8221; deve essere ascoltato. E non solo come parola. Il &#8220;no&#8221; \u00e8 un&#8217;azione. E richiede che il partner in quel momento abbia la consapevolezza di capire che l&#8217;altra persona in quel momento non vuole e non si sta divertendo. Il sesso non serve solo per avere figli! Quando facciamo sesso, credo che siamo nei nostri momenti pi\u00f9 vulnerabili. Stiamo dando e affidando il nostro corpo a una persona. Questa \u00e8 una cosa importante. Bisogna sapere che l&#8217;altra persona non vi far\u00e0 del male e che rispetter\u00e0 i limiti che avete stabilito insieme in diverse fasi, anche in quel momento. I nostri desideri cambiano. E dobbiamo fare in modo che il nostro partner li rispetti. Cambiano anche i confini di ogni coppia, come il modo in cui ci si diverte e ci\u00f2 che si vuole o non si vuole. Queste cose cambiano. Non \u00e8 lo stesso per tutti. Per questo \u00e8 necessario parlare e capire. E non operare per se stessi&#8221;. <\/em><\/p>\n\n\n\n<p><strong>Et\u00e0 del consenso:<\/strong> Et\u00e0 in cui una persona \u00e8 legalmente in grado di acconsentire a comportamenti sessuali. La maggior parte degli Stati membri dell&#8217;UE fissa questa et\u00e0 tra i 14 e i 16 anni.  <\/p>\n\n\n\n<p><em>&#8220;Un bambino a 15 anni sta ancora cercando di costruire un pensiero critico su convinzioni che si stanno formando. \u00c8 l&#8217;et\u00e0 in cui si inizia a capire come funziona il resto del mondo. Diciamo che a questo punto stiamo parlando dell&#8217;inizio della scuola superiore. Inizia a formarsi un carattere, sessuale e personale. Un&#8217;identit\u00e0. \u00c8 un&#8217;et\u00e0 critica. Stiamo parlando di un ragazzo che esplora tutto con una mentalit\u00e0 diversa. E a causa della pubert\u00e0, \u00e8 lontano dai genitori. Si tende a nascondere le cose, ecc. Questo rende ancora pi\u00f9 pericoloso dare il consenso, attraverso un quadro legale, all&#8217;et\u00e0 di 15 anni. \u00c8 un bambino. Lo si getta in un grande mare e gli si dice: &#8220;Ti do la libert\u00e0 di fare quello che vuoi&#8221;, mentre allo stesso tempo non sa nulla. E questo \u00e8 molto contraddittorio. Il pi\u00f9 delle volte sbaglia su ci\u00f2 che vuole, su cosa \u00e8 il sesso nella sua mente e con chi vuole farlo. E cade nella trappola, per motivi sociali, di andare avanti perch\u00e9 a quell&#8217;et\u00e0 c&#8217;\u00e8 competizione ed \u00e8 considerato &#8220;cool&#8221; fare sesso in giovane et\u00e0&#8221;. <\/em><\/p>\n\n\n\n<p><strong>Risorse:<\/strong><\/p>\n\n\n\n<ul class=\"wp-block-list\">\n<li><a href=\"https:\/\/youtu.be\/_fyU66jKBU0?feature=shared\" target=\"_blank\" rel=\"noreferrer noopener\"><strong>Comprendere il consenso sessuale e la legge<\/strong><\/a><\/li>\n\n\n\n<li><a href=\"https:\/\/youtu.be\/5vmsfhw-czA?feature=shared\" target=\"_blank\" rel=\"noreferrer noopener\"><strong>Il consenso spiegato: Che cos&#8217;\u00e8?<\/strong><\/a><\/li>\n\n\n\n<li><a href=\"https:\/\/youtu.be\/4z9_L9FXA3o?feature=shared\" target=\"_blank\" rel=\"noreferrer noopener\"><strong>Dire s\u00ec o no: cos&#8217;\u00e8 il consenso?<\/strong><\/a><\/li>\n\n\n\n<li><a href=\"https:\/\/youtu.be\/4qWt2qZ59w8?feature=shared\" target=\"_blank\" rel=\"noreferrer noopener\"><strong>Violenza sessuale, consenso e molestie sessuali: Qual \u00e8 la differenza?<\/strong><\/a><\/li>\n\n\n\n<li><a href=\"https:\/\/www.rainn.org\/articles\/legal-role-consent\" target=\"_blank\" rel=\"noreferrer noopener\"><strong>Ruolo legale del consenso &#8211; RAINN<\/strong><\/a><strong> <\/strong><\/li>\n<\/ul>\n\n\n\n<div style=\"height:30px\" aria-hidden=\"true\" class=\"wp-block-spacer\"><\/div>\n\n\n<a target=\"_self\" class=\"button small grey\" href=\"\/it\/termini-legati-al-sesso\/\">Indietro<\/a>\n","protected":false},"excerpt":{"rendered":"<p>Consenso: L&#8217;accordo informato, volontario e reciproco tra persone per intraprendere un&#8217;attivit\u00e0. Il consenso non pu\u00f2 essere dato quando una persona non ha la capacit\u00e0 o l&#8217;abilit\u00e0 legale di acconsentire. Un esempio di consenso sessuale \u00e8 un accordo che si verifica tra i partner sessuali sui comportamenti che entrambi permettono di mettere in atto durante un&#8230;<\/p>\n","protected":false},"author":6,"featured_media":0,"parent":0,"menu_order":0,"comment_status":"closed","ping_status":"closed","template":"t-team.php","meta":{"footnotes":""},"class_list":["post-3111","page","type-page","status-publish","hentry"],"jetpack_sharing_enabled":true,"jetpack-related-posts":[],"_links":{"self":[{"href":"https:\/\/ewisee.eu\/it\/wp-json\/wp\/v2\/pages\/3111","targetHints":{"allow":["GET"]}}],"collection":[{"href":"https:\/\/ewisee.eu\/it\/wp-json\/wp\/v2\/pages"}],"about":[{"href":"https:\/\/ewisee.eu\/it\/wp-json\/wp\/v2\/types\/page"}],"author":[{"embeddable":true,"href":"https:\/\/ewisee.eu\/it\/wp-json\/wp\/v2\/users\/6"}],"replies":[{"embeddable":true,"href":"https:\/\/ewisee.eu\/it\/wp-json\/wp\/v2\/comments?post=3111"}],"version-history":[{"count":4,"href":"https:\/\/ewisee.eu\/it\/wp-json\/wp\/v2\/pages\/3111\/revisions"}],"predecessor-version":[{"id":3115,"href":"https:\/\/ewisee.eu\/it\/wp-json\/wp\/v2\/pages\/3111\/revisions\/3115"}],"wp:attachment":[{"href":"https:\/\/ewisee.eu\/it\/wp-json\/wp\/v2\/media?parent=3111"}],"curies":[{"name":"wp","href":"https:\/\/api.w.org\/{rel}","templated":true}]}}